{"id":29992,"date":"2025-02-20T23:30:36","date_gmt":"2025-02-20T22:30:36","guid":{"rendered":"https:\/\/olemosaic.orbitalia.org\/producto\/bol-de-coco-fucsia-flor\/"},"modified":"2025-07-25T20:22:30","modified_gmt":"2025-07-25T18:22:30","slug":"taca-de-coco-fucsia-flor","status":"publish","type":"product","link":"https:\/\/olemosaic.orbitalia.org\/pt-pt\/produto\/taca-de-coco-fucsia-flor\/","title":{"rendered":"Ta\u00e7a de coco f\u00facsia. Flor."},"content":{"rendered":"<p>Esta ta\u00e7a f\u00facsia de coco \u00e9 uma pe\u00e7a decorativa vibrante que captura a ess\u00eancia da arte popular, ideal para quem procura adicionar um toque de cor ao seu lar. Elaborada artesanalmente a partir de cascas de coco, destaca-se pela sua cor f\u00facsia intensa, que real\u00e7a a natureza tropical e festiva das tradi\u00e7\u00f5es culturais. No centro, uma bela flor decorativa emerge com um design apelativo e, na borda, ador\u00e1veis cora\u00e7\u00f5es pintados \u00e0 m\u00e3o adicionam um toque delicado e l\u00fadico. A t\u00e9cnica de pintura manual garante que cada ta\u00e7a seja \u00fanica, fazendo com que a sua beleza e singularidade brilhem em qualquer espa\u00e7o onde seja exibida.<\/p>\n<p>Esta ta\u00e7a n\u00e3o \u00e9 apenas um acess\u00f3rio decorativo, mas tamb\u00e9m representa a riqueza da tradi\u00e7\u00e3o artesanal na produ\u00e7\u00e3o de recorda\u00e7\u00f5es. O seu design alegre e colorido torna-a uma excelente op\u00e7\u00e3o para turistas que procuram recorda\u00e7\u00f5es aut\u00eanticas da sua viagem, especialmente aqueles interessados em objetos que reflitam a cultura local. Na Ol\u00e9 Mosaic distribu\u00edmos ta\u00e7as de coco por grosso, perfeitas para lojas de presentes tur\u00edsticos que desejem oferecer produtos aut\u00eanticos e de alta qualidade. Esta ta\u00e7a f\u00facsia \u00e9, sem d\u00favida, uma recorda\u00e7\u00e3o encantadora que captura a ess\u00eancia alegre das tradi\u00e7\u00f5es culturais.<\/p>\n","protected":false},"excerpt":{"rendered":"<p>Ta\u00e7a de coco f\u00facsia decorada com uma flor vibrante no centro. Esta atraente ta\u00e7a, feita de coco, apresenta um design apelativo com tons f\u00facsia e detalhes em forma de cora\u00e7\u00f5es ao redor da borda. A t\u00e9cnica de design artesanal, pintada \u00e0 m\u00e3o, assegura a singularidade de cada pe\u00e7a, tornando-a um belo acess\u00f3rio decorativo. Ideal para adicionar um toque alegre e colorido a qualquer lar.<\/p>\n","protected":false},"featured_media":10190,"template":"","meta":{"_acf_changed":false},"product_brand":[],"product_cat":[513],"product_tag":[],"class_list":{"0":"post-29992","1":"product","2":"type-product","3":"status-publish","4":"has-post-thumbnail","6":"product_cat-bols","7":"pa_motivo-flores","9":"first","10":"instock","11":"shipping-taxable","12":"product-type-simple"},"acf":[],"_links":{"self":[{"href":"https:\/\/olemosaic.orbitalia.org\/pt-pt\/wp-json\/wp\/v2\/product\/29992","targetHints":{"allow":["GET"]}}],"collection":[{"href":"https:\/\/olemosaic.orbitalia.org\/pt-pt\/wp-json\/wp\/v2\/product"}],"about":[{"href":"https:\/\/olemosaic.orbitalia.org\/pt-pt\/wp-json\/wp\/v2\/types\/product"}],"wp:featuredmedia":[{"embeddable":true,"href":"https:\/\/olemosaic.orbitalia.org\/pt-pt\/wp-json\/wp\/v2\/media\/10190"}],"wp:attachment":[{"href":"https:\/\/olemosaic.orbitalia.org\/pt-pt\/wp-json\/wp\/v2\/media?parent=29992"}],"wp:term":[{"taxonomy":"product_brand","embeddable":true,"href":"https:\/\/olemosaic.orbitalia.org\/pt-pt\/wp-json\/wp\/v2\/product_brand?post=29992"},{"taxonomy":"product_cat","embeddable":true,"href":"https:\/\/olemosaic.orbitalia.org\/pt-pt\/wp-json\/wp\/v2\/product_cat?post=29992"},{"taxonomy":"product_tag","embeddable":true,"href":"https:\/\/olemosaic.orbitalia.org\/pt-pt\/wp-json\/wp\/v2\/product_tag?post=29992"}],"curies":[{"name":"wp","href":"https:\/\/api.w.org\/{rel}","templated":true}]}}