{"id":29971,"date":"2025-02-20T23:30:36","date_gmt":"2025-02-20T22:30:36","guid":{"rendered":"https:\/\/olemosaic.orbitalia.org\/producto\/bol-de-coco-fucsia-isla-lanzarote\/"},"modified":"2025-07-25T19:36:57","modified_gmt":"2025-07-25T17:36:57","slug":"taca-de-coco-fucsia-ilha-lanzarote","status":"publish","type":"product","link":"https:\/\/olemosaic.orbitalia.org\/pt-pt\/produto\/taca-de-coco-fucsia-ilha-lanzarote\/","title":{"rendered":"Ta\u00e7a de coco f\u00facsia. Ilha. Lanzarote."},"content":{"rendered":"<p>Esta ta\u00e7a de coco f\u00facsia \u00e9 uma representa\u00e7\u00e3o requintada da beleza natural de Lanzarote, ideal para quem procura uma recorda\u00e7\u00e3o aut\u00eantica das Ilhas Can\u00e1rias. Com um design muito especial, este encantador recipiente destaca-se pelo seu acabamento brilhante em tons f\u00facsia vibrantes, que evocam as paisagens vulc\u00e2nicas e o esp\u00edrito vibrante da ilha. O exterior da ta\u00e7a \u00e9 adornado com detalhes inovadores em mosaico que captam a aten\u00e7\u00e3o e acrescentam um toque art\u00edstico a qualquer espa\u00e7o.<\/p>\n<p>No seu interior, a silhueta de Lanzarote est\u00e1 elegantemente impressa, criando um belo contraste que refor\u00e7a a liga\u00e7\u00e3o cultural com a regi\u00e3o. Esta ta\u00e7a n\u00e3o s\u00f3 \u00e9 perfeita para servir aperitivos ou saladas, como tamb\u00e9m funciona como um elemento decorativo na casa, apreciado pela sua funcionalidade e beleza.<\/p>\n<p>A ta\u00e7a de coco f\u00facsia reflete a rica heran\u00e7a cultural de Lanzarote e \u00e9 uma excelente recorda\u00e7\u00e3o da sua paisagem \u00fanica. Na Ol\u00e9 Mosaic, como distribuidores de souvenirs por grosso, oferecemos produtos que se destacam pela sua autenticidade e liga\u00e7\u00e3o cultural. Esta ta\u00e7a \u00e9 uma escolha ideal para lojas de presentes tur\u00edsticos que procuram oferecer aos seus clientes uma recorda\u00e7\u00e3o significativa e representativa das Ilhas Can\u00e1rias.<\/p>\n","protected":false},"excerpt":{"rendered":"<p>Ta\u00e7a de coco f\u00facsia, inspirada na beleza natural de Lanzarote. Este encantador recipiente apresenta um design muito especial com um acabamento brilhante em tons f\u00facsia e detalhes em mosaico, que evocam a paisagem vulc\u00e2nica da ilha. No seu interior, destaca-se a silhueta de Lanzarote, elegantemente impressa. Ideal para decorar ou servir, esta ta\u00e7a de coco combina funcionalidade com um toque art\u00edstico, refletindo o rico patrim\u00f3nio cultural das Ilhas Can\u00e1rias.<\/p>\n","protected":false},"featured_media":11999,"template":"","meta":{"_acf_changed":false},"product_brand":[],"product_cat":[513],"product_tag":[],"class_list":{"0":"post-29971","1":"product","2":"type-product","3":"status-publish","4":"has-post-thumbnail","6":"product_cat-bols","7":"pa_ciudad-lanzarote","8":"pa_motivo-ilhas","9":"pa_pais-espana","11":"first","12":"instock","13":"shipping-taxable","14":"product-type-simple"},"acf":[],"_links":{"self":[{"href":"https:\/\/olemosaic.orbitalia.org\/pt-pt\/wp-json\/wp\/v2\/product\/29971","targetHints":{"allow":["GET"]}}],"collection":[{"href":"https:\/\/olemosaic.orbitalia.org\/pt-pt\/wp-json\/wp\/v2\/product"}],"about":[{"href":"https:\/\/olemosaic.orbitalia.org\/pt-pt\/wp-json\/wp\/v2\/types\/product"}],"wp:featuredmedia":[{"embeddable":true,"href":"https:\/\/olemosaic.orbitalia.org\/pt-pt\/wp-json\/wp\/v2\/media\/11999"}],"wp:attachment":[{"href":"https:\/\/olemosaic.orbitalia.org\/pt-pt\/wp-json\/wp\/v2\/media?parent=29971"}],"wp:term":[{"taxonomy":"product_brand","embeddable":true,"href":"https:\/\/olemosaic.orbitalia.org\/pt-pt\/wp-json\/wp\/v2\/product_brand?post=29971"},{"taxonomy":"product_cat","embeddable":true,"href":"https:\/\/olemosaic.orbitalia.org\/pt-pt\/wp-json\/wp\/v2\/product_cat?post=29971"},{"taxonomy":"product_tag","embeddable":true,"href":"https:\/\/olemosaic.orbitalia.org\/pt-pt\/wp-json\/wp\/v2\/product_tag?post=29971"}],"curies":[{"name":"wp","href":"https:\/\/api.w.org\/{rel}","templated":true}]}}