{"id":29970,"date":"2025-02-20T23:30:35","date_gmt":"2025-02-20T22:30:35","guid":{"rendered":"https:\/\/olemosaic.orbitalia.org\/producto\/bol-de-coco-fucsia-salamandra-mallorca-2\/"},"modified":"2025-07-25T19:03:42","modified_gmt":"2025-07-25T17:03:42","slug":"taca-de-coco-fucsia-salamandra-maiorca-2","status":"publish","type":"product","link":"https:\/\/olemosaic.orbitalia.org\/pt-pt\/produto\/taca-de-coco-fucsia-salamandra-maiorca-2\/","title":{"rendered":"Ta\u00e7a de coco f\u00facsia. Salamandra. Estilo mediterr\u00e2nico. Maiorca."},"content":{"rendered":"<p>Esta ta\u00e7a de coco f\u00facsia \u00e9 uma pe\u00e7a vibrante e cativante que captura a ess\u00eancia de Maiorca, ideal tanto para o uso di\u00e1rio como para a decora\u00e7\u00e3o. A sua cor f\u00facsia intensa e o seu acabamento brilhante tornam-na um objeto chamativo que se destaca em qualquer ambiente. No centro da ta\u00e7a, apresenta-se uma ilustra\u00e7\u00e3o estilizada de uma salamandra, s\u00edmbolo da rica biodiversidade das Ilhas Baleares, complementada com o texto &#8220;MALLORCA&#8221;, que real\u00e7a a origem do produto. A ilustra\u00e7\u00e3o \u00e9 emoldurada com um delicado motivo de cora\u00e7\u00f5es, que acrescenta um toque encantador e rom\u00e2ntico, evocando a beleza da paisagem de Maiorca.<\/p>\n<p>A liga\u00e7\u00e3o cultural desta ta\u00e7a \u00e9 profunda, uma vez que a salamandra est\u00e1 associada a lendas e cren\u00e7as da regi\u00e3o, simbolizando a transforma\u00e7\u00e3o e o renascer. Este aut\u00eantico souvenir \u00e9 perfeito para os turistas que procuram levar um peda\u00e7o da cultura de Maiorca para casa.<\/p>\n<p>Na Ol\u00e9 Mosaic, especializamo-nos na distribui\u00e7\u00e3o de souvenirs por grosso, oferecendo produtos \u00fanicos como esta ta\u00e7a de coco, que representa a tradi\u00e7\u00e3o e a arte de Maiorca. Ideal para lojas de presentes tur\u00edsticos, esta pe\u00e7a n\u00e3o s\u00f3 \u00e9 funcional, como tamb\u00e9m \u00e9 uma recorda\u00e7\u00e3o significativa e atraente que ressoa com a cultura local e a hist\u00f3ria das Ilhas Baleares.<\/p>\n","protected":false},"excerpt":{"rendered":"<p>Ta\u00e7a de coco f\u00facsia com um design emblem\u00e1tico de uma salamandra, que representa a beleza de Maiorca. Esta atraente ta\u00e7a destaca-se pela sua cor f\u00facsia vibrante e pela sua textura brilhante, ideal tanto para decora\u00e7\u00e3o como para uso di\u00e1rio. No centro, apresenta a ilustra\u00e7\u00e3o de uma salamandra numa cor contrastante, acompanhada pelo texto &#8220;MALLORCA&#8221;, tudo emoldurado por um detalhe de cora\u00e7\u00f5es que acrescenta um toque encantador. Perfeita para quem procura um souvenir aut\u00eantico das Ilhas Baleares.<\/p>\n","protected":false},"featured_media":10218,"template":"","meta":{"_acf_changed":false},"product_brand":[],"product_cat":[513],"product_tag":[516],"class_list":{"0":"post-29970","1":"product","2":"type-product","3":"status-publish","4":"has-post-thumbnail","6":"product_cat-bols","7":"product_tag-animais","8":"pa_ciudad-mallorca","9":"pa_motivo-salamandras","10":"pa_pais-espana","12":"first","13":"instock","14":"shipping-taxable","15":"product-type-simple"},"acf":[],"_links":{"self":[{"href":"https:\/\/olemosaic.orbitalia.org\/pt-pt\/wp-json\/wp\/v2\/product\/29970","targetHints":{"allow":["GET"]}}],"collection":[{"href":"https:\/\/olemosaic.orbitalia.org\/pt-pt\/wp-json\/wp\/v2\/product"}],"about":[{"href":"https:\/\/olemosaic.orbitalia.org\/pt-pt\/wp-json\/wp\/v2\/types\/product"}],"wp:featuredmedia":[{"embeddable":true,"href":"https:\/\/olemosaic.orbitalia.org\/pt-pt\/wp-json\/wp\/v2\/media\/10218"}],"wp:attachment":[{"href":"https:\/\/olemosaic.orbitalia.org\/pt-pt\/wp-json\/wp\/v2\/media?parent=29970"}],"wp:term":[{"taxonomy":"product_brand","embeddable":true,"href":"https:\/\/olemosaic.orbitalia.org\/pt-pt\/wp-json\/wp\/v2\/product_brand?post=29970"},{"taxonomy":"product_cat","embeddable":true,"href":"https:\/\/olemosaic.orbitalia.org\/pt-pt\/wp-json\/wp\/v2\/product_cat?post=29970"},{"taxonomy":"product_tag","embeddable":true,"href":"https:\/\/olemosaic.orbitalia.org\/pt-pt\/wp-json\/wp\/v2\/product_tag?post=29970"}],"curies":[{"name":"wp","href":"https:\/\/api.w.org\/{rel}","templated":true}]}}