{"id":29969,"date":"2025-02-20T23:30:35","date_gmt":"2025-02-20T22:30:35","guid":{"rendered":"https:\/\/olemosaic.orbitalia.org\/producto\/bol-de-coco-fucsia-sardina-lisboa-4\/"},"modified":"2025-07-25T19:39:41","modified_gmt":"2025-07-25T17:39:41","slug":"taca-de-coco-fucsia-sardinha-lisboa-4","status":"publish","type":"product","link":"https:\/\/olemosaic.orbitalia.org\/pt-pt\/produto\/taca-de-coco-fucsia-sardinha-lisboa-4\/","title":{"rendered":"Ta\u00e7a de coco f\u00facsia. Sardinha. Lisboa. Padr\u00e3o de cora\u00e7\u00f5es."},"content":{"rendered":"<p>Esta ta\u00e7a f\u00facsia de coco \u00e9 uma pe\u00e7a vibrante que captura a ess\u00eancia de Lisboa atrav\u00e9s do seu design alegre e colorido. Decorada com um abundante motivo de sardinhas, esta ta\u00e7a n\u00e3o s\u00f3 \u00e9 visualmente atraente, como tamb\u00e9m presta homenagem \u00e0 rica tradi\u00e7\u00e3o piscat\u00f3ria da cidade. A superf\u00edcie brilhante e polida da ta\u00e7a reflete a luz de forma deslumbrante, enquanto os detalhes em forma de cora\u00e7\u00f5es conferem um toque l\u00fadico e encantador, tornando-a uma excelente recorda\u00e7\u00e3o.<\/p>\n<p>A versatilidade desta ta\u00e7a permite utiliz\u00e1-la tanto como elemento decorativo como funcional, ideal para servir aperitivos ou como centro de mesa. A sua fabrica\u00e7\u00e3o com material de coco confere-lhe leveza e um car\u00e1ter ex\u00f3tico, o que a torna um presente memor\u00e1vel e aut\u00eantico que evoca as tradi\u00e7\u00f5es locais. Em Lisboa, a sardinha \u00e9 mais do que um simples peixe; simboliza a vida marinha e as festividades que caracterizam a cidade, como as populares festas de Santo Ant\u00f3nio.<\/p>\n<p>Na Ol\u00e9 Mosaic, orgulhamo-nos de ser distribuidores de recorda\u00e7\u00f5es \u00fanicas por grosso. Esta ta\u00e7a f\u00facsia de coco \u00e9 uma aut\u00eantica representa\u00e7\u00e3o cultural de Lisboa, perfeita para lojas de presentes tur\u00edsticos que procuram oferecer produtos que realcem a heran\u00e7a e o legado portugu\u00eas. Uma ta\u00e7a que se transformar\u00e1 numa recorda\u00e7\u00e3o carinhosa para aqueles que procuram capturar a ess\u00eancia desta maravilhosa cidade.<\/p>\n","protected":false},"excerpt":{"rendered":"<p>Ta\u00e7a de coco f\u00facsia decorada com um vibrante design de sardinhas, representativo de Lisboa. Esta atraente ta\u00e7a apresenta um acabamento brilhante e detalhes em forma de cora\u00e7\u00e3o que acrescentam um toque l\u00fadico e colorido. Ideal tanto para decorar como para usar, o seu material de coco confere-lhe leveza e um ar ex\u00f3tico, tornando-a a recorda\u00e7\u00e3o perfeita das tradi\u00e7\u00f5es lisboetas.<\/p>\n","protected":false},"featured_media":10214,"template":"","meta":{"_acf_changed":false},"product_brand":[],"product_cat":[513],"product_tag":[516],"class_list":{"0":"post-29969","1":"product","2":"type-product","3":"status-publish","4":"has-post-thumbnail","6":"product_cat-bols","7":"product_tag-animais","8":"pa_ciudad-lisboa","9":"pa_motivo-sardinhas","10":"pa_pais-portugal","12":"first","13":"instock","14":"shipping-taxable","15":"product-type-simple"},"acf":[],"_links":{"self":[{"href":"https:\/\/olemosaic.orbitalia.org\/pt-pt\/wp-json\/wp\/v2\/product\/29969","targetHints":{"allow":["GET"]}}],"collection":[{"href":"https:\/\/olemosaic.orbitalia.org\/pt-pt\/wp-json\/wp\/v2\/product"}],"about":[{"href":"https:\/\/olemosaic.orbitalia.org\/pt-pt\/wp-json\/wp\/v2\/types\/product"}],"wp:featuredmedia":[{"embeddable":true,"href":"https:\/\/olemosaic.orbitalia.org\/pt-pt\/wp-json\/wp\/v2\/media\/10214"}],"wp:attachment":[{"href":"https:\/\/olemosaic.orbitalia.org\/pt-pt\/wp-json\/wp\/v2\/media?parent=29969"}],"wp:term":[{"taxonomy":"product_brand","embeddable":true,"href":"https:\/\/olemosaic.orbitalia.org\/pt-pt\/wp-json\/wp\/v2\/product_brand?post=29969"},{"taxonomy":"product_cat","embeddable":true,"href":"https:\/\/olemosaic.orbitalia.org\/pt-pt\/wp-json\/wp\/v2\/product_cat?post=29969"},{"taxonomy":"product_tag","embeddable":true,"href":"https:\/\/olemosaic.orbitalia.org\/pt-pt\/wp-json\/wp\/v2\/product_tag?post=29969"}],"curies":[{"name":"wp","href":"https:\/\/api.w.org\/{rel}","templated":true}]}}