{"id":29951,"date":"2025-02-20T23:30:35","date_gmt":"2025-02-20T22:30:35","guid":{"rendered":"https:\/\/olemosaic.orbitalia.org\/producto\/bol-de-coco-fucsia-tortuga-mallorca-2\/"},"modified":"2025-07-25T19:02:48","modified_gmt":"2025-07-25T17:02:48","slug":"taca-de-coco-fucsia-tartaruga-maiorca-2","status":"publish","type":"product","link":"https:\/\/olemosaic.orbitalia.org\/pt-pt\/produto\/taca-de-coco-fucsia-tartaruga-maiorca-2\/","title":{"rendered":"Ta\u00e7a de coco f\u00facsia. Tartaruga. Estilo mediterr\u00e2nico. Maiorca. Baleares."},"content":{"rendered":"<p>Esta ta\u00e7a de coco f\u00facsia \u00e9 uma pe\u00e7a \u00fanica que evoca a beleza e frescura de Maiorca, ideal para quem procura uma recorda\u00e7\u00e3o aut\u00eantica da ilha. Esta atraente ta\u00e7a \u00e9 elaborada com cascas de coco, um material natural que combina sustentabilidade com design contempor\u00e2neo. A sua vibrante cor f\u00facsia atrai a aten\u00e7\u00e3o, e o seu padr\u00e3o de cora\u00e7\u00f5es, que rodeia o centro, oferece um detalhe encantador que real\u00e7a o seu car\u00e1ter festivo.<\/p>\n<p>No centro, uma simp\u00e1tica tartaruga destaca-se com eleg\u00e2ncia, simbolizando a vida marinha que adorna as \u00e1guas de Maiorca. Justo por baixo desta representa\u00e7\u00e3o, a inscri\u00e7\u00e3o &#8220;MALLORCA&#8221; confere um toque distintivo, ligando o objeto \u00e0 sua origem. Esta ta\u00e7a n\u00e3o s\u00f3 \u00e9 perfeita para servir aperitivos com estilo, como tamb\u00e9m serve como um elemento decorativo atraente, ideal para dar um toque de cor e alegria a qualquer lar.<\/p>\n<p>A liga\u00e7\u00e3o cultural com a regi\u00e3o \u00e9 ineg\u00e1vel, uma vez que a tartaruga \u00e9 uma representa\u00e7\u00e3o emblem\u00e1tica das costas maiorquinas, fazendo desta ta\u00e7a um presente que encapsula a ess\u00eancia do Mediterr\u00e2neo. Na Ol\u00e9 Mosaic, orgulhamo-nos de oferecer esta recorda\u00e7\u00e3o como uma excelente op\u00e7\u00e3o para lojas de presentes tur\u00edsticos que procuram artigos aut\u00eanticos e de qualidade, tornando-a um imprescind\u00edvel para os amantes de Maiorca e das suas maravilhas naturais.<\/p>\n","protected":false},"excerpt":{"rendered":"<p>Ta\u00e7a de coco f\u00facsia, adornada com uma simp\u00e1tica tartaruga, inspirada na beleza de Maiorca. Esta exclusiva ta\u00e7a, feita de coco, ostenta uma vibrante cor f\u00facsia, complementada com um padr\u00e3o de cora\u00e7\u00f5es que rodeia o centro. A imagem da tartaruga e a inscri\u00e7\u00e3o &#8220;MALLORCA&#8221; acrescentam um toque distintivo, perfeito para recordar as praias e a vida marinha da ilha. Ideal como elemento decorativo ou para servir aperitivos com estilo.<\/p>\n","protected":false},"featured_media":10270,"template":"","meta":{"_acf_changed":false},"product_brand":[],"product_cat":[513],"product_tag":[516],"class_list":{"0":"post-29951","1":"product","2":"type-product","3":"status-publish","4":"has-post-thumbnail","6":"product_cat-bols","7":"product_tag-animais","8":"pa_ciudad-mallorca","9":"pa_motivo-tartarugas","10":"pa_pais-espana","12":"first","13":"instock","14":"shipping-taxable","15":"product-type-simple"},"acf":[],"_links":{"self":[{"href":"https:\/\/olemosaic.orbitalia.org\/pt-pt\/wp-json\/wp\/v2\/product\/29951","targetHints":{"allow":["GET"]}}],"collection":[{"href":"https:\/\/olemosaic.orbitalia.org\/pt-pt\/wp-json\/wp\/v2\/product"}],"about":[{"href":"https:\/\/olemosaic.orbitalia.org\/pt-pt\/wp-json\/wp\/v2\/types\/product"}],"wp:featuredmedia":[{"embeddable":true,"href":"https:\/\/olemosaic.orbitalia.org\/pt-pt\/wp-json\/wp\/v2\/media\/10270"}],"wp:attachment":[{"href":"https:\/\/olemosaic.orbitalia.org\/pt-pt\/wp-json\/wp\/v2\/media?parent=29951"}],"wp:term":[{"taxonomy":"product_brand","embeddable":true,"href":"https:\/\/olemosaic.orbitalia.org\/pt-pt\/wp-json\/wp\/v2\/product_brand?post=29951"},{"taxonomy":"product_cat","embeddable":true,"href":"https:\/\/olemosaic.orbitalia.org\/pt-pt\/wp-json\/wp\/v2\/product_cat?post=29951"},{"taxonomy":"product_tag","embeddable":true,"href":"https:\/\/olemosaic.orbitalia.org\/pt-pt\/wp-json\/wp\/v2\/product_tag?post=29951"}],"curies":[{"name":"wp","href":"https:\/\/api.w.org\/{rel}","templated":true}]}}