{"id":29950,"date":"2025-02-20T23:30:35","date_gmt":"2025-02-20T22:30:35","guid":{"rendered":"https:\/\/olemosaic.orbitalia.org\/producto\/bol-de-coco-fucsia-tortuga-2\/"},"modified":"2025-07-25T20:37:31","modified_gmt":"2025-07-25T18:37:31","slug":"taca-de-coco-fucsia-tartaruga-2","status":"publish","type":"product","link":"https:\/\/olemosaic.orbitalia.org\/pt-pt\/produto\/taca-de-coco-fucsia-tartaruga-2\/","title":{"rendered":"Ta\u00e7a de coco f\u00facsia. Tartaruga. Estilo mediterr\u00e2nico."},"content":{"rendered":"<p>Esta ta\u00e7a de coco f\u00facsia \u00e9 uma pe\u00e7a excecional que captura a ess\u00eancia vibrante da cultura mar\u00edtima. Com um elegante acabamento em tons f\u00facsia, esta ta\u00e7a destaca-se pelos seus mosaicos de conchas que refletem a luz de forma deslumbrante, criando um efeito visual espetacular que transformar\u00e1 qualquer espa\u00e7o. No centro da ta\u00e7a, encontra-se uma delicada ilustra\u00e7\u00e3o de uma tartaruga, s\u00edmbolo da riqueza e biodiversidade do ambiente marinho, uma lembran\u00e7a da liga\u00e7\u00e3o com a natureza e da import\u00e2ncia da sua conserva\u00e7\u00e3o.<\/p>\n<p>A forma org\u00e2nica da ta\u00e7a acrescenta um toque distintivo, tornando-a um souvenir moderno e atraente que n\u00e3o s\u00f3 \u00e9 funcional, mas tamb\u00e9m uma pe\u00e7a de arte decorativa. Ideal para aqueles que procuram uma recorda\u00e7\u00e3o representativa durante as suas viagens, esta ta\u00e7a de coco f\u00facsia \u00e9 perfeita para lojas de presentes tur\u00edsticos que desejam oferecer produtos que realcem a cultura e beleza do ambiente local. Na Ol\u00e9 Mosaic, somos um distribuidor de arte e souvenirs por grosso, e este produto reflete a nossa dedica\u00e7\u00e3o \u00e0 autenticidade e \u00e0 qualidade. Esta ta\u00e7a n\u00e3o \u00e9 apenas um artigo decorativo; \u00e9 um pedacinho da ess\u00eancia costeira, ideal para quem deseja levar para casa uma recorda\u00e7\u00e3o aut\u00eantica e ex\u00f3tica.<\/p>\n","protected":false},"excerpt":{"rendered":"<p>Ta\u00e7a de coco f\u00facsia decorada com um design colorido e original. Esta elegante ta\u00e7a, com um acabamento em tons f\u00facsia e mosaicos de conchas que refletem a luz, apresenta no centro uma tartaruga, s\u00edmbolo da riqueza natural do ambiente marinho. O seu acabamento brilhante e a sua forma org\u00e2nica tornam-na um souvenir atraente, ideal para dar um toque ex\u00f3tico a qualquer espa\u00e7o.<\/p>\n","protected":false},"featured_media":11848,"template":"","meta":{"_acf_changed":false},"product_brand":[],"product_cat":[513],"product_tag":[516],"class_list":{"0":"post-29950","1":"product","2":"type-product","3":"status-publish","4":"has-post-thumbnail","6":"product_cat-bols","7":"product_tag-animais","8":"pa_motivo-tartarugas","10":"first","11":"instock","12":"shipping-taxable","13":"product-type-simple"},"acf":[],"_links":{"self":[{"href":"https:\/\/olemosaic.orbitalia.org\/pt-pt\/wp-json\/wp\/v2\/product\/29950","targetHints":{"allow":["GET"]}}],"collection":[{"href":"https:\/\/olemosaic.orbitalia.org\/pt-pt\/wp-json\/wp\/v2\/product"}],"about":[{"href":"https:\/\/olemosaic.orbitalia.org\/pt-pt\/wp-json\/wp\/v2\/types\/product"}],"wp:featuredmedia":[{"embeddable":true,"href":"https:\/\/olemosaic.orbitalia.org\/pt-pt\/wp-json\/wp\/v2\/media\/11848"}],"wp:attachment":[{"href":"https:\/\/olemosaic.orbitalia.org\/pt-pt\/wp-json\/wp\/v2\/media?parent=29950"}],"wp:term":[{"taxonomy":"product_brand","embeddable":true,"href":"https:\/\/olemosaic.orbitalia.org\/pt-pt\/wp-json\/wp\/v2\/product_brand?post=29950"},{"taxonomy":"product_cat","embeddable":true,"href":"https:\/\/olemosaic.orbitalia.org\/pt-pt\/wp-json\/wp\/v2\/product_cat?post=29950"},{"taxonomy":"product_tag","embeddable":true,"href":"https:\/\/olemosaic.orbitalia.org\/pt-pt\/wp-json\/wp\/v2\/product_tag?post=29950"}],"curies":[{"name":"wp","href":"https:\/\/api.w.org\/{rel}","templated":true}]}}