{"id":29946,"date":"2025-02-20T23:30:34","date_gmt":"2025-02-20T22:30:34","guid":{"rendered":"https:\/\/olemosaic.orbitalia.org\/producto\/bol-de-coco-fucsia-ibiscus-3\/"},"modified":"2025-07-25T20:22:20","modified_gmt":"2025-07-25T18:22:20","slug":"taca-de-coco-fucsia-hibisco-3","status":"publish","type":"product","link":"https:\/\/olemosaic.orbitalia.org\/pt-pt\/produto\/taca-de-coco-fucsia-hibisco-3\/","title":{"rendered":"Ta\u00e7a de coco f\u00facsia. Hibisco. Mosaico."},"content":{"rendered":"<p>Esta ta\u00e7a de coco f\u00facsia \u00e9 uma pe\u00e7a decorativa \u00fanica que captura a ess\u00eancia vibrante e tropical das ilhas. Fabricada de forma artesanal, o seu interior est\u00e1 pintado num tom f\u00facsia intenso que atrai todos os olhares, enquanto no centro ostenta um delicado design de hibisco branco, s\u00edmbolo de beleza e hospitalidade em muitas culturas insulares. A borda da ta\u00e7a apresenta um padr\u00e3o sofisticado de mosaico em tons suaves, que real\u00e7a a sua eleg\u00e2ncia e a torna o complemento perfeito para qualquer espa\u00e7o, seja em casa, num restaurante ou numa loja.<\/p>\n<p>Esta ta\u00e7a n\u00e3o s\u00f3 \u00e9 funcional, como tamb\u00e9m atua como um lembrete do calor e do estilo distintivo das ilhas. Ideal para servir aperitivos, como centro de mesa ou simplesmente como um acess\u00f3rio decorativo atraente, esta ta\u00e7a de coco \u00e9 um excelente presente original que evoca a alegria da vida insular. Na Ol\u00e9 Mosaic, orgulhamo-nos de oferecer recorda\u00e7\u00f5es aut\u00eanticas que refletem a cultura e tradi\u00e7\u00e3o das regi\u00f5es que representamos. Esta ta\u00e7a de coco f\u00facsia \u00e9 uma escolha perfeita para lojas de presentes tur\u00edsticos que procuram produtos de qualidade e relev\u00e2ncia cultural. Como grossistas de recorda\u00e7\u00f5es, garantimos que cada pe\u00e7a real\u00e7a a autenticidade e o car\u00e1ter distintivo da sua origem.<\/p>\n","protected":false},"excerpt":{"rendered":"<p>Ta\u00e7a de coco f\u00facsia com motivo de hibisco, perfeita para dar um toque vibrante a qualquer espa\u00e7o. Fabricada artesanalmente, esta ta\u00e7a apresenta um interior f\u00facsia intenso com um delicado design de flor branca no centro, rodeado por uma borda com um padr\u00e3o de mosaico em tons suaves. O seu design atraente e colorido torna-a um excelente acess\u00f3rio decorativo ou um presente original que evoca o calor e o estilo das ilhas.<\/p>\n","protected":false},"featured_media":13400,"template":"","meta":{"_acf_changed":false},"product_brand":[],"product_cat":[513],"product_tag":[],"class_list":{"0":"post-29946","1":"product","2":"type-product","3":"status-publish","4":"has-post-thumbnail","6":"product_cat-bols","7":"pa_motivo-hibisco","9":"first","10":"instock","11":"shipping-taxable","12":"product-type-simple"},"acf":[],"_links":{"self":[{"href":"https:\/\/olemosaic.orbitalia.org\/pt-pt\/wp-json\/wp\/v2\/product\/29946","targetHints":{"allow":["GET"]}}],"collection":[{"href":"https:\/\/olemosaic.orbitalia.org\/pt-pt\/wp-json\/wp\/v2\/product"}],"about":[{"href":"https:\/\/olemosaic.orbitalia.org\/pt-pt\/wp-json\/wp\/v2\/types\/product"}],"wp:featuredmedia":[{"embeddable":true,"href":"https:\/\/olemosaic.orbitalia.org\/pt-pt\/wp-json\/wp\/v2\/media\/13400"}],"wp:attachment":[{"href":"https:\/\/olemosaic.orbitalia.org\/pt-pt\/wp-json\/wp\/v2\/media?parent=29946"}],"wp:term":[{"taxonomy":"product_brand","embeddable":true,"href":"https:\/\/olemosaic.orbitalia.org\/pt-pt\/wp-json\/wp\/v2\/product_brand?post=29946"},{"taxonomy":"product_cat","embeddable":true,"href":"https:\/\/olemosaic.orbitalia.org\/pt-pt\/wp-json\/wp\/v2\/product_cat?post=29946"},{"taxonomy":"product_tag","embeddable":true,"href":"https:\/\/olemosaic.orbitalia.org\/pt-pt\/wp-json\/wp\/v2\/product_tag?post=29946"}],"curies":[{"name":"wp","href":"https:\/\/api.w.org\/{rel}","templated":true}]}}