{"id":29945,"date":"2025-02-20T23:30:34","date_gmt":"2025-02-20T22:30:34","guid":{"rendered":"https:\/\/olemosaic.orbitalia.org\/producto\/bol-de-coco-fucsia-tortuga-barcelona-3\/"},"modified":"2025-07-25T19:58:13","modified_gmt":"2025-07-25T17:58:13","slug":"taca-de-coco-fucsia-tartaruga-barcelona-3","status":"publish","type":"product","link":"https:\/\/olemosaic.orbitalia.org\/pt-pt\/produto\/taca-de-coco-fucsia-tartaruga-barcelona-3\/","title":{"rendered":"Ta\u00e7a de coco f\u00facsia. Tartaruga. Estilo mediterr\u00e2nico. Barcelona."},"content":{"rendered":"<p>Esta ta\u00e7a de coco f\u00facsia \u00e9 uma pe\u00e7a decorativa \u00fanica que captura a ess\u00eancia vibrante de Barcelona. Com um design inovador que se destaca pelo seu acabamento em mosaico, esta ta\u00e7a combina c\u00edrculos de cor f\u00facsia que contrastam com um fundo claro, criando um efeito visual alegre e moderno. No centro, uma elegante tartaruga estilizada assenta sobre uma base que filtra a luz de forma excecional, conferindo um toque de frescura e originalidade ao design. A palavra &#8220;Barcelona&#8221;, escrita com uma tipografia atraente, complementa o motivo central, fazendo com que cada utiliza\u00e7\u00e3o desta ta\u00e7a se sinta como uma liga\u00e7\u00e3o com a rica cultura desta emblem\u00e1tica cidade.<\/p>\n<p>Esta ta\u00e7a \u00e9 perfeita tanto para o uso di\u00e1rio como para pe\u00e7a decorativa, oferecendo uma fus\u00e3o perfeita entre arte e funcionalidade. O seu design colorido torna-a um excelente presente para quem procura recorda\u00e7\u00f5es de Barcelona que sejam aut\u00eanticas e representativas. Na Ol\u00e9 Mosaic, distribu\u00edmos recorda\u00e7\u00f5es de qualidade e esta ta\u00e7a de coco f\u00facsia \u00e9 um exemplo claro da nossa oferta. Como grossistas de produtos artesanais, garantimos que cada pe\u00e7a reflita a ess\u00eancia cultural espanhola, tornando-se uma recorda\u00e7\u00e3o memor\u00e1vel para turistas e visitantes. Ideal para lojas de presentes tur\u00edsticos que desejem incorporar artigos \u00fanicos e significativos no seu cat\u00e1logo.<\/p>\n","protected":false},"excerpt":{"rendered":"<p>Ta\u00e7a de coco pintada em f\u00facsia com um design de tartaruga, uma alus\u00e3o \u00e0 ess\u00eancia de Barcelona. Esta elegante ta\u00e7a destaca-se pelo seu acabamento em mosaico, com c\u00edrculos f\u00facsia que contrastam com o fundo claro, conferindo um toque vibrante e moderno. No centro, uma tartaruga estilizada ergue-se sobre uma base, acompanhada pelo texto &#8220;Barcelona&#8221; numa tipografia atraente. Ideal como pe\u00e7a decorativa ou para uso di\u00e1rio, combina arte e funcionalidade.<\/p>\n","protected":false},"featured_media":11876,"template":"","meta":{"_acf_changed":false},"product_brand":[],"product_cat":[513],"product_tag":[516],"class_list":{"0":"post-29945","1":"product","2":"type-product","3":"status-publish","4":"has-post-thumbnail","6":"product_cat-bols","7":"product_tag-animais","8":"pa_ciudad-barcelona","9":"pa_motivo-tartarugas","10":"pa_pais-espana","12":"first","13":"instock","14":"shipping-taxable","15":"product-type-simple"},"acf":[],"_links":{"self":[{"href":"https:\/\/olemosaic.orbitalia.org\/pt-pt\/wp-json\/wp\/v2\/product\/29945","targetHints":{"allow":["GET"]}}],"collection":[{"href":"https:\/\/olemosaic.orbitalia.org\/pt-pt\/wp-json\/wp\/v2\/product"}],"about":[{"href":"https:\/\/olemosaic.orbitalia.org\/pt-pt\/wp-json\/wp\/v2\/types\/product"}],"wp:featuredmedia":[{"embeddable":true,"href":"https:\/\/olemosaic.orbitalia.org\/pt-pt\/wp-json\/wp\/v2\/media\/11876"}],"wp:attachment":[{"href":"https:\/\/olemosaic.orbitalia.org\/pt-pt\/wp-json\/wp\/v2\/media?parent=29945"}],"wp:term":[{"taxonomy":"product_brand","embeddable":true,"href":"https:\/\/olemosaic.orbitalia.org\/pt-pt\/wp-json\/wp\/v2\/product_brand?post=29945"},{"taxonomy":"product_cat","embeddable":true,"href":"https:\/\/olemosaic.orbitalia.org\/pt-pt\/wp-json\/wp\/v2\/product_cat?post=29945"},{"taxonomy":"product_tag","embeddable":true,"href":"https:\/\/olemosaic.orbitalia.org\/pt-pt\/wp-json\/wp\/v2\/product_tag?post=29945"}],"curies":[{"name":"wp","href":"https:\/\/api.w.org\/{rel}","templated":true}]}}