{"id":29898,"date":"2025-02-20T23:30:32","date_gmt":"2025-02-20T22:30:32","guid":{"rendered":"https:\/\/olemosaic.orbitalia.org\/producto\/bol-de-coco-fucsia-isla-mallorca-3\/"},"modified":"2025-07-25T19:59:05","modified_gmt":"2025-07-25T17:59:05","slug":"taca-de-coco-fucsia-ilha-maiorca-3","status":"publish","type":"product","link":"https:\/\/olemosaic.orbitalia.org\/pt-pt\/produto\/taca-de-coco-fucsia-ilha-maiorca-3\/","title":{"rendered":"Ta\u00e7a de coco f\u00facsia. Ilha. Maiorca. Baleares."},"content":{"rendered":"<p>Esta ta\u00e7a de coco f\u00facsia \u00e9 uma aut\u00eantica joia artesanal que capta a ess\u00eancia vibrante de Maiorca. Elaborada com materiais org\u00e2nicos, o seu design destaca-se por um fundo brilhante adornado com motivos ovais de cor f\u00facsia que criam um efeito visual atraente. Os delicados mosaicos que comp\u00f5em a superf\u00edcie da ta\u00e7a evocam a famosa cultura da cer\u00e2mica da ilha, oferecendo um toque moderno ao mesmo tempo que preservam a tradi\u00e7\u00e3o artesanal.<\/p>\n<p>No centro da ta\u00e7a, resplandece a elegante silhueta da ilha de Maiorca, real\u00e7ada com um acabamento met\u00e1lico que acrescenta um toque de sofistica\u00e7\u00e3o. Esta pe\u00e7a n\u00e3o \u00e9 apenas funcional, mas tamb\u00e9m um elemento decorativo que pode embelezar qualquer ambiente, desde uma mesa festiva at\u00e9 uma estante. A sua combina\u00e7\u00e3o de cores vibrantes e materiais naturais torna-a um presente ideal para quem procura levar para casa um peda\u00e7o aut\u00eantico da ilha.<\/p>\n<p>Como um souvenir representativo de Maiorca, esta ta\u00e7a de coco f\u00facsia torna-se uma excelente op\u00e7\u00e3o para turistas que desejam uma recorda\u00e7\u00e3o significativa que reflita a beleza e cultura local. Na Ol\u00e9 Mosaic, especializamo-nos na distribui\u00e7\u00e3o de souvenirs aut\u00eanticos, oferecendo produtos \u00fanicos que celebram a heran\u00e7a cultural espanhola. Esta ta\u00e7a \u00e9 um exemplo perfeito de como o artesanato local se pode fundir com o design contempor\u00e2neo, tornando-se uma op\u00e7\u00e3o imprescind\u00edvel para lojas de presentes tur\u00edsticos que procuram qualidade e distin\u00e7\u00e3o.<\/p>\n","protected":false},"excerpt":{"rendered":"<p>Ta\u00e7a de coco f\u00facsia, decorada com mosaicos que evocam a beleza de Maiorca. Esta ta\u00e7a exclusiva, fabricada com material org\u00e2nico, apresenta um design vibrante com um fundo brilhante e motivos f\u00facsia em forma de ovais, criando um efeito visual atraente. No centro, destaca-se a silhueta da ilha de Maiorca, com um elegante acabamento met\u00e1lico, o que a torna uma pe\u00e7a funcional e decorativa para qualquer casa.<\/p>\n","protected":false},"featured_media":11880,"template":"","meta":{"_acf_changed":false},"product_brand":[],"product_cat":[513],"product_tag":[],"class_list":{"0":"post-29898","1":"product","2":"type-product","3":"status-publish","4":"has-post-thumbnail","6":"product_cat-bols","7":"pa_ciudad-mallorca","8":"pa_motivo-ilhas","9":"pa_pais-espana","11":"first","12":"instock","13":"shipping-taxable","14":"product-type-simple"},"acf":[],"_links":{"self":[{"href":"https:\/\/olemosaic.orbitalia.org\/pt-pt\/wp-json\/wp\/v2\/product\/29898","targetHints":{"allow":["GET"]}}],"collection":[{"href":"https:\/\/olemosaic.orbitalia.org\/pt-pt\/wp-json\/wp\/v2\/product"}],"about":[{"href":"https:\/\/olemosaic.orbitalia.org\/pt-pt\/wp-json\/wp\/v2\/types\/product"}],"wp:featuredmedia":[{"embeddable":true,"href":"https:\/\/olemosaic.orbitalia.org\/pt-pt\/wp-json\/wp\/v2\/media\/11880"}],"wp:attachment":[{"href":"https:\/\/olemosaic.orbitalia.org\/pt-pt\/wp-json\/wp\/v2\/media?parent=29898"}],"wp:term":[{"taxonomy":"product_brand","embeddable":true,"href":"https:\/\/olemosaic.orbitalia.org\/pt-pt\/wp-json\/wp\/v2\/product_brand?post=29898"},{"taxonomy":"product_cat","embeddable":true,"href":"https:\/\/olemosaic.orbitalia.org\/pt-pt\/wp-json\/wp\/v2\/product_cat?post=29898"},{"taxonomy":"product_tag","embeddable":true,"href":"https:\/\/olemosaic.orbitalia.org\/pt-pt\/wp-json\/wp\/v2\/product_tag?post=29898"}],"curies":[{"name":"wp","href":"https:\/\/api.w.org\/{rel}","templated":true}]}}