{"id":29851,"date":"2025-02-20T22:30:31","date_gmt":"2025-02-20T22:30:31","guid":{"rendered":"https:\/\/olemosaic.orbitalia.org\/producto\/bol-de-coco-fucsia-abanico\/"},"modified":"2025-07-25T18:48:52","modified_gmt":"2025-07-25T16:48:52","slug":"taca-de-coco-fucsia-leque","status":"publish","type":"product","link":"https:\/\/olemosaic.orbitalia.org\/pt-pt\/produto\/taca-de-coco-fucsia-leque\/","title":{"rendered":"Ta\u00e7a de coco f\u00facsia. Leque."},"content":{"rendered":"<p>Esta ta\u00e7a de coco f\u00facsia \u00e9 um elemento decorativo vibrante e atraente que captura a ess\u00eancia da cultura espanhola. Elaborada com coco, esta ta\u00e7a destaca-se pela sua cor f\u00facsia brilhante, que irradia alegria e vitalidade. No seu interior, um elegante design de leque, adornado com cora\u00e7\u00f5es delicados que envolvem a pe\u00e7a, acrescenta um toque de sofistica\u00e7\u00e3o sem perder o seu ar festivo. As manchas de cor que contrastam subtilmente com o fundo real\u00e7am o artesanato e o detalhe com que foi criada.<\/p>\n<p>Esta ta\u00e7a n\u00e3o \u00e9 apenas um elemento funcional, mas tamb\u00e9m uma recorda\u00e7\u00e3o aut\u00eantica que evoca o esp\u00edrito festivo e o calor da cultura espanhola. Ideal para adornar qualquer ambiente, desde casas a lojas de presentes tur\u00edsticos, o seu design art\u00edstico destaca-se em qualquer espa\u00e7o e \u00e9 perfeito para quem procura uma recorda\u00e7\u00e3o representativa. Na Ol\u00e9 Mosaic, como grossista de produtos aut\u00eanticos, oferecemos esta ta\u00e7a de coco f\u00facsia, perfeita para atrair os turistas que desejem levar um peda\u00e7o da tradi\u00e7\u00e3o espanhola. Esta recorda\u00e7\u00e3o \u00e9, sem d\u00favida, uma excelente op\u00e7\u00e3o para quem valoriza o artesanato e o design vibrante, tornando-se um tesouro que celebrar\u00e1 a alegria da sua viagem.<\/p>\n","protected":false},"excerpt":{"rendered":"<p>Ta\u00e7a de coco f\u00facsia decorada com um design vibrante que combina cora\u00e7\u00f5es e um elegante leque. Este artigo atraente, elaborado com coco, destaca-se pela sua cor f\u00facsia brilhante. As manchas delicadas e o contraste entre o fundo e os elementos decorativos real\u00e7am o seu encanto, tornando-a uma pe\u00e7a ideal para conferir um toque colorido e alegre a qualquer ambiente, evocando o esp\u00edrito festivo da cultura espanhola.<\/p>\n","protected":false},"featured_media":10194,"template":"","meta":{"_acf_changed":false},"product_brand":[],"product_cat":[513],"product_tag":[],"class_list":{"0":"post-29851","1":"product","2":"type-product","3":"status-publish","4":"has-post-thumbnail","6":"product_cat-bols","7":"pa_motivo-leques","9":"first","10":"instock","11":"shipping-taxable","12":"product-type-simple"},"acf":[],"_links":{"self":[{"href":"https:\/\/olemosaic.orbitalia.org\/pt-pt\/wp-json\/wp\/v2\/product\/29851","targetHints":{"allow":["GET"]}}],"collection":[{"href":"https:\/\/olemosaic.orbitalia.org\/pt-pt\/wp-json\/wp\/v2\/product"}],"about":[{"href":"https:\/\/olemosaic.orbitalia.org\/pt-pt\/wp-json\/wp\/v2\/types\/product"}],"wp:featuredmedia":[{"embeddable":true,"href":"https:\/\/olemosaic.orbitalia.org\/pt-pt\/wp-json\/wp\/v2\/media\/10194"}],"wp:attachment":[{"href":"https:\/\/olemosaic.orbitalia.org\/pt-pt\/wp-json\/wp\/v2\/media?parent=29851"}],"wp:term":[{"taxonomy":"product_brand","embeddable":true,"href":"https:\/\/olemosaic.orbitalia.org\/pt-pt\/wp-json\/wp\/v2\/product_brand?post=29851"},{"taxonomy":"product_cat","embeddable":true,"href":"https:\/\/olemosaic.orbitalia.org\/pt-pt\/wp-json\/wp\/v2\/product_cat?post=29851"},{"taxonomy":"product_tag","embeddable":true,"href":"https:\/\/olemosaic.orbitalia.org\/pt-pt\/wp-json\/wp\/v2\/product_tag?post=29851"}],"curies":[{"name":"wp","href":"https:\/\/api.w.org\/{rel}","templated":true}]}}