{"id":29848,"date":"2025-02-20T23:30:31","date_gmt":"2025-02-20T22:30:31","guid":{"rendered":"https:\/\/olemosaic.orbitalia.org\/producto\/bol-de-coco-fucsia-tortuga-barcelona-2\/"},"modified":"2025-07-25T20:11:58","modified_gmt":"2025-07-25T18:11:58","slug":"taca-de-coco-fucsia-tartaruga-barcelona-2","status":"publish","type":"product","link":"https:\/\/olemosaic.orbitalia.org\/pt-pt\/produto\/taca-de-coco-fucsia-tartaruga-barcelona-2\/","title":{"rendered":"Ta\u00e7a de coco f\u00facsia. Tartaruga. Barcelona. Padr\u00e3o floral."},"content":{"rendered":"<p>Esta ta\u00e7a de coco f\u00facsia \u00e9 um artigo decorativo exclusivo que captura a ess\u00eancia vibrante de Barcelona. O seu interior, num tom f\u00facsia audaz, resplandece com detalhes nacarados que real\u00e7am a figura central de uma tartaruga, s\u00edmbolo de prote\u00e7\u00e3o e longevidade na cultura mediterr\u00e2nica. Esta tartaruga est\u00e1 delicadamente rodeada de flores, criando uma cena visualmente cativante que evoca a riqueza natural da regi\u00e3o.<\/p>\n<p>O rebordo da ta\u00e7a apresenta um padr\u00e3o inspirado no famoso mosaico de Gaud\u00ed, o que converte cada pe\u00e7a numa homenagem ao modernismo catal\u00e3o. Esta ta\u00e7a n\u00e3o s\u00f3 serve como um objeto funcional, mas tamb\u00e9m como uma excelente representa\u00e7\u00e3o da cultura catal\u00e3, ideal para quem procura uma recorda\u00e7\u00e3o aut\u00eantica e significativa da sua visita a Barcelona.<\/p>\n<p>Na Ol\u00e9 Mosaic, o nosso objetivo \u00e9 oferecer recorda\u00e7\u00f5es que contem hist\u00f3rias e reflitam a tradi\u00e7\u00e3o local. Esta ta\u00e7a de coco f\u00facsia n\u00e3o s\u00f3 \u00e9 uma bela recorda\u00e7\u00e3o, mas tamb\u00e9m uma pe\u00e7a que enriquece a casa e a decora\u00e7\u00e3o. Perfeita para lojas de presentes tur\u00edsticos, esta ta\u00e7a artesanal \u00e9 uma op\u00e7\u00e3o ideal para aqueles que apreciam o artesanato e o design aut\u00eantico. Como grossista de produtos culturais, garantimos qualidade e autenticidade em cada pe\u00e7a que distribu\u00edmos.<\/p>\n","protected":false},"excerpt":{"rendered":"<p>Ta\u00e7a de coco f\u00facsia decorada com uma preciosa tartaruga, que evoca a ess\u00eancia de Barcelona. O seu interior, de tons f\u00facsia vibrantes, apresenta detalhes nacarados que real\u00e7am a figura central da tartaruga, rodeada de flores delicadas. O rebordo da ta\u00e7a mostra um padr\u00e3o que recorda o mosaico t\u00edpico da cidade. Este produto artesanal \u00e9 ideal como objeto decorativo ou como uma recorda\u00e7\u00e3o original da cultura catal\u00e3.<\/p>\n","protected":false},"featured_media":11766,"template":"","meta":{"_acf_changed":false},"product_brand":[],"product_cat":[513],"product_tag":[516],"class_list":{"0":"post-29848","1":"product","2":"type-product","3":"status-publish","4":"has-post-thumbnail","6":"product_cat-bols","7":"product_tag-animais","8":"pa_ciudad-barcelona","9":"pa_motivo-tartarugas","10":"pa_pais-espana","12":"first","13":"instock","14":"shipping-taxable","15":"product-type-simple"},"acf":[],"_links":{"self":[{"href":"https:\/\/olemosaic.orbitalia.org\/pt-pt\/wp-json\/wp\/v2\/product\/29848","targetHints":{"allow":["GET"]}}],"collection":[{"href":"https:\/\/olemosaic.orbitalia.org\/pt-pt\/wp-json\/wp\/v2\/product"}],"about":[{"href":"https:\/\/olemosaic.orbitalia.org\/pt-pt\/wp-json\/wp\/v2\/types\/product"}],"wp:featuredmedia":[{"embeddable":true,"href":"https:\/\/olemosaic.orbitalia.org\/pt-pt\/wp-json\/wp\/v2\/media\/11766"}],"wp:attachment":[{"href":"https:\/\/olemosaic.orbitalia.org\/pt-pt\/wp-json\/wp\/v2\/media?parent=29848"}],"wp:term":[{"taxonomy":"product_brand","embeddable":true,"href":"https:\/\/olemosaic.orbitalia.org\/pt-pt\/wp-json\/wp\/v2\/product_brand?post=29848"},{"taxonomy":"product_cat","embeddable":true,"href":"https:\/\/olemosaic.orbitalia.org\/pt-pt\/wp-json\/wp\/v2\/product_cat?post=29848"},{"taxonomy":"product_tag","embeddable":true,"href":"https:\/\/olemosaic.orbitalia.org\/pt-pt\/wp-json\/wp\/v2\/product_tag?post=29848"}],"curies":[{"name":"wp","href":"https:\/\/api.w.org\/{rel}","templated":true}]}}