{"id":29847,"date":"2025-02-20T22:30:30","date_gmt":"2025-02-20T22:30:30","guid":{"rendered":"https:\/\/olemosaic.orbitalia.org\/producto\/bol-de-coco-fucsia-isla-gran-canaria\/"},"modified":"2025-07-25T18:52:28","modified_gmt":"2025-07-25T16:52:28","slug":"taca-de-coco-fucsia-ilha-gran-canaria","status":"publish","type":"product","link":"https:\/\/olemosaic.orbitalia.org\/pt-pt\/produto\/taca-de-coco-fucsia-ilha-gran-canaria\/","title":{"rendered":"Ta\u00e7a de coco f\u00facsia. Ilha. Gran Canaria."},"content":{"rendered":"<p>Esta ta\u00e7a f\u00facsia de coco \u00e9 uma recorda\u00e7\u00e3o encantadora que reflete a beleza vibrante de Gran Canaria. O seu design artesanal destaca-se pelo seu acabamento num f\u00facsia intenso, que evoca o calor do sol can\u00e1rio e a alegria da flora local. No interior, a ta\u00e7a apresenta um padr\u00e3o precioso com detalhes em forma de cora\u00e7\u00f5es, conferindo um ar festivo e colorido que a torna uma pe\u00e7a ideal para qualquer ocasi\u00e3o. A inscri\u00e7\u00e3o &#8220;Gran Canaria&#8221; no centro n\u00e3o s\u00f3 real\u00e7a a sua origem, mas tamb\u00e9m a torna uma recorda\u00e7\u00e3o tang\u00edvel da sua visita a esta ilustre ilha.<\/p>\n<p>Fabricada a partir de materiais sustent\u00e1veis, esta ta\u00e7a n\u00e3o s\u00f3 \u00e9 esteticamente atraente, como tamb\u00e9m representa uma op\u00e7\u00e3o respons\u00e1vel para quem procura produtos ecol\u00f3gicos. Al\u00e9m da sua funcionalidade para servir aperitivos ou doces, o seu design decorativo torna-a um elemento encantador para adornar qualquer canto da casa. Ao adquirir esta ta\u00e7a, os turistas ter\u00e3o uma recorda\u00e7\u00e3o aut\u00eantica de Gran Canaria, perfeita para levar consigo um peda\u00e7o da sua cultura vibrante. Na Ol\u00e9 Mosaic, somos distribuidores de recorda\u00e7\u00f5es por grosso, e esta ta\u00e7a de coco \u00e9 uma excelente escolha para lojas de presentes tur\u00edsticos que desejem oferecer artigos que capturam a ess\u00eancia da ilha.<\/p>\n","protected":false},"excerpt":{"rendered":"<p>Ta\u00e7a de coco f\u00facsia, inspirada na beleza natural de Gran Canaria. Este artigo artesanal apresenta um design vibrante com um acabamento f\u00facsia e detalhes em forma de cora\u00e7\u00e3o, que lhe conferem um toque festivo e colorido. A ta\u00e7a est\u00e1 decorada com a inscri\u00e7\u00e3o \u201cGran Canaria\u201d no centro, o que real\u00e7a a sua origem. Fabricada com material sustent\u00e1vel, \u00e9 perfeita para servir aperitivos ou como elemento decorativo em qualquer casa.<\/p>\n","protected":false},"featured_media":10202,"template":"","meta":{"_acf_changed":false},"product_brand":[],"product_cat":[513],"product_tag":[],"class_list":{"0":"post-29847","1":"product","2":"type-product","3":"status-publish","4":"has-post-thumbnail","6":"product_cat-bols","7":"pa_ciudad-gran-canaria","8":"pa_motivo-ilhas","9":"pa_pais-espana","11":"first","12":"instock","13":"shipping-taxable","14":"product-type-simple"},"acf":[],"_links":{"self":[{"href":"https:\/\/olemosaic.orbitalia.org\/pt-pt\/wp-json\/wp\/v2\/product\/29847","targetHints":{"allow":["GET"]}}],"collection":[{"href":"https:\/\/olemosaic.orbitalia.org\/pt-pt\/wp-json\/wp\/v2\/product"}],"about":[{"href":"https:\/\/olemosaic.orbitalia.org\/pt-pt\/wp-json\/wp\/v2\/types\/product"}],"wp:featuredmedia":[{"embeddable":true,"href":"https:\/\/olemosaic.orbitalia.org\/pt-pt\/wp-json\/wp\/v2\/media\/10202"}],"wp:attachment":[{"href":"https:\/\/olemosaic.orbitalia.org\/pt-pt\/wp-json\/wp\/v2\/media?parent=29847"}],"wp:term":[{"taxonomy":"product_brand","embeddable":true,"href":"https:\/\/olemosaic.orbitalia.org\/pt-pt\/wp-json\/wp\/v2\/product_brand?post=29847"},{"taxonomy":"product_cat","embeddable":true,"href":"https:\/\/olemosaic.orbitalia.org\/pt-pt\/wp-json\/wp\/v2\/product_cat?post=29847"},{"taxonomy":"product_tag","embeddable":true,"href":"https:\/\/olemosaic.orbitalia.org\/pt-pt\/wp-json\/wp\/v2\/product_tag?post=29847"}],"curies":[{"name":"wp","href":"https:\/\/api.w.org\/{rel}","templated":true}]}}