{"id":29790,"date":"2025-02-20T22:30:29","date_gmt":"2025-02-20T22:30:29","guid":{"rendered":"https:\/\/olemosaic.orbitalia.org\/producto\/bol-de-coco-fucsia-ibiscus-2\/"},"modified":"2025-07-25T19:59:00","modified_gmt":"2025-07-25T17:59:00","slug":"taca-de-coco-fucsia-hibisco-2","status":"publish","type":"product","link":"https:\/\/olemosaic.orbitalia.org\/pt-pt\/produto\/taca-de-coco-fucsia-hibisco-2\/","title":{"rendered":"Ta\u00e7a de coco f\u00facsia. Hibisco."},"content":{"rendered":"<p>Esta ta\u00e7a de coco f\u00facsia \u00e9 um aut\u00eantico reflexo do vibrante ambiente tropical que caracteriza as regi\u00f5es ensolaradas. Decorada com delicados mosaicos em tons f\u00facsia, esta espetacular ta\u00e7a n\u00e3o s\u00f3 \u00e9 funcional, como tamb\u00e9m se ergue como uma pe\u00e7a decorativa de grande apelo visual. A base branca contrasta maravilhosamente com as pe\u00e7as de coco, criando um efeito luminoso que evoca a luz do sol em praias paradis\u00edacas. No centro, um motivo art\u00edstico de hibisco destaca-se, simbolizando a beleza da flora tropical, e a sua presen\u00e7a adiciona um toque de eleg\u00e2ncia e frescura. Perfeita para servir aperitivos ou como ponto focal em qualquer espa\u00e7o, esta ta\u00e7a captura a ess\u00eancia do ver\u00e3o, ideal para levar a alegria da natureza para o seu lar.<\/p>\n<p>Este souvenir \u00e9 uma excelente escolha para quem procura uma recorda\u00e7\u00e3o aut\u00eantica das suas viagens, pois \u00e9 representativo da rica cultura artesanal de Espanha e Portugal, onde a arte do mosaico e o design vibrante s\u00e3o parte fundamental do patrim\u00f3nio. Na Ol\u00e9 Mosaic, dedicamo-nos \u00e0 distribui\u00e7\u00e3o de souvenirs por grosso, garantindo qualidade e autenticidade em cada produto, o que torna esta ta\u00e7a f\u00facsia uma op\u00e7\u00e3o perfeita para lojas de presentes tur\u00edsticos que desejam oferecer artigos que n\u00e3o s\u00f3 sejam belos, mas tamb\u00e9m representativos da cultura local.<\/p>\n","protected":false},"excerpt":{"rendered":"<p>Ta\u00e7a de coco f\u00facsia, decorada com motivos de hibisco. Esta singular ta\u00e7a apresenta um design colorido com mosaicos em tons f\u00facsia, criando um efeito vibrante e atraente. A base branca contrasta com as pe\u00e7as de coco, conferindo eleg\u00e2ncia e frescura. Ideal para servir aperitivos ou como elemento decorativo, esta ta\u00e7a captura a ess\u00eancia do ambiente tropical, evocando paisagens ensolaradas e jogos de luzes na \u00e1gua. Perfeita para decorar qualquer espa\u00e7o.<\/p>\n","protected":false},"featured_media":13509,"template":"","meta":{"_acf_changed":false},"product_brand":[],"product_cat":[513],"product_tag":[],"class_list":{"0":"post-29790","1":"product","2":"type-product","3":"status-publish","4":"has-post-thumbnail","6":"product_cat-bols","7":"pa_motivo-hibisco","9":"first","10":"instock","11":"shipping-taxable","12":"product-type-simple"},"acf":[],"_links":{"self":[{"href":"https:\/\/olemosaic.orbitalia.org\/pt-pt\/wp-json\/wp\/v2\/product\/29790","targetHints":{"allow":["GET"]}}],"collection":[{"href":"https:\/\/olemosaic.orbitalia.org\/pt-pt\/wp-json\/wp\/v2\/product"}],"about":[{"href":"https:\/\/olemosaic.orbitalia.org\/pt-pt\/wp-json\/wp\/v2\/types\/product"}],"wp:featuredmedia":[{"embeddable":true,"href":"https:\/\/olemosaic.orbitalia.org\/pt-pt\/wp-json\/wp\/v2\/media\/13509"}],"wp:attachment":[{"href":"https:\/\/olemosaic.orbitalia.org\/pt-pt\/wp-json\/wp\/v2\/media?parent=29790"}],"wp:term":[{"taxonomy":"product_brand","embeddable":true,"href":"https:\/\/olemosaic.orbitalia.org\/pt-pt\/wp-json\/wp\/v2\/product_brand?post=29790"},{"taxonomy":"product_cat","embeddable":true,"href":"https:\/\/olemosaic.orbitalia.org\/pt-pt\/wp-json\/wp\/v2\/product_cat?post=29790"},{"taxonomy":"product_tag","embeddable":true,"href":"https:\/\/olemosaic.orbitalia.org\/pt-pt\/wp-json\/wp\/v2\/product_tag?post=29790"}],"curies":[{"name":"wp","href":"https:\/\/api.w.org\/{rel}","templated":true}]}}