{"id":29787,"date":"2025-02-20T23:30:29","date_gmt":"2025-02-20T22:30:29","guid":{"rendered":"https:\/\/olemosaic.orbitalia.org\/producto\/bol-de-coco-fucsia-sardina-lisboa-3\/"},"modified":"2025-07-25T20:20:52","modified_gmt":"2025-07-25T18:20:52","slug":"taca-de-coco-fucsia-sardinha-lisboa-3","status":"publish","type":"product","link":"https:\/\/olemosaic.orbitalia.org\/pt-pt\/produto\/taca-de-coco-fucsia-sardinha-lisboa-3\/","title":{"rendered":"Ta\u00e7a de coco f\u00facsia. Sardinha. Lisboa. Azulejos portugueses."},"content":{"rendered":"<p>Esta ta\u00e7a de coco f\u00facsia \u00e9 uma recorda\u00e7\u00e3o atraente que captura a ess\u00eancia vibrante de Lisboa, combinando tradi\u00e7\u00e3o e modernidade num design \u00fanico. O seu fundo f\u00facsia brilhante n\u00e3o s\u00f3 se destaca pela sua cor chamativa, mas tamb\u00e9m est\u00e1 adornado com um motivo central de sardinha, um elemento significativo da cultura piscat\u00f3ria da cidade. A palavra \u201cLISBOA\u201d est\u00e1 elegantemente incorporada, oferecendo um toque de autenticidade que converte esta ta\u00e7a numa pe\u00e7a representativa da regi\u00e3o. A estrutura de coco confere-lhe um encanto natural e distintivo, enquanto os detalhes que simulam um mosaico evocam os famosos azulejos que decoram muitas ruas de Lisboa.<\/p>\n<p>Esta ta\u00e7a n\u00e3o s\u00f3 \u00e9 ideal para a decora\u00e7\u00e3o, como tamb\u00e9m \u00e9 pr\u00e1tica para o uso di\u00e1rio, adicionando um toque de cor e estilo a qualquer espa\u00e7o. Al\u00e9m disso, \u00e9 uma excelente recorda\u00e7\u00e3o para aqueles que desejam levar um peda\u00e7o da cultura portuguesa para casa. A Ol\u00e9 Mosaic orgulha-se de oferecer recorda\u00e7\u00f5es de qualidade, e esta ta\u00e7a de coco f\u00facsia posiciona-se como uma op\u00e7\u00e3o excecional para lojas de presentes tur\u00edsticos que procuram produtos aut\u00eanticos que conectem com a rica heran\u00e7a cultural de Lisboa. Ideal para quem procura recorda\u00e7\u00f5es \u00fanicas, esta ta\u00e7a \u00e9 perfeita para os amantes de produtos artesanais e detalhes distintivos.<\/p>\n","protected":false},"excerpt":{"rendered":"<p>Ta\u00e7a de coco f\u00facsia, decorada com um design que evoca a tradi\u00e7\u00e3o piscat\u00f3ria de Lisboa. Esta atraente ta\u00e7a apresenta um fundo f\u00facsia brilhante com um motivo central de uma sardinha e a palavra \u201cLISBOA\u201d, tudo num acabamento moderno e vibrante. A estrutura de coco confere um toque natural, complementado por detalhes que simulam um mosaico, o que torna esta ta\u00e7a um elemento ideal para a decora\u00e7\u00e3o ou o uso di\u00e1rio, adicionando um toque de cor a qualquer espa\u00e7o.<\/p>\n","protected":false},"featured_media":11798,"template":"","meta":{"_acf_changed":false},"product_brand":[],"product_cat":[513],"product_tag":[516],"class_list":{"0":"post-29787","1":"product","2":"type-product","3":"status-publish","4":"has-post-thumbnail","6":"product_cat-bols","7":"product_tag-animais","8":"pa_ciudad-lisboa","9":"pa_motivo-sardinhas","10":"pa_pais-portugal","12":"first","13":"instock","14":"shipping-taxable","15":"product-type-simple"},"acf":[],"_links":{"self":[{"href":"https:\/\/olemosaic.orbitalia.org\/pt-pt\/wp-json\/wp\/v2\/product\/29787","targetHints":{"allow":["GET"]}}],"collection":[{"href":"https:\/\/olemosaic.orbitalia.org\/pt-pt\/wp-json\/wp\/v2\/product"}],"about":[{"href":"https:\/\/olemosaic.orbitalia.org\/pt-pt\/wp-json\/wp\/v2\/types\/product"}],"wp:featuredmedia":[{"embeddable":true,"href":"https:\/\/olemosaic.orbitalia.org\/pt-pt\/wp-json\/wp\/v2\/media\/11798"}],"wp:attachment":[{"href":"https:\/\/olemosaic.orbitalia.org\/pt-pt\/wp-json\/wp\/v2\/media?parent=29787"}],"wp:term":[{"taxonomy":"product_brand","embeddable":true,"href":"https:\/\/olemosaic.orbitalia.org\/pt-pt\/wp-json\/wp\/v2\/product_brand?post=29787"},{"taxonomy":"product_cat","embeddable":true,"href":"https:\/\/olemosaic.orbitalia.org\/pt-pt\/wp-json\/wp\/v2\/product_cat?post=29787"},{"taxonomy":"product_tag","embeddable":true,"href":"https:\/\/olemosaic.orbitalia.org\/pt-pt\/wp-json\/wp\/v2\/product_tag?post=29787"}],"curies":[{"name":"wp","href":"https:\/\/api.w.org\/{rel}","templated":true}]}}