{"id":29744,"date":"2025-02-20T22:30:28","date_gmt":"2025-02-20T22:30:28","guid":{"rendered":"https:\/\/olemosaic.orbitalia.org\/producto\/bol-de-coco-fucsia-salamandra-mallorca\/"},"modified":"2025-07-25T20:37:54","modified_gmt":"2025-07-25T18:37:54","slug":"taca-de-coco-fucsia-salamandra-maiorca","status":"publish","type":"product","link":"https:\/\/olemosaic.orbitalia.org\/pt-pt\/produto\/taca-de-coco-fucsia-salamandra-maiorca\/","title":{"rendered":"Ta\u00e7a de coco f\u00facsia. Salamandra. Maiorca."},"content":{"rendered":"<p>Esta ta\u00e7a de coco f\u00facsia, decorada com uma salamandra, \u00e9 uma aut\u00eantica joia artesanal representativa de Maiorca. O seu fundo f\u00facsia vibrante real\u00e7a a rica heran\u00e7a cultural das Ilhas Baleares, enquanto o emblem\u00e1tico design da salamandra, que emerge no centro com um acabamento de mosaico em tons creme, n\u00e3o s\u00f3 \u00e9 visualmente atraente, como tamb\u00e9m simboliza a biodiversidade \u00fanica da regi\u00e3o. A palavra &#8220;MALLORCA&#8221;, destacada com nitidez, refor\u00e7a a autenticidade deste produto, tornando-o uma recorda\u00e7\u00e3o ideal para quem visita a ilha.<\/p>\n<p>A ta\u00e7a \u00e9 elaborada a partir da casca de coco, o que a torna leve e f\u00e1cil de manusear, ao mesmo tempo que apresenta um acabamento meticuloso que funde arte e tradi\u00e7\u00e3o. Esta pe\u00e7a n\u00e3o s\u00f3 \u00e9 funcional, como tamb\u00e9m serve como um adorno atraente que pode dar um toque de cor a qualquer espa\u00e7o da casa. Os detalhes do mosaico, tal como a sua cor brilhante, refletem o calor e a vivacidade da cultura maiorquina, tornando esta ta\u00e7a um aut\u00eantico souvenir que captura a ess\u00eancia da ilha.<\/p>\n<p>Para as lojas de presentes tur\u00edsticos, esta ta\u00e7a de coco f\u00facsia \u00e9 uma op\u00e7\u00e3o excecional que se destaca em qualquer prateleira, ideal para turistas que procuram souvenirs de qualidade e com car\u00e1cter. Na Ol\u00e9 Mosaic, como distribuidores de souvenirs por grosso, oferecemos artigos que n\u00e3o s\u00f3 s\u00e3o belos, como tamb\u00e9m contam uma hist\u00f3ria cultural significativa.<\/p>\n","protected":false},"excerpt":{"rendered":"<p>Ta\u00e7a de coco f\u00facsia decorada com uma salamandra, representativa de Maiorca. Esta ta\u00e7a chamativa apresenta um fundo f\u00facsia vibrante com uma salamandra no centro, e \u00e9 embelezada com um acabamento de mosaico em tons creme. A palavra &#8220;MALLORCA&#8221; destaca-se, fazendo alus\u00e3o \u00e0 sua origem. Elaborada a partir da casca de coco, \u00e9 ideal para dar um toque \u00fanico e colorido a qualquer canto da sua casa.<\/p>\n","protected":false},"featured_media":11774,"template":"","meta":{"_acf_changed":false},"product_brand":[],"product_cat":[513],"product_tag":[516],"class_list":{"0":"post-29744","1":"product","2":"type-product","3":"status-publish","4":"has-post-thumbnail","6":"product_cat-bols","7":"product_tag-animais","8":"pa_ciudad-mallorca","9":"pa_motivo-salamandras","10":"pa_pais-espana","12":"first","13":"instock","14":"shipping-taxable","15":"product-type-simple"},"acf":[],"_links":{"self":[{"href":"https:\/\/olemosaic.orbitalia.org\/pt-pt\/wp-json\/wp\/v2\/product\/29744","targetHints":{"allow":["GET"]}}],"collection":[{"href":"https:\/\/olemosaic.orbitalia.org\/pt-pt\/wp-json\/wp\/v2\/product"}],"about":[{"href":"https:\/\/olemosaic.orbitalia.org\/pt-pt\/wp-json\/wp\/v2\/types\/product"}],"wp:featuredmedia":[{"embeddable":true,"href":"https:\/\/olemosaic.orbitalia.org\/pt-pt\/wp-json\/wp\/v2\/media\/11774"}],"wp:attachment":[{"href":"https:\/\/olemosaic.orbitalia.org\/pt-pt\/wp-json\/wp\/v2\/media?parent=29744"}],"wp:term":[{"taxonomy":"product_brand","embeddable":true,"href":"https:\/\/olemosaic.orbitalia.org\/pt-pt\/wp-json\/wp\/v2\/product_brand?post=29744"},{"taxonomy":"product_cat","embeddable":true,"href":"https:\/\/olemosaic.orbitalia.org\/pt-pt\/wp-json\/wp\/v2\/product_cat?post=29744"},{"taxonomy":"product_tag","embeddable":true,"href":"https:\/\/olemosaic.orbitalia.org\/pt-pt\/wp-json\/wp\/v2\/product_tag?post=29744"}],"curies":[{"name":"wp","href":"https:\/\/api.w.org\/{rel}","templated":true}]}}