{"id":29743,"date":"2025-02-20T22:30:28","date_gmt":"2025-02-20T22:30:28","guid":{"rendered":"https:\/\/olemosaic.orbitalia.org\/producto\/bol-de-coco-fucsia-salamandra-tenerife-2\/"},"modified":"2025-07-25T19:51:57","modified_gmt":"2025-07-25T17:51:57","slug":"taca-de-coco-fucsia-salamandra-tenerife-2","status":"publish","type":"product","link":"https:\/\/olemosaic.orbitalia.org\/pt-pt\/produto\/taca-de-coco-fucsia-salamandra-tenerife-2\/","title":{"rendered":"Ta\u00e7a de coco f\u00facsia. Salamandra. Tenerife."},"content":{"rendered":"<p>Esta ta\u00e7a de coco f\u00facsia decorada com uma salamandra \u00e9 uma aut\u00eantica joia que representa a cultura can\u00e1ria, especialmente a de Tenerife. O seu design vibrante combina um fundo em tons claros com uma s\u00e9rie de pontos f\u00facsia que criam um efeito visual artesanal e impactante. No centro, destaca-se uma elegante salamandra castanha que ressalta com for\u00e7a sobre o fundo, juntamente com a inscri\u00e7\u00e3o &#8220;Tenerife&#8221;, o que a torna uma recorda\u00e7\u00e3o ideal desta bela ilha.<\/p>\n<p>Fabricada com cuidado e destreza, esta ta\u00e7a n\u00e3o s\u00f3 \u00e9 funcional, como tamb\u00e9m \u00e9 uma pe\u00e7a decorativa requintada para qualquer espa\u00e7o. As cores vivas da ta\u00e7a acrescentam um toque de alegria e autenticidade \u00e0 decora\u00e7\u00e3o, evocando as paisagens e a fauna de Tenerife. A salamandra, s\u00edmbolo de adaptabilidade e renova\u00e7\u00e3o, refor\u00e7a a liga\u00e7\u00e3o cultural com a regi\u00e3o, fazendo desta ta\u00e7a um souvenir significativo para quem visita as Ilhas Can\u00e1rias.<\/p>\n<p>Na Ol\u00e9 Mosaic, somos distribuidores de souvenirs por grosso e esta ta\u00e7a de coco f\u00facsia \u00e9 uma op\u00e7\u00e3o perfeita para lojas de presentes tur\u00edsticos que procuram oferecer produtos de qualidade. O seu design atraente e relev\u00e2ncia cultural tornam-na uma recorda\u00e7\u00e3o representativa que encantar\u00e1 turistas e amantes do artesanato can\u00e1rio.<\/p>\n","protected":false},"excerpt":{"rendered":"<p>Ta\u00e7a de coco f\u00facsia decorada com uma salamandra, um elemento representativo de Tenerife. Esta ta\u00e7a vibrante combina um fundo claro com pontos f\u00facsia que real\u00e7am o seu design artesanal. No centro, uma salamandra castanha destaca-se sobre o fundo, juntamente com a inscri\u00e7\u00e3o &#8220;Tenerife&#8221;. Ideal como pe\u00e7a decorativa ou para servir, esta ta\u00e7a reflete a cultura can\u00e1ria atrav\u00e9s da sua elabora\u00e7\u00e3o cuidada e das suas cores atraentes.<\/p>\n","protected":false},"featured_media":11924,"template":"","meta":{"_acf_changed":false},"product_brand":[],"product_cat":[513],"product_tag":[516],"class_list":{"0":"post-29743","1":"product","2":"type-product","3":"status-publish","4":"has-post-thumbnail","6":"product_cat-bols","7":"product_tag-animais","8":"pa_ciudad-tenerife","9":"pa_motivo-salamandras","10":"pa_pais-espana","12":"first","13":"instock","14":"shipping-taxable","15":"product-type-simple"},"acf":[],"_links":{"self":[{"href":"https:\/\/olemosaic.orbitalia.org\/pt-pt\/wp-json\/wp\/v2\/product\/29743","targetHints":{"allow":["GET"]}}],"collection":[{"href":"https:\/\/olemosaic.orbitalia.org\/pt-pt\/wp-json\/wp\/v2\/product"}],"about":[{"href":"https:\/\/olemosaic.orbitalia.org\/pt-pt\/wp-json\/wp\/v2\/types\/product"}],"wp:featuredmedia":[{"embeddable":true,"href":"https:\/\/olemosaic.orbitalia.org\/pt-pt\/wp-json\/wp\/v2\/media\/11924"}],"wp:attachment":[{"href":"https:\/\/olemosaic.orbitalia.org\/pt-pt\/wp-json\/wp\/v2\/media?parent=29743"}],"wp:term":[{"taxonomy":"product_brand","embeddable":true,"href":"https:\/\/olemosaic.orbitalia.org\/pt-pt\/wp-json\/wp\/v2\/product_brand?post=29743"},{"taxonomy":"product_cat","embeddable":true,"href":"https:\/\/olemosaic.orbitalia.org\/pt-pt\/wp-json\/wp\/v2\/product_cat?post=29743"},{"taxonomy":"product_tag","embeddable":true,"href":"https:\/\/olemosaic.orbitalia.org\/pt-pt\/wp-json\/wp\/v2\/product_tag?post=29743"}],"curies":[{"name":"wp","href":"https:\/\/api.w.org\/{rel}","templated":true}]}}