{"id":29686,"date":"2025-02-20T22:30:27","date_gmt":"2025-02-20T22:30:27","guid":{"rendered":"https:\/\/olemosaic.orbitalia.org\/producto\/bol-de-coco-fucsia-delfin-mallorca\/"},"modified":"2025-07-25T19:57:05","modified_gmt":"2025-07-25T17:57:05","slug":"taca-de-coco-fucsia-golfinho-maiorca","status":"publish","type":"product","link":"https:\/\/olemosaic.orbitalia.org\/pt-pt\/produto\/taca-de-coco-fucsia-golfinho-maiorca\/","title":{"rendered":"Ta\u00e7a de coco f\u00facsia. Golfinho. Maiorca."},"content":{"rendered":"<p>Esta ta\u00e7a de coco f\u00facsia, decorada com um golfinho e o nome &#8220;MALLORCA&#8221;, \u00e9 uma lembran\u00e7a emblem\u00e1tica que captura a ess\u00eancia vibrante da ilha balear. Fabricada com coco natural, esta ta\u00e7a apresenta um exterior numa chamativa cor f\u00facsia, que n\u00e3o s\u00f3 impacta visualmente, como tamb\u00e9m reflete a beleza das \u00e1guas cristalinas de Maiorca. O interior est\u00e1 adornado com um delicado design de mosaico que real\u00e7a a sua singularidade e contribui para o seu apelo est\u00e9tico.<\/p>\n<p>O golfinho, um s\u00edmbolo ic\u00f3nico do mar Mediterr\u00e2neo, \u00e9 exibido com eleg\u00e2ncia no centro da ta\u00e7a, rodeado pelo nome &#8220;MALLORCA&#8221; numa tipografia clara e estilizada. Este detalhe torna-a uma recorda\u00e7\u00e3o perfeita para quem deseja levar para casa um peda\u00e7o da cultura e da paisagem marinha da ilha.<\/p>\n<p>Ideal para servir aperitivos ou como elemento decorativo em qualquer casa, esta ta\u00e7a n\u00e3o s\u00f3 \u00e9 funcional, como tamb\u00e9m evoca a frescura e a alegria das f\u00e9rias em Maiorca. A Ol\u00e9 Mosaic orgulha-se de oferecer este tipo de lembran\u00e7as, garantindo autenticidade e qualidade em cada pe\u00e7a. Esta ta\u00e7a de coco \u00e9 uma excelente op\u00e7\u00e3o para turistas que procuram lembran\u00e7as de Maiorca, bem como para lojas de presentes tur\u00edsticos que desejam oferecer produtos aut\u00eanticos e representativos da cultura espanhola. Como grossista de lembran\u00e7as, fornecemos artigos que celebram o patrim\u00f3nio e o encanto das regi\u00f5es que representam.<\/p>\n","protected":false},"excerpt":{"rendered":"<p>Ta\u00e7a de coco f\u00facsia decorada com um golfinho e o nome &#8220;MALLORCA&#8221;. Esta atraente ta\u00e7a, elaborada em coco natural, apresenta um vibrante acabamento f\u00facsia, complementado por um design de mosaico no interior que real\u00e7a a sua singularidade. O golfinho, s\u00edmbolo das \u00e1guas cristalinas de Maiorca, est\u00e1 emoldurado por uma borda estilizada, o que torna este artigo uma brilhante recorda\u00e7\u00e3o da ilha balear. Ideal para servir aperitivos ou como elemento decorativo.<\/p>\n","protected":false},"featured_media":11782,"template":"","meta":{"_acf_changed":false},"product_brand":[],"product_cat":[513],"product_tag":[516],"class_list":{"0":"post-29686","1":"product","2":"type-product","3":"status-publish","4":"has-post-thumbnail","6":"product_cat-bols","7":"product_tag-animais","8":"pa_ciudad-mallorca","9":"pa_motivo-golfinhos","10":"pa_pais-espana","12":"first","13":"instock","14":"shipping-taxable","15":"product-type-simple"},"acf":[],"_links":{"self":[{"href":"https:\/\/olemosaic.orbitalia.org\/pt-pt\/wp-json\/wp\/v2\/product\/29686","targetHints":{"allow":["GET"]}}],"collection":[{"href":"https:\/\/olemosaic.orbitalia.org\/pt-pt\/wp-json\/wp\/v2\/product"}],"about":[{"href":"https:\/\/olemosaic.orbitalia.org\/pt-pt\/wp-json\/wp\/v2\/types\/product"}],"wp:featuredmedia":[{"embeddable":true,"href":"https:\/\/olemosaic.orbitalia.org\/pt-pt\/wp-json\/wp\/v2\/media\/11782"}],"wp:attachment":[{"href":"https:\/\/olemosaic.orbitalia.org\/pt-pt\/wp-json\/wp\/v2\/media?parent=29686"}],"wp:term":[{"taxonomy":"product_brand","embeddable":true,"href":"https:\/\/olemosaic.orbitalia.org\/pt-pt\/wp-json\/wp\/v2\/product_brand?post=29686"},{"taxonomy":"product_cat","embeddable":true,"href":"https:\/\/olemosaic.orbitalia.org\/pt-pt\/wp-json\/wp\/v2\/product_cat?post=29686"},{"taxonomy":"product_tag","embeddable":true,"href":"https:\/\/olemosaic.orbitalia.org\/pt-pt\/wp-json\/wp\/v2\/product_tag?post=29686"}],"curies":[{"name":"wp","href":"https:\/\/api.w.org\/{rel}","templated":true}]}}