{"id":29683,"date":"2025-02-20T23:30:26","date_gmt":"2025-02-20T22:30:26","guid":{"rendered":"https:\/\/olemosaic.orbitalia.org\/producto\/bol-de-coco-fucsia-isla-tenerife-2\/"},"modified":"2025-07-25T18:55:06","modified_gmt":"2025-07-25T16:55:06","slug":"taca-de-coco-fucsia-ilha-tenerife-2","status":"publish","type":"product","link":"https:\/\/olemosaic.orbitalia.org\/pt-pt\/produto\/taca-de-coco-fucsia-ilha-tenerife-2\/","title":{"rendered":"Ta\u00e7a de coco f\u00facsia. Ilha. Tenerife. Can\u00e1rias."},"content":{"rendered":"<p>Esta ta\u00e7a de coco f\u00facsia, decorada com motivos alegres, \u00e9 uma pe\u00e7a \u00fanica que captura a ess\u00eancia vibrante da ilha de Tenerife. Pintada \u00e0 m\u00e3o, o seu interior resplandece com uma cor f\u00facsia intensa, complementada por uma borda vermelha brilhante que acrescenta um toque de energia. No centro, a silhueta da ilha destaca-se numa cor rosa brilhante, juntamente com a inscri\u00e7\u00e3o &#8220;TENERIFE&#8221;, tornando-a uma recorda\u00e7\u00e3o representativa da regi\u00e3o. Os encantadores detalhes em forma de cora\u00e7\u00f5es, pintados em diferentes tons de f\u00facsia, acrescentam um ar juvenil e festivo, ideal para embelezar qualquer espa\u00e7o. Esta ta\u00e7a n\u00e3o \u00e9 apenas um artigo decorativo, mas tamb\u00e9m um elemento pr\u00e1tico, perfeito para servir aperitivos ou como centro de mesa.<\/p>\n<p>Com o seu design alegre, esta ta\u00e7a encarna o esp\u00edrito da cultura can\u00e1ria e \u00e9 uma excelente lembran\u00e7a para turistas que desejem levar um peda\u00e7o de Tenerife para casa. Na Ol\u00e9 Mosaic, especializamo-nos na distribui\u00e7\u00e3o de lembran\u00e7as aut\u00eanticas, e esta ta\u00e7a de coco f\u00facsia \u00e9 uma op\u00e7\u00e3o ideal para lojas de presentes tur\u00edsticos que procuram produtos de qualidade e um toque cultural \u00fanico. Como grossistas de lembran\u00e7as de Tenerife, garantimos a autenticidade e o design encantador em cada pe\u00e7a, tornando-a uma recorda\u00e7\u00e3o duradoura de uma experi\u00eancia inesquec\u00edvel nas Ilhas Can\u00e1rias.<\/p>\n","protected":false},"excerpt":{"rendered":"<p>Ta\u00e7a de coco f\u00facsia decorada com motivos alegres e coloridos, inspirada na vibrante ilha de Tenerife. Este encantador artigo, de design artesanal e pintado \u00e0 m\u00e3o, apresenta um design de cora\u00e7\u00f5es em tons f\u00facsia e um contorno vermelho brilhante. No centro, destaca-se a silhueta da ilha junto \u00e0 inscri\u00e7\u00e3o &#8220;TENERIFE&#8221;. Perfeita como lembran\u00e7a ou elemento decorativo, esta ta\u00e7a incorpora a ess\u00eancia da cultura can\u00e1ria em cada detalhe, adicionando um toque de cor a qualquer espa\u00e7o.<\/p>\n","protected":false},"featured_media":10206,"template":"","meta":{"_acf_changed":false},"product_brand":[],"product_cat":[513],"product_tag":[],"class_list":{"0":"post-29683","1":"product","2":"type-product","3":"status-publish","4":"has-post-thumbnail","6":"product_cat-bols","7":"pa_ciudad-tenerife","8":"pa_motivo-ilhas","9":"pa_pais-espana","11":"first","12":"instock","13":"shipping-taxable","14":"product-type-simple"},"acf":[],"_links":{"self":[{"href":"https:\/\/olemosaic.orbitalia.org\/pt-pt\/wp-json\/wp\/v2\/product\/29683","targetHints":{"allow":["GET"]}}],"collection":[{"href":"https:\/\/olemosaic.orbitalia.org\/pt-pt\/wp-json\/wp\/v2\/product"}],"about":[{"href":"https:\/\/olemosaic.orbitalia.org\/pt-pt\/wp-json\/wp\/v2\/types\/product"}],"wp:featuredmedia":[{"embeddable":true,"href":"https:\/\/olemosaic.orbitalia.org\/pt-pt\/wp-json\/wp\/v2\/media\/10206"}],"wp:attachment":[{"href":"https:\/\/olemosaic.orbitalia.org\/pt-pt\/wp-json\/wp\/v2\/media?parent=29683"}],"wp:term":[{"taxonomy":"product_brand","embeddable":true,"href":"https:\/\/olemosaic.orbitalia.org\/pt-pt\/wp-json\/wp\/v2\/product_brand?post=29683"},{"taxonomy":"product_cat","embeddable":true,"href":"https:\/\/olemosaic.orbitalia.org\/pt-pt\/wp-json\/wp\/v2\/product_cat?post=29683"},{"taxonomy":"product_tag","embeddable":true,"href":"https:\/\/olemosaic.orbitalia.org\/pt-pt\/wp-json\/wp\/v2\/product_tag?post=29683"}],"curies":[{"name":"wp","href":"https:\/\/api.w.org\/{rel}","templated":true}]}}