{"id":29682,"date":"2025-02-20T22:30:26","date_gmt":"2025-02-20T22:30:26","guid":{"rendered":"https:\/\/olemosaic.orbitalia.org\/producto\/bol-de-coco-fucsia-flamenco-2\/"},"modified":"2025-07-25T20:06:01","modified_gmt":"2025-07-25T18:06:01","slug":"taca-de-coco-fucsia-flamingo-2","status":"publish","type":"product","link":"https:\/\/olemosaic.orbitalia.org\/pt-pt\/produto\/taca-de-coco-fucsia-flamingo-2\/","title":{"rendered":"Ta\u00e7a de coco f\u00facsia. Flamingo."},"content":{"rendered":"<p>Esta ta\u00e7a de coco f\u00facsia, adornada com elegantes flamingos, \u00e9 uma pe\u00e7a vibrante que traz um toque contempor\u00e2neo e alegre a qualquer espa\u00e7o. O seu design apresenta um acabamento em tons f\u00facsia luminosos, evocando o calor do folclore espanhol, e no seu centro, uma encantadora ilustra\u00e7\u00e3o de dois flamingos. Estas aves ex\u00f3ticas, emolduradas por uma borda decorativa que simula um mosaico, acrescentam um ar de sofistica\u00e7\u00e3o tropical e alegria, ideal para qualquer ocasi\u00e3o.<\/p>\n<p>A forma org\u00e2nica da ta\u00e7a, criada a partir de coco, real\u00e7a a sua autenticidade como objeto decorativo, combinando funcionalidade e est\u00e9tica. Perfeita tanto para servir aperitivos como para utiliz\u00e1-la como elemento decorativo numa mesa, esta ta\u00e7a torna-se uma recorda\u00e7\u00e3o representativa da riqueza cultural do sul de Espanha, onde os flamingos s\u00e3o s\u00edmbolo de beleza e eleg\u00e2ncia.<\/p>\n<p>Na Ol\u00e9 Mosaic, especializamo-nos na distribui\u00e7\u00e3o de lembran\u00e7as por grosso, oferecendo produtos que capturam a ess\u00eancia do patrim\u00f3nio espanhol. Esta ta\u00e7a de flamingos \u00e9 uma excelente op\u00e7\u00e3o para lojas de presentes tur\u00edsticos que procuram artigos \u00fanicos e aut\u00eanticos. O seu design atraente e a sua liga\u00e7\u00e3o com a arte da cer\u00e2mica espanhola tornam-na uma lembran\u00e7a perfeita para os turistas que desejam levar um pouco de cultura e cor na sua viagem.<\/p>\n","protected":false},"excerpt":{"rendered":"<p>Ta\u00e7a de coco f\u00facsia decorada com elegantes flamingos, ideal para adicionar um toque vibrante a qualquer espa\u00e7o. Esta atraente ta\u00e7a apresenta um acabamento em tons f\u00facsia e detalhes em branco, que real\u00e7am a imagem de dois flamingos no centro, rodeados por uma borda decorativa de mosaico. Perfeita como objeto decorativo ou para servir aperitivos, o seu design contempor\u00e2neo evoca o calor do folclore espanhol.<\/p>\n","protected":false},"featured_media":13408,"template":"","meta":{"_acf_changed":false},"product_brand":[],"product_cat":[513],"product_tag":[516],"class_list":{"0":"post-29682","1":"product","2":"type-product","3":"status-publish","4":"has-post-thumbnail","6":"product_cat-bols","7":"product_tag-animais","8":"pa_motivo-flamingos","10":"first","11":"instock","12":"shipping-taxable","13":"product-type-simple"},"acf":[],"_links":{"self":[{"href":"https:\/\/olemosaic.orbitalia.org\/pt-pt\/wp-json\/wp\/v2\/product\/29682","targetHints":{"allow":["GET"]}}],"collection":[{"href":"https:\/\/olemosaic.orbitalia.org\/pt-pt\/wp-json\/wp\/v2\/product"}],"about":[{"href":"https:\/\/olemosaic.orbitalia.org\/pt-pt\/wp-json\/wp\/v2\/types\/product"}],"wp:featuredmedia":[{"embeddable":true,"href":"https:\/\/olemosaic.orbitalia.org\/pt-pt\/wp-json\/wp\/v2\/media\/13408"}],"wp:attachment":[{"href":"https:\/\/olemosaic.orbitalia.org\/pt-pt\/wp-json\/wp\/v2\/media?parent=29682"}],"wp:term":[{"taxonomy":"product_brand","embeddable":true,"href":"https:\/\/olemosaic.orbitalia.org\/pt-pt\/wp-json\/wp\/v2\/product_brand?post=29682"},{"taxonomy":"product_cat","embeddable":true,"href":"https:\/\/olemosaic.orbitalia.org\/pt-pt\/wp-json\/wp\/v2\/product_cat?post=29682"},{"taxonomy":"product_tag","embeddable":true,"href":"https:\/\/olemosaic.orbitalia.org\/pt-pt\/wp-json\/wp\/v2\/product_tag?post=29682"}],"curies":[{"name":"wp","href":"https:\/\/api.w.org\/{rel}","templated":true}]}}