{"id":29625,"date":"2025-02-20T22:30:23","date_gmt":"2025-02-20T22:30:23","guid":{"rendered":"https:\/\/olemosaic.orbitalia.org\/producto\/bol-de-coco-naranja-metalizado\/"},"modified":"2025-07-25T19:39:30","modified_gmt":"2025-07-25T17:39:30","slug":"taca-de-coco-laranja-metalizada","status":"publish","type":"product","link":"https:\/\/olemosaic.orbitalia.org\/pt-pt\/produto\/taca-de-coco-laranja-metalizada\/","title":{"rendered":"Ta\u00e7a de coco laranja. Metalizada."},"content":{"rendered":"<p>Esta ta\u00e7a de coco, num tom laranja metalizado vibrante, \u00e9 a escolha perfeita para quem procura um toque distintivo na sua decora\u00e7\u00e3o. Fabricada com material natural, esta atraente ta\u00e7a destaca-se pelo seu acabamento brilhante que reflete a luz de forma cativante, criando um efeito visual impactante em qualquer ambiente. O seu design simples e elegante n\u00e3o s\u00f3 confere um elemento decorativo, como tamb\u00e9m \u00e9 vers\u00e1til, ideal tanto para servir alimentos como para expor objetos, tornando-a um acess\u00f3rio imprescind\u00edvel para o lar.<\/p>\n<p>O brilho metalizado e o calor da cor laranja evocam a ess\u00eancia da artesania tradicional, muito apreciada em diversas regi\u00f5es de Espanha e Portugal, onde o trabalho com materiais naturais faz parte integrante da cultura local. Esta ta\u00e7a n\u00e3o \u00e9 apenas um objeto funcional, mas um aut\u00eantico souvenir que capta a ess\u00eancia da arte artesanal t\u00edpica da regi\u00e3o, oferecendo aos turistas uma pe\u00e7a que lhes recordar\u00e1 a sua visita e o car\u00e1ter distintivo do local.<\/p>\n<p>Na Ol\u00e9 Mosaic, especializamo-nos na distribui\u00e7\u00e3o de souvenirs por grosso, e esta elegante ta\u00e7a de coco laranja \u00e9 uma op\u00e7\u00e3o ideal para lojas de recorda\u00e7\u00f5es tur\u00edsticas que desejam oferecer produtos aut\u00eanticos e de qualidade. Como grossista de souvenirs \u00fanicos, garantimos que cada pe\u00e7a representa o melhor da cultura e tradi\u00e7\u00e3o artesanal das nossas regi\u00f5es.<\/p>\n","protected":false},"excerpt":{"rendered":"<p>Ta\u00e7a de coco num tom laranja metalizado vibrante, ideal para real\u00e7ar a decora\u00e7\u00e3o de qualquer espa\u00e7o. Fabricada com material natural, esta atraente ta\u00e7a apresenta um acabamento brilhante que reflete a luz, criando um efeito chamativo. O seu design simples e elegante torna-a uma pe\u00e7a vers\u00e1til, perfeita tanto para servir alimentos como para expor objetos decorativos. Um souvenir que capta a ess\u00eancia da arte artesanal t\u00edpica da regi\u00e3o.<\/p>\n","protected":false},"featured_media":10381,"template":"","meta":{"_acf_changed":false},"product_brand":[],"product_cat":[513],"product_tag":[],"class_list":{"0":"post-29625","1":"product","2":"type-product","3":"status-publish","4":"has-post-thumbnail","6":"product_cat-bols","7":"pa_motivo-metalizado","9":"first","10":"instock","11":"shipping-taxable","12":"product-type-simple"},"acf":[],"_links":{"self":[{"href":"https:\/\/olemosaic.orbitalia.org\/pt-pt\/wp-json\/wp\/v2\/product\/29625","targetHints":{"allow":["GET"]}}],"collection":[{"href":"https:\/\/olemosaic.orbitalia.org\/pt-pt\/wp-json\/wp\/v2\/product"}],"about":[{"href":"https:\/\/olemosaic.orbitalia.org\/pt-pt\/wp-json\/wp\/v2\/types\/product"}],"wp:featuredmedia":[{"embeddable":true,"href":"https:\/\/olemosaic.orbitalia.org\/pt-pt\/wp-json\/wp\/v2\/media\/10381"}],"wp:attachment":[{"href":"https:\/\/olemosaic.orbitalia.org\/pt-pt\/wp-json\/wp\/v2\/media?parent=29625"}],"wp:term":[{"taxonomy":"product_brand","embeddable":true,"href":"https:\/\/olemosaic.orbitalia.org\/pt-pt\/wp-json\/wp\/v2\/product_brand?post=29625"},{"taxonomy":"product_cat","embeddable":true,"href":"https:\/\/olemosaic.orbitalia.org\/pt-pt\/wp-json\/wp\/v2\/product_cat?post=29625"},{"taxonomy":"product_tag","embeddable":true,"href":"https:\/\/olemosaic.orbitalia.org\/pt-pt\/wp-json\/wp\/v2\/product_tag?post=29625"}],"curies":[{"name":"wp","href":"https:\/\/api.w.org\/{rel}","templated":true}]}}