{"id":29622,"date":"2025-02-20T22:30:23","date_gmt":"2025-02-20T22:30:23","guid":{"rendered":"https:\/\/olemosaic.orbitalia.org\/producto\/bol-de-coco-naranja-caballito-de-mar-barcelona\/"},"modified":"2025-07-25T19:15:11","modified_gmt":"2025-07-25T17:15:11","slug":"taca-de-coco-laranja-cavalo-marinho-barcelona","status":"publish","type":"product","link":"https:\/\/olemosaic.orbitalia.org\/pt-pt\/produto\/taca-de-coco-laranja-cavalo-marinho-barcelona\/","title":{"rendered":"Ta\u00e7a de coco laranja. Cavalo-marinho. Barcelona."},"content":{"rendered":"<p>Esta ta\u00e7a de coco alaranjada \u00e9 uma pe\u00e7a \u00fanica que capta a ess\u00eancia da beleza marinha de Barcelona. Decorada com um intrincado design de cavalo-marinho, este produto evoca o esp\u00edrito do Mediterr\u00e2neo atrav\u00e9s do seu acabamento brilhante e dos seus padr\u00f5es em relevo, que recordam a rica tradi\u00e7\u00e3o artesanal da regi\u00e3o. A figura do cavalo-marinho, s\u00edmbolo da vida marinha, est\u00e1 meticulosamente plasmada no centro, rodeada de delicados detalhes que refletem o movimento da \u00e1gua. Logo abaixo, a inscri\u00e7\u00e3o &#8220;Barcelona&#8221; enfatiza a sua liga\u00e7\u00e3o direta com a cidade, tornando-a a recorda\u00e7\u00e3o perfeita para quem visita este destino vibrante.<\/p>\n<p>O seu design n\u00e3o \u00e9 apenas visualmente atraente, mas tamb\u00e9m funcional; esta ta\u00e7a \u00e9 ideal para servir aperitivos ou como elemento decorativo em qualquer casa, conferindo um toque costeiro e acolhedor. Este souvenir \u00e9 uma excelente op\u00e7\u00e3o para turistas que procuram um artigo aut\u00eantico e \u00fatil, permitindo-lhes levar um peda\u00e7o da cultura catal\u00e3 consigo. Na Ol\u00e9 Mosaic, orgulhamo-nos de distribuir souvenirs de qualidade, e esta ta\u00e7a de coco destaca-se como um artigo de relevo na nossa cole\u00e7\u00e3o. \u00c9 o presente ideal para lojas de recorda\u00e7\u00f5es tur\u00edsticas que desejem oferecer produtos que realcem a heran\u00e7a cultural e a beleza de Barcelona.<\/p>\n","protected":false},"excerpt":{"rendered":"<p>Ta\u00e7a de coco em tom alaranjado, decorada com um design elegante de um cavalo-marinho, que representa a beleza marinha de Barcelona. Este produto destaca-se pelo seu acabamento brilhante e pelos seus intrincados padr\u00f5es em relevo, que evocam a arte artesanal da regi\u00e3o. A inscri\u00e7\u00e3o &#8220;Barcelona&#8221; no centro real\u00e7a a sua liga\u00e7\u00e3o \u00e0 cidade. Ideal como recorda\u00e7\u00e3o, esta ta\u00e7a \u00e9 simultaneamente funcional e decorativa, captando a ess\u00eancia do Mediterr\u00e2neo.<\/p>\n","protected":false},"featured_media":10141,"template":"","meta":{"_acf_changed":false},"product_brand":[],"product_cat":[513],"product_tag":[516],"class_list":{"0":"post-29622","1":"product","2":"type-product","3":"status-publish","4":"has-post-thumbnail","6":"product_cat-bols","7":"product_tag-animais","8":"pa_ciudad-barcelona","9":"pa_motivo-cavalos-marinhos","10":"pa_pais-espana","12":"first","13":"instock","14":"shipping-taxable","15":"product-type-simple"},"acf":[],"_links":{"self":[{"href":"https:\/\/olemosaic.orbitalia.org\/pt-pt\/wp-json\/wp\/v2\/product\/29622","targetHints":{"allow":["GET"]}}],"collection":[{"href":"https:\/\/olemosaic.orbitalia.org\/pt-pt\/wp-json\/wp\/v2\/product"}],"about":[{"href":"https:\/\/olemosaic.orbitalia.org\/pt-pt\/wp-json\/wp\/v2\/types\/product"}],"wp:featuredmedia":[{"embeddable":true,"href":"https:\/\/olemosaic.orbitalia.org\/pt-pt\/wp-json\/wp\/v2\/media\/10141"}],"wp:attachment":[{"href":"https:\/\/olemosaic.orbitalia.org\/pt-pt\/wp-json\/wp\/v2\/media?parent=29622"}],"wp:term":[{"taxonomy":"product_brand","embeddable":true,"href":"https:\/\/olemosaic.orbitalia.org\/pt-pt\/wp-json\/wp\/v2\/product_brand?post=29622"},{"taxonomy":"product_cat","embeddable":true,"href":"https:\/\/olemosaic.orbitalia.org\/pt-pt\/wp-json\/wp\/v2\/product_cat?post=29622"},{"taxonomy":"product_tag","embeddable":true,"href":"https:\/\/olemosaic.orbitalia.org\/pt-pt\/wp-json\/wp\/v2\/product_tag?post=29622"}],"curies":[{"name":"wp","href":"https:\/\/api.w.org\/{rel}","templated":true}]}}