{"id":29606,"date":"2025-02-20T23:30:23","date_gmt":"2025-02-20T22:30:23","guid":{"rendered":"https:\/\/olemosaic.orbitalia.org\/producto\/bol-de-coco-beige-sardina-2\/"},"modified":"2025-07-25T19:28:06","modified_gmt":"2025-07-25T17:28:06","slug":"taca-de-coco-bege-sardinha-2","status":"publish","type":"product","link":"https:\/\/olemosaic.orbitalia.org\/pt-pt\/produto\/taca-de-coco-bege-sardinha-2\/","title":{"rendered":"Ta\u00e7a de coco bege. Sardinha. Azulejos portugueses."},"content":{"rendered":"<p>Esta ta\u00e7a de coco em tom bege \u00e9 uma requintada amostra da artesania tradicional das costas espanholas, perfeita tanto para o lar como para recordar a sua viagem. Fabricada com material de coco, a ta\u00e7a destaca-se pelo seu elegante design decorado com um encantador motivo de sardinha no centro, que simboliza a rica cultura pesqueira da regi\u00e3o. As suas bordas t\u00eam um acabamento fino, conferindo um toque sofisticado \u00e0 sua est\u00e9tica natural. O motivo de mosaico que emoldura o interior da ta\u00e7a real\u00e7a a destreza artesanal, combinando com eleg\u00e2ncia as tonalidades do coco e criando um efeito visual impactante que atrai a aten\u00e7\u00e3o.<\/p>\n<p>Esta ta\u00e7a n\u00e3o s\u00f3 \u00e9 funcional, como tamb\u00e9m serve como uma recorda\u00e7\u00e3o aut\u00eantica e significativa das tradi\u00e7\u00f5es costeiras, sendo um excelente souvenir para turistas que procuram algo \u00fanico. Na cultura espanhola, a sardinha est\u00e1 estreitamente ligada \u00e0 gastronomia e a festividades populares, o que enriquece o seu valor emocional e cultural. Na Ol\u00e9 Mosaic, o nosso compromisso \u00e9 fornecer souvenirs por grosso que celebrem a autenticidade e a heran\u00e7a cultural. Esta ta\u00e7a de coco \u00e9, sem d\u00favida, uma maravilhosa op\u00e7\u00e3o para lojas de presentes tur\u00edsticos que desejem oferecer produtos de qualidade e com significado.<\/p>\n","protected":false},"excerpt":{"rendered":"<p>Ta\u00e7a de coco em tom bege, decorada com um encantador motivo de uma sardinha no centro. Esta elegante ta\u00e7a, fabricada com material de coco, apresenta um design com detalhes em mosaico que refletem a rica tradi\u00e7\u00e3o artesanal da regi\u00e3o. As bordas t\u00eam um acabamento fino e o seu design muito especial evoca a liga\u00e7\u00e3o com a cultura pesqueira, sendo um objeto ideal para o lar ou como recorda\u00e7\u00e3o representativa das costas espanholas.<\/p>\n","protected":false},"featured_media":11851,"template":"","meta":{"_acf_changed":false},"product_brand":[],"product_cat":[513],"product_tag":[516],"class_list":{"0":"post-29606","1":"product","2":"type-product","3":"status-publish","4":"has-post-thumbnail","6":"product_cat-bols","7":"product_tag-animais","8":"pa_motivo-sardinhas","10":"first","11":"instock","12":"shipping-taxable","13":"product-type-simple"},"acf":[],"_links":{"self":[{"href":"https:\/\/olemosaic.orbitalia.org\/pt-pt\/wp-json\/wp\/v2\/product\/29606","targetHints":{"allow":["GET"]}}],"collection":[{"href":"https:\/\/olemosaic.orbitalia.org\/pt-pt\/wp-json\/wp\/v2\/product"}],"about":[{"href":"https:\/\/olemosaic.orbitalia.org\/pt-pt\/wp-json\/wp\/v2\/types\/product"}],"wp:featuredmedia":[{"embeddable":true,"href":"https:\/\/olemosaic.orbitalia.org\/pt-pt\/wp-json\/wp\/v2\/media\/11851"}],"wp:attachment":[{"href":"https:\/\/olemosaic.orbitalia.org\/pt-pt\/wp-json\/wp\/v2\/media?parent=29606"}],"wp:term":[{"taxonomy":"product_brand","embeddable":true,"href":"https:\/\/olemosaic.orbitalia.org\/pt-pt\/wp-json\/wp\/v2\/product_brand?post=29606"},{"taxonomy":"product_cat","embeddable":true,"href":"https:\/\/olemosaic.orbitalia.org\/pt-pt\/wp-json\/wp\/v2\/product_cat?post=29606"},{"taxonomy":"product_tag","embeddable":true,"href":"https:\/\/olemosaic.orbitalia.org\/pt-pt\/wp-json\/wp\/v2\/product_tag?post=29606"}],"curies":[{"name":"wp","href":"https:\/\/api.w.org\/{rel}","templated":true}]}}