{"id":29604,"date":"2025-02-20T23:30:22","date_gmt":"2025-02-20T22:30:22","guid":{"rendered":"https:\/\/olemosaic.orbitalia.org\/producto\/bol-de-coco-naranja-tortuga\/"},"modified":"2025-07-25T19:44:31","modified_gmt":"2025-07-25T17:44:31","slug":"taca-de-coco-laranja-tartaruga","status":"publish","type":"product","link":"https:\/\/olemosaic.orbitalia.org\/pt-pt\/produto\/taca-de-coco-laranja-tartaruga\/","title":{"rendered":"Ta\u00e7a de coco laranja. Tartaruga."},"content":{"rendered":"<p>Esta ta\u00e7a de coco laranja \u00e9 uma pe\u00e7a artesanal \u00fanica, ideal para quem procura um souvenir aut\u00eantico e sustent\u00e1vel. Elaborada a partir de cascas de coco recicladas, esta ta\u00e7a n\u00e3o s\u00f3 se destaca pela sua cor vibrante, mas tamb\u00e9m pelo seu compromisso com o meio ambiente. A superf\u00edcie da ta\u00e7a, com um acabamento brilhante, apresenta padr\u00f5es intrincados que evocam a beleza do oceano, criando uma pe\u00e7a visualmente impactante que captar\u00e1 a aten\u00e7\u00e3o em qualquer espa\u00e7o.<\/p>\n<p>No centro, uma tartaruga com efeito pintado \u00e0 m\u00e3o adiciona um toque distintivo e simb\u00f3lico, representando a vida marinha e a sua import\u00e2ncia no ecossistema. Este design n\u00e3o s\u00f3 celebra a fauna marinha, como tamb\u00e9m reflete uma liga\u00e7\u00e3o cultural significativa com regi\u00f5es costeiras, onde a tartaruga \u00e9 um s\u00edmbolo de longevidade e sorte.<\/p>\n<p>Esta ta\u00e7a \u00e9 perfeita para m\u00faltiplos usos: como elemento decorativo, para servir aperitivos ou, simplesmente, como uma pe\u00e7a de conversa que adicionar\u00e1 um toque ex\u00f3tico a qualquer lar. Na Ol\u00e9 Mosaic, oferecemos souvenirs de grande qualidade e relev\u00e2ncia cultural, e esta ta\u00e7a de coco laranja \u00e9 uma excelente op\u00e7\u00e3o para lojas de presentes tur\u00edsticos que desejem oferecer produtos aut\u00eanticos e sustent\u00e1veis. Como grossistas de souvenirs, garantimos que cada pe\u00e7a conte com o respaldo de uma artesania cuidada e um design muito especial, destacando o valor cultural e est\u00e9tico do produto.<\/p>\n","protected":false},"excerpt":{"rendered":"<p>Ta\u00e7a de coco de cor laranja, decorada com um elegante design de tartaruga. Este artigo artesanal, elaborado com cascas de coco recicladas, oferece um toque sustent\u00e1vel e ex\u00f3tico. A superf\u00edcie da ta\u00e7a apresenta um acabamento brilhante com padr\u00f5es intrincados que evocam a beleza do oceano, enquanto a tartaruga, de design artesanal e pintada \u00e0 m\u00e3o, adiciona um toque distintivo e simb\u00f3lico da vida marinha. Ideal para diversas ocasi\u00f5es, tornar-se-\u00e1 um atraente elemento decorativo em qualquer lar.<\/p>\n","protected":false},"featured_media":10078,"template":"","meta":{"_acf_changed":false},"product_brand":[],"product_cat":[513],"product_tag":[516],"class_list":{"0":"post-29604","1":"product","2":"type-product","3":"status-publish","4":"has-post-thumbnail","6":"product_cat-bols","7":"product_tag-animais","8":"pa_motivo-tartarugas","10":"first","11":"instock","12":"shipping-taxable","13":"product-type-simple"},"acf":[],"_links":{"self":[{"href":"https:\/\/olemosaic.orbitalia.org\/pt-pt\/wp-json\/wp\/v2\/product\/29604","targetHints":{"allow":["GET"]}}],"collection":[{"href":"https:\/\/olemosaic.orbitalia.org\/pt-pt\/wp-json\/wp\/v2\/product"}],"about":[{"href":"https:\/\/olemosaic.orbitalia.org\/pt-pt\/wp-json\/wp\/v2\/types\/product"}],"wp:featuredmedia":[{"embeddable":true,"href":"https:\/\/olemosaic.orbitalia.org\/pt-pt\/wp-json\/wp\/v2\/media\/10078"}],"wp:attachment":[{"href":"https:\/\/olemosaic.orbitalia.org\/pt-pt\/wp-json\/wp\/v2\/media?parent=29604"}],"wp:term":[{"taxonomy":"product_brand","embeddable":true,"href":"https:\/\/olemosaic.orbitalia.org\/pt-pt\/wp-json\/wp\/v2\/product_brand?post=29604"},{"taxonomy":"product_cat","embeddable":true,"href":"https:\/\/olemosaic.orbitalia.org\/pt-pt\/wp-json\/wp\/v2\/product_cat?post=29604"},{"taxonomy":"product_tag","embeddable":true,"href":"https:\/\/olemosaic.orbitalia.org\/pt-pt\/wp-json\/wp\/v2\/product_tag?post=29604"}],"curies":[{"name":"wp","href":"https:\/\/api.w.org\/{rel}","templated":true}]}}