{"id":29603,"date":"2025-02-20T23:30:22","date_gmt":"2025-02-20T22:30:22","guid":{"rendered":"https:\/\/olemosaic.orbitalia.org\/producto\/bol-de-coco-naranja-mano-2\/"},"modified":"2025-07-25T20:33:15","modified_gmt":"2025-07-25T18:33:15","slug":"taca-de-coco-laranja-mao-2","status":"publish","type":"product","link":"https:\/\/olemosaic.orbitalia.org\/pt-pt\/produto\/taca-de-coco-laranja-mao-2\/","title":{"rendered":"Ta\u00e7a de coco laranja. M\u00e3o."},"content":{"rendered":"<p>Esta ta\u00e7a de coco laranja \u00e9 uma cria\u00e7\u00e3o artesanal que captura a ess\u00eancia vibrante e a riqueza cultural da tradi\u00e7\u00e3o art\u00edstica da m\u00e3o de F\u00e1tima. Com o seu design muito especial e um acabamento brilhante, esta elegante ta\u00e7a destaca-se pelo seu deslumbrante tom laranja, que evoca o calor e a alegria das terras mediterr\u00e2nicas. A forma org\u00e2nica e subtil da ta\u00e7a, com bordas delicadas, confere um apelo visual \u00fanico, tornando-a um elemento decorativo vers\u00e1til, ideal tanto para servir aperitivos como para real\u00e7ar qualquer espa\u00e7o da casa.<\/p>\n<p>Os detalhes decorativos em branco, que incluem o ic\u00f3nico s\u00edmbolo da m\u00e3o de F\u00e1tima, s\u00e3o uma refer\u00eancia cultural significativa, pois este s\u00edmbolo \u00e9 conhecido pela sua capacidade de atrair a boa sorte e proteger das energias negativas, fazendo desta ta\u00e7a um objeto tanto est\u00e9tico como carregado de significado. Este produto n\u00e3o s\u00f3 \u00e9 um souvenir de design moderno, como tamb\u00e9m est\u00e1 intimamente ligado \u00e0s tradi\u00e7\u00f5es de diversas culturas do Mediterr\u00e2neo, o que enfatiza a sua autenticidade e o seu valor como recorda\u00e7\u00e3o representativa.<\/p>\n<p>Na Ol\u00e9 Mosaic, especializamo-nos na distribui\u00e7\u00e3o de souvenirs por grosso, e esta ta\u00e7a de coco laranja \u00e9 uma excelente op\u00e7\u00e3o para as lojas de presentes tur\u00edsticos que procuram oferecer produtos \u00fanicos e cheios de significado cultural. Com esta ta\u00e7a, os turistas podem levar consigo um peda\u00e7o de tradi\u00e7\u00e3o e encanto, perfeito para quem anseia por um toque ex\u00f3tico e artesanal na sua vida quotidiana.<\/p>\n","protected":false},"excerpt":{"rendered":"<p>Ta\u00e7a de coco laranja, inspirada na tradi\u00e7\u00e3o art\u00edstica da m\u00e3o de F\u00e1tima. Esta elegante ta\u00e7a apresenta um design muito especial com um acabamento brilhante e uma decora\u00e7\u00e3o que evoca motivos culturais, combinando vibrantes tons laranja com detalhes brancos. A sua forma org\u00e2nica e chamativa torna-a um atraente elemento decorativo, ideal para servir aperitivos ou como pe\u00e7a ornamental em qualquer canto do seu lar. Perfeito para quem procura um toque ex\u00f3tico e artesanal.<\/p>\n","protected":false},"featured_media":13403,"template":"","meta":{"_acf_changed":false},"product_brand":[],"product_cat":[513],"product_tag":[],"class_list":{"0":"post-29603","1":"product","2":"type-product","3":"status-publish","4":"has-post-thumbnail","6":"product_cat-bols","7":"pa_motivo-maos","9":"first","10":"instock","11":"shipping-taxable","12":"product-type-simple"},"acf":[],"_links":{"self":[{"href":"https:\/\/olemosaic.orbitalia.org\/pt-pt\/wp-json\/wp\/v2\/product\/29603","targetHints":{"allow":["GET"]}}],"collection":[{"href":"https:\/\/olemosaic.orbitalia.org\/pt-pt\/wp-json\/wp\/v2\/product"}],"about":[{"href":"https:\/\/olemosaic.orbitalia.org\/pt-pt\/wp-json\/wp\/v2\/types\/product"}],"wp:featuredmedia":[{"embeddable":true,"href":"https:\/\/olemosaic.orbitalia.org\/pt-pt\/wp-json\/wp\/v2\/media\/13403"}],"wp:attachment":[{"href":"https:\/\/olemosaic.orbitalia.org\/pt-pt\/wp-json\/wp\/v2\/media?parent=29603"}],"wp:term":[{"taxonomy":"product_brand","embeddable":true,"href":"https:\/\/olemosaic.orbitalia.org\/pt-pt\/wp-json\/wp\/v2\/product_brand?post=29603"},{"taxonomy":"product_cat","embeddable":true,"href":"https:\/\/olemosaic.orbitalia.org\/pt-pt\/wp-json\/wp\/v2\/product_cat?post=29603"},{"taxonomy":"product_tag","embeddable":true,"href":"https:\/\/olemosaic.orbitalia.org\/pt-pt\/wp-json\/wp\/v2\/product_tag?post=29603"}],"curies":[{"name":"wp","href":"https:\/\/api.w.org\/{rel}","templated":true}]}}