{"id":29571,"date":"2025-02-20T23:30:22","date_gmt":"2025-02-20T22:30:22","guid":{"rendered":"https:\/\/olemosaic.orbitalia.org\/producto\/bol-de-coco-de-corazones-mano\/"},"modified":"2025-07-25T20:26:57","modified_gmt":"2025-07-25T18:26:57","slug":"taca-de-coco-de-coracoes-mao","status":"publish","type":"product","link":"https:\/\/olemosaic.orbitalia.org\/pt-pt\/produto\/taca-de-coco-de-coracoes-mao\/","title":{"rendered":"Ta\u00e7a de coco de cora\u00e7\u00f5es. M\u00e3o."},"content":{"rendered":"<p>Esta ta\u00e7a de coco \u00e9 um produto singular que encarna a ess\u00eancia da riqueza cultural espanhola. Com uma bela decora\u00e7\u00e3o de cora\u00e7\u00f5es em tons de azul e ocre, o seu design em mosaico confere-lhe um toque vibrante e cativante. No centro destaca-se uma m\u00e3o, s\u00edmbolo universal de prote\u00e7\u00e3o e boa sorte, que n\u00e3o s\u00f3 adorna a ta\u00e7a, como tamb\u00e9m reflete a heran\u00e7a artesanal da regi\u00e3o. A estrutura de coco, leve e ex\u00f3tica, torna esta ta\u00e7a uma op\u00e7\u00e3o ideal tanto para uso pr\u00e1tico como decorativo, permitindo aos turistas utiliz\u00e1-la nas suas casas como recorda\u00e7\u00e3o da sua visita.<\/p>\n<p>Cada ta\u00e7a \u00e9 uma pe\u00e7a \u00fanica, cuja est\u00e9tica funde tradi\u00e7\u00e3o e modernidade, ideal para quem procura recorda\u00e7\u00f5es que narrem uma hist\u00f3ria. A sua relev\u00e2ncia cultural reside no seu simbolismo de boa sorte, transmitido de gera\u00e7\u00e3o em gera\u00e7\u00e3o em numerosas comunidades. Na Ol\u00e9 Mosaic, orgulhamo-nos de ser distribuidores grossistas destas recorda\u00e7\u00f5es aut\u00eanticas, perfeitas para lojas de presentes tur\u00edsticos que desejem oferecer produtos que reflitam a cultura espanhola. Esta ta\u00e7a de coco n\u00e3o \u00e9 apenas uma recorda\u00e7\u00e3o, mas um aut\u00eantico peda\u00e7o de Espanha que encantar\u00e1 a todos.<\/p>\n","protected":false},"excerpt":{"rendered":"<p>Ta\u00e7a de coco artesanal com uma bonita decora\u00e7\u00e3o de cora\u00e7\u00f5es em tons de azul e ocre. Esta ta\u00e7a original apresenta um design em mosaico na sua superf\u00edcie, com uma m\u00e3o no centro, que simboliza a prote\u00e7\u00e3o e a boa sorte. Ideal tanto para decorar como para usar, a sua estrutura de coco confere leveza e um toque ex\u00f3tico. Perfeito como presente ou recorda\u00e7\u00e3o que evoca a rica cultura artesanal espanhola.<\/p>\n","protected":false},"featured_media":13484,"template":"","meta":{"_acf_changed":false},"product_brand":[],"product_cat":[513],"product_tag":[],"class_list":{"0":"post-29571","1":"product","2":"type-product","3":"status-publish","4":"has-post-thumbnail","6":"product_cat-bols","7":"pa_motivo-maos","9":"first","10":"instock","11":"shipping-taxable","12":"product-type-simple"},"acf":[],"_links":{"self":[{"href":"https:\/\/olemosaic.orbitalia.org\/pt-pt\/wp-json\/wp\/v2\/product\/29571","targetHints":{"allow":["GET"]}}],"collection":[{"href":"https:\/\/olemosaic.orbitalia.org\/pt-pt\/wp-json\/wp\/v2\/product"}],"about":[{"href":"https:\/\/olemosaic.orbitalia.org\/pt-pt\/wp-json\/wp\/v2\/types\/product"}],"wp:featuredmedia":[{"embeddable":true,"href":"https:\/\/olemosaic.orbitalia.org\/pt-pt\/wp-json\/wp\/v2\/media\/13484"}],"wp:attachment":[{"href":"https:\/\/olemosaic.orbitalia.org\/pt-pt\/wp-json\/wp\/v2\/media?parent=29571"}],"wp:term":[{"taxonomy":"product_brand","embeddable":true,"href":"https:\/\/olemosaic.orbitalia.org\/pt-pt\/wp-json\/wp\/v2\/product_brand?post=29571"},{"taxonomy":"product_cat","embeddable":true,"href":"https:\/\/olemosaic.orbitalia.org\/pt-pt\/wp-json\/wp\/v2\/product_cat?post=29571"},{"taxonomy":"product_tag","embeddable":true,"href":"https:\/\/olemosaic.orbitalia.org\/pt-pt\/wp-json\/wp\/v2\/product_tag?post=29571"}],"curies":[{"name":"wp","href":"https:\/\/api.w.org\/{rel}","templated":true}]}}