{"id":29566,"date":"2025-02-20T22:30:21","date_gmt":"2025-02-20T22:30:21","guid":{"rendered":"https:\/\/olemosaic.orbitalia.org\/producto\/bol-de-coco-tortuga-lanzarote\/"},"modified":"2025-07-25T18:49:49","modified_gmt":"2025-07-25T16:49:49","slug":"taca-de-coco-tartaruga-lanzarote","status":"publish","type":"product","link":"https:\/\/olemosaic.orbitalia.org\/pt-pt\/produto\/taca-de-coco-tartaruga-lanzarote\/","title":{"rendered":"Ta\u00e7a de coco. Tartaruga. Lanzarote."},"content":{"rendered":"<p>Esta ta\u00e7a decorativa de coco, inspirada na natureza de Lanzarote, \u00e9 uma pe\u00e7a \u00fanica que captura a ess\u00eancia da ilha can\u00e1ria. Com um belo design central de uma tartaruga, esta ta\u00e7a representa fielmente a fauna marinha que habita nas suas \u00e1guas cristalinas. O mosaico vibrante de pedras coloridas que a adorna inclui tons de rosa, azul e \u00e2mbar, criando um efeito visual atrativo que revitaliza qualquer espa\u00e7o. A tartaruga, que simboliza a vida marinha de Lanzarote, est\u00e1 elegantemente detalhada, enquanto o texto \u00abLANZAROTE\u00bb no centro adiciona um toque pessoal e reconhec\u00edvel, tornando cada pe\u00e7a numa recorda\u00e7\u00e3o perfeita da ilha.<\/p>\n<p>Esta ta\u00e7a \u00e9 mais do que um simples objeto decorativo; serve como um lembrete tang\u00edvel das maravilhas naturais que Lanzarote oferece. Ideal para utilizar em casa como centro de mesa ou simplesmente como elemento decorativo, o seu colorido vibrante e design tem\u00e1tico proporcionam um toque de frescura e autenticidade a qualquer ambiente. Na Ol\u00e9 Mosaic, sabemos que as recorda\u00e7\u00f5es devem ressoar com a cultura local, e esta ta\u00e7a \u00e9 um exemplo perfeito de como um elemento t\u00edpico pode capturar a beleza e o esp\u00edrito de Lanzarote. \u00c9 uma excelente op\u00e7\u00e3o para os turistas que procuram levar para casa um peda\u00e7o desta ilha fascinante.<\/p>\n","protected":false},"excerpt":{"rendered":"<p>Ta\u00e7a de coco decorativa inspirada na natureza de Lanzarote, com um belo design de tartaruga no centro. Esta ta\u00e7a apresenta um vibrante mosaico de pedras coloridas em tons de rosa, azul e \u00e2mbar, criando um efeito visual atrativo e colorido. A tartaruga, s\u00edmbolo marinho da regi\u00e3o, est\u00e1 elegantemente detalhada no fundo, complementada com a inscri\u00e7\u00e3o &#8220;LANZAROTE&#8221;, o que torna esta ta\u00e7a uma recorda\u00e7\u00e3o perfeita que destaca a beleza da ilha. Ideal para uso decorativo ou como elemento decorativo em qualquer casa.<\/p>\n","protected":false},"featured_media":11975,"template":"","meta":{"_acf_changed":false},"product_brand":[],"product_cat":[513],"product_tag":[516],"class_list":{"0":"post-29566","1":"product","2":"type-product","3":"status-publish","4":"has-post-thumbnail","6":"product_cat-bols","7":"product_tag-animais","8":"pa_ciudad-lanzarote","9":"pa_motivo-tartarugas","10":"pa_pais-espana","12":"first","13":"instock","14":"shipping-taxable","15":"product-type-simple"},"acf":[],"_links":{"self":[{"href":"https:\/\/olemosaic.orbitalia.org\/pt-pt\/wp-json\/wp\/v2\/product\/29566","targetHints":{"allow":["GET"]}}],"collection":[{"href":"https:\/\/olemosaic.orbitalia.org\/pt-pt\/wp-json\/wp\/v2\/product"}],"about":[{"href":"https:\/\/olemosaic.orbitalia.org\/pt-pt\/wp-json\/wp\/v2\/types\/product"}],"wp:featuredmedia":[{"embeddable":true,"href":"https:\/\/olemosaic.orbitalia.org\/pt-pt\/wp-json\/wp\/v2\/media\/11975"}],"wp:attachment":[{"href":"https:\/\/olemosaic.orbitalia.org\/pt-pt\/wp-json\/wp\/v2\/media?parent=29566"}],"wp:term":[{"taxonomy":"product_brand","embeddable":true,"href":"https:\/\/olemosaic.orbitalia.org\/pt-pt\/wp-json\/wp\/v2\/product_brand?post=29566"},{"taxonomy":"product_cat","embeddable":true,"href":"https:\/\/olemosaic.orbitalia.org\/pt-pt\/wp-json\/wp\/v2\/product_cat?post=29566"},{"taxonomy":"product_tag","embeddable":true,"href":"https:\/\/olemosaic.orbitalia.org\/pt-pt\/wp-json\/wp\/v2\/product_tag?post=29566"}],"curies":[{"name":"wp","href":"https:\/\/api.w.org\/{rel}","templated":true}]}}