{"id":29563,"date":"2025-02-20T23:30:20","date_gmt":"2025-02-20T22:30:20","guid":{"rendered":"https:\/\/olemosaic.orbitalia.org\/producto\/bol-de-coco-azul-tortuga-5\/"},"modified":"2025-07-25T20:30:43","modified_gmt":"2025-07-25T18:30:43","slug":"taca-de-coco-azul-tartaruga-5","status":"publish","type":"product","link":"https:\/\/olemosaic.orbitalia.org\/pt-pt\/produto\/taca-de-coco-azul-tartaruga-5\/","title":{"rendered":"Ta\u00e7a de coco azul. Tartaruga. Estilo mediterr\u00e2neo."},"content":{"rendered":"<p>Esta ta\u00e7a decorativa de coco \u00e9 uma pe\u00e7a \u00fanica que encarna a beleza do Mediterr\u00e2neo e a sua fauna marinha. O seu design apresenta uma encantadora tartaruga no centro, s\u00edmbolo de longevidade e sabedoria em diversas culturas. A ta\u00e7a \u00e9 elaborada artesanalmente, o que garante que cada pe\u00e7a seja exclusiva e tenha um car\u00e1cter especial. O acabamento brilhante real\u00e7a os tons azuis que evocam as \u00e1guas cristalinas do mar, enquanto o padr\u00e3o de manchas em diferentes matizes de azul recria a calma e a serenidade das profundezas marinhas.<\/p>\n<p>As delicadas tonalidades combinam-se harmoniosamente para oferecer um atrativo visual que captura a ess\u00eancia do ambiente mar\u00edtimo. Pintada \u00e0 m\u00e3o, esta ta\u00e7a n\u00e3o \u00e9 apenas um objeto decorativo, mas uma recorda\u00e7\u00e3o que transporta quem a v\u00ea para as belas praias e paisagens da costa mediterr\u00e2nica.<\/p>\n<p>Esta recorda\u00e7\u00e3o \u00e9 uma excelente op\u00e7\u00e3o para os turistas que procuram levar para casa um pedacinho das tradi\u00e7\u00f5es aut\u00eanticas da regi\u00e3o. Na Ol\u00e9 Mosaic, especializamo-nos na distribui\u00e7\u00e3o por grosso de recorda\u00e7\u00f5es, oferecendo produtos que celebram a diversidade cultural e natural de Espanha e Portugal. Esta ta\u00e7a de coco azul \u00e9 uma adi\u00e7\u00e3o perfeita para as lojas de presentes tur\u00edsticos que procuram oferecer aos seus clientes uma liga\u00e7\u00e3o aut\u00eantica com o Mediterr\u00e2neo, destacando assim a sua relev\u00e2ncia cultural e est\u00e9tica.<\/p>\n","protected":false},"excerpt":{"rendered":"<p>Ta\u00e7a de coco decorativa em tons azuis, com um encantador design de tartaruga no centro. Este produto artesanal apresenta um acabamento brilhante e suave, real\u00e7ado com um padr\u00e3o de manchas em diferentes tons de azul que evocam o mar. Pintada com estilo artesanal, a ta\u00e7a reflete a beleza da fauna marinha, tornando-a uma recorda\u00e7\u00e3o atrativa que evoca as \u00e1guas cristalinas das praias mediterr\u00e2nicas. Ideal para dar um toque ex\u00f3tico a qualquer espa\u00e7o.<\/p>\n","protected":false},"featured_media":11845,"template":"","meta":{"_acf_changed":false},"product_brand":[],"product_cat":[513],"product_tag":[516],"class_list":{"0":"post-29563","1":"product","2":"type-product","3":"status-publish","4":"has-post-thumbnail","6":"product_cat-bols","7":"product_tag-animais","8":"pa_motivo-tartarugas","10":"first","11":"instock","12":"shipping-taxable","13":"product-type-simple"},"acf":[],"_links":{"self":[{"href":"https:\/\/olemosaic.orbitalia.org\/pt-pt\/wp-json\/wp\/v2\/product\/29563","targetHints":{"allow":["GET"]}}],"collection":[{"href":"https:\/\/olemosaic.orbitalia.org\/pt-pt\/wp-json\/wp\/v2\/product"}],"about":[{"href":"https:\/\/olemosaic.orbitalia.org\/pt-pt\/wp-json\/wp\/v2\/types\/product"}],"wp:featuredmedia":[{"embeddable":true,"href":"https:\/\/olemosaic.orbitalia.org\/pt-pt\/wp-json\/wp\/v2\/media\/11845"}],"wp:attachment":[{"href":"https:\/\/olemosaic.orbitalia.org\/pt-pt\/wp-json\/wp\/v2\/media?parent=29563"}],"wp:term":[{"taxonomy":"product_brand","embeddable":true,"href":"https:\/\/olemosaic.orbitalia.org\/pt-pt\/wp-json\/wp\/v2\/product_brand?post=29563"},{"taxonomy":"product_cat","embeddable":true,"href":"https:\/\/olemosaic.orbitalia.org\/pt-pt\/wp-json\/wp\/v2\/product_cat?post=29563"},{"taxonomy":"product_tag","embeddable":true,"href":"https:\/\/olemosaic.orbitalia.org\/pt-pt\/wp-json\/wp\/v2\/product_tag?post=29563"}],"curies":[{"name":"wp","href":"https:\/\/api.w.org\/{rel}","templated":true}]}}