{"id":29515,"date":"2025-02-20T23:30:19","date_gmt":"2025-02-20T22:30:19","guid":{"rendered":"https:\/\/olemosaic.orbitalia.org\/producto\/bol-de-coco-azul-delfin-mallorca-5\/"},"modified":"2025-07-25T20:15:22","modified_gmt":"2025-07-25T18:15:22","slug":"taca-de-coco-azul-golfinho-maiorca-5","status":"publish","type":"product","link":"https:\/\/olemosaic.orbitalia.org\/pt-pt\/produto\/taca-de-coco-azul-golfinho-maiorca-5\/","title":{"rendered":"Ta\u00e7a de coco azul. Golfinho. Estilo mediterr\u00e2nico. Maiorca."},"content":{"rendered":"<p>Esta ta\u00e7a de coco decorada, num vibrante tom azul, evoca a beleza e a magia do mar Mediterr\u00e2neo, tornando-se uma recorda\u00e7\u00e3o imprescind\u00edvel de Maiorca. Desenhada com eleg\u00e2ncia, apresenta um encantador motivo pintado \u00e0 m\u00e3o no centro, que mostra um golfinho, s\u00edmbolo de alegria e liberdade no oceano. Ao redor do golfinho, um acabamento com efeito de mosaico desdobra-se numa variedade de azuis, que lembram as \u00e1guas cristalinas que rodeiam a ilha. Os detalhes em bronze, que emolduram o design, conferem um toque sofisticado, real\u00e7ando o car\u00e1cter artesanal da pe\u00e7a.<\/p>\n<p>Ideal tanto para servir aperitivos como para ser utilizada como elemento decorativo em qualquer casa, esta ta\u00e7a \u00e9 um lembrete do estilo de vida costeiro de Maiorca. A sua autenticidade e o meticuloso processo de elabora\u00e7\u00e3o artesanal fazem desta ta\u00e7a uma recorda\u00e7\u00e3o \u00fanica, que n\u00e3o s\u00f3 captura a ess\u00eancia da ilha, mas tamb\u00e9m celebra a sua rica liga\u00e7\u00e3o cultural com o mar.<\/p>\n<p>Na Ol\u00e9 Mosaic, orgulhamo-nos de oferecer produtos aut\u00eanticos e art\u00edsticos por grosso. Esta ta\u00e7a de coco \u00e9 uma excelente op\u00e7\u00e3o para lojas de presentes tur\u00edsticos que procuram adicionar um toque de autenticidade mediterr\u00e2nica \u00e0s suas prateleiras. Perfeita para quem deseja levar um peda\u00e7o de Maiorca, esta ta\u00e7a destaca-se como um s\u00edmbolo do patrim\u00f3nio artesanal e uma amostra do encanto mar\u00edtimo da regi\u00e3o.<\/p>\n","protected":false},"excerpt":{"rendered":"<p>Ta\u00e7a de coco decorada num vibrante azul, inspirada no encanto mar\u00edtimo de Maiorca. Esta atraente ta\u00e7a apresenta um design artesanal, pintado \u00e0 m\u00e3o, com motivos de golfinhos no centro, rodeada por um acabamento de efeito mosaico em diferentes tons de azul e detalhes em bronze. Ideal para servir aperitivos ou como pe\u00e7a decorativa, reflete a beleza do mar Mediterr\u00e2neo e a ess\u00eancia da ilha.<\/p>\n","protected":false},"featured_media":11889,"template":"","meta":{"_acf_changed":false},"product_brand":[],"product_cat":[513],"product_tag":[516],"class_list":{"0":"post-29515","1":"product","2":"type-product","3":"status-publish","4":"has-post-thumbnail","6":"product_cat-bols","7":"product_tag-animais","8":"pa_ciudad-mallorca","9":"pa_motivo-golfinhos","10":"pa_pais-espana","12":"first","13":"instock","14":"shipping-taxable","15":"product-type-simple"},"acf":[],"_links":{"self":[{"href":"https:\/\/olemosaic.orbitalia.org\/pt-pt\/wp-json\/wp\/v2\/product\/29515","targetHints":{"allow":["GET"]}}],"collection":[{"href":"https:\/\/olemosaic.orbitalia.org\/pt-pt\/wp-json\/wp\/v2\/product"}],"about":[{"href":"https:\/\/olemosaic.orbitalia.org\/pt-pt\/wp-json\/wp\/v2\/types\/product"}],"wp:featuredmedia":[{"embeddable":true,"href":"https:\/\/olemosaic.orbitalia.org\/pt-pt\/wp-json\/wp\/v2\/media\/11889"}],"wp:attachment":[{"href":"https:\/\/olemosaic.orbitalia.org\/pt-pt\/wp-json\/wp\/v2\/media?parent=29515"}],"wp:term":[{"taxonomy":"product_brand","embeddable":true,"href":"https:\/\/olemosaic.orbitalia.org\/pt-pt\/wp-json\/wp\/v2\/product_brand?post=29515"},{"taxonomy":"product_cat","embeddable":true,"href":"https:\/\/olemosaic.orbitalia.org\/pt-pt\/wp-json\/wp\/v2\/product_cat?post=29515"},{"taxonomy":"product_tag","embeddable":true,"href":"https:\/\/olemosaic.orbitalia.org\/pt-pt\/wp-json\/wp\/v2\/product_tag?post=29515"}],"curies":[{"name":"wp","href":"https:\/\/api.w.org\/{rel}","templated":true}]}}