{"id":29511,"date":"2025-02-20T22:30:19","date_gmt":"2025-02-20T22:30:19","guid":{"rendered":"https:\/\/olemosaic.orbitalia.org\/producto\/bol-de-coco-de-corazones-mariposa\/"},"modified":"2025-07-25T19:34:39","modified_gmt":"2025-07-25T17:34:39","slug":"taca-de-coco-de-coracoes-borboleta","status":"publish","type":"product","link":"https:\/\/olemosaic.orbitalia.org\/pt-pt\/produto\/taca-de-coco-de-coracoes-borboleta\/","title":{"rendered":"Ta\u00e7a de coco de cora\u00e7\u00f5es. Borboleta."},"content":{"rendered":"<p>Esta ta\u00e7a de coco decorada \u00e9 uma pe\u00e7a \u00fanica que combina eleg\u00e2ncia e artesanato, ideal para conferir um toque de cor a qualquer casa. Fabricada com cascas de coco, esta bela ta\u00e7a apresenta um acabamento brilhante que real\u00e7a os vibrantes mosaicos em tons de azul, laranja e castanho, dispostos em forma de cora\u00e7\u00f5es que adornam o seu interior. No centro da ta\u00e7a, uma borboleta pintada com grande detalhe simboliza a beleza e a liberdade da natureza. A combina\u00e7\u00e3o de cores n\u00e3o s\u00f3 adiciona um elemento visual atraente, como tamb\u00e9m evoca o calor e a riqueza da cultura artesanal da regi\u00e3o, celebrando a simbiose entre a natureza e a arte.<\/p>\n<p>Esta ta\u00e7a de cora\u00e7\u00f5es \u00e9 uma recorda\u00e7\u00e3o significativa que representa a heran\u00e7a cultural e o talento art\u00edstico dos artes\u00e3os locais. \u00c9 um excelente souvenir para quem procura uma pe\u00e7a aut\u00eantica que encapsule a ess\u00eancia da sua viagem. Na Ol\u00e9 Mosaic, como grossistas de produtos artesanais, oferecemos esta ta\u00e7a como parte da nossa cuidada sele\u00e7\u00e3o de souvenirs que real\u00e7am a riqueza cultural de Espanha e Portugal. Ideal para lojas de presentes tur\u00edsticos, esta ta\u00e7a de coco n\u00e3o s\u00f3 serve como elemento decorativo, mas tamb\u00e9m como um s\u00edmbolo de amor e beleza no lar.<\/p>\n","protected":false},"excerpt":{"rendered":"<p>Ta\u00e7a de coco decorada com um belo design de borboletas e cora\u00e7\u00f5es, ideal para adicionar um toque de cor e eleg\u00e2ncia \u00e0 sua casa. Este produto, elaborado com cascas de coco, apresenta um acabamento brilhante com mosaicos de tons azuis, laranjas e castanhos dispostos em forma de cora\u00e7\u00f5es no seu interior. Al\u00e9m disso, a borboleta pintada no centro adiciona um elemento distintivo e art\u00edstico, fundindo a beleza da natureza com o artesanato tradicional.<\/p>\n","protected":false},"featured_media":13476,"template":"","meta":{"_acf_changed":false},"product_brand":[],"product_cat":[513],"product_tag":[516],"class_list":{"0":"post-29511","1":"product","2":"type-product","3":"status-publish","4":"has-post-thumbnail","6":"product_cat-bols","7":"product_tag-animais","8":"pa_motivo-borboletas","10":"first","11":"instock","12":"shipping-taxable","13":"product-type-simple"},"acf":[],"_links":{"self":[{"href":"https:\/\/olemosaic.orbitalia.org\/pt-pt\/wp-json\/wp\/v2\/product\/29511","targetHints":{"allow":["GET"]}}],"collection":[{"href":"https:\/\/olemosaic.orbitalia.org\/pt-pt\/wp-json\/wp\/v2\/product"}],"about":[{"href":"https:\/\/olemosaic.orbitalia.org\/pt-pt\/wp-json\/wp\/v2\/types\/product"}],"wp:featuredmedia":[{"embeddable":true,"href":"https:\/\/olemosaic.orbitalia.org\/pt-pt\/wp-json\/wp\/v2\/media\/13476"}],"wp:attachment":[{"href":"https:\/\/olemosaic.orbitalia.org\/pt-pt\/wp-json\/wp\/v2\/media?parent=29511"}],"wp:term":[{"taxonomy":"product_brand","embeddable":true,"href":"https:\/\/olemosaic.orbitalia.org\/pt-pt\/wp-json\/wp\/v2\/product_brand?post=29511"},{"taxonomy":"product_cat","embeddable":true,"href":"https:\/\/olemosaic.orbitalia.org\/pt-pt\/wp-json\/wp\/v2\/product_cat?post=29511"},{"taxonomy":"product_tag","embeddable":true,"href":"https:\/\/olemosaic.orbitalia.org\/pt-pt\/wp-json\/wp\/v2\/product_tag?post=29511"}],"curies":[{"name":"wp","href":"https:\/\/api.w.org\/{rel}","templated":true}]}}