{"id":29510,"date":"2025-02-20T23:30:19","date_gmt":"2025-02-20T22:30:19","guid":{"rendered":"https:\/\/olemosaic.orbitalia.org\/producto\/bol-de-coco-salamandra\/"},"modified":"2025-07-25T20:28:56","modified_gmt":"2025-07-25T18:28:56","slug":"taca-de-coco-salamandra","status":"publish","type":"product","link":"https:\/\/olemosaic.orbitalia.org\/pt-pt\/produto\/taca-de-coco-salamandra\/","title":{"rendered":"Ta\u00e7a de coco. Salamandra."},"content":{"rendered":"<p>Esta ta\u00e7a de coco decorada \u00e9 uma pe\u00e7a \u00fanica que funde arte e funcionalidade, ideal para quem procura souvenirs aut\u00eanticos de Espanha. A delicada elabora\u00e7\u00e3o desta ta\u00e7a real\u00e7a o seu interior pintado \u00e0 m\u00e3o, adornado com um vibrante mosaico de fragmentos coloridos em tons de azul, rosa e \u00e2mbar, que criam um efeito visual cativante. O design apresenta a elegante figura de uma salamandra, um s\u00edmbolo de renova\u00e7\u00e3o e transforma\u00e7\u00e3o, que evoca a rica tradi\u00e7\u00e3o artesanal de diversas regi\u00f5es do pa\u00eds, onde o folclore e a natureza se entrela\u00e7am.<\/p>\n<p>A liga\u00e7\u00e3o cultural desta ta\u00e7a com o artesanato espanhol \u00e9 evidente atrav\u00e9s da t\u00e9cnica utilizada, que reflete anos de destreza e paix\u00e3o na sua cria\u00e7\u00e3o. Ideal como elemento decorativo na cozinha ou como um recipiente pr\u00e1tico para servir, esta ta\u00e7a \u00e9 mais do que um simples objeto; \u00e9 uma recorda\u00e7\u00e3o tang\u00edvel da hist\u00f3ria e da cultura que representam as tradi\u00e7\u00f5es espanholas.<\/p>\n<p>Na Ol\u00e9 Mosaic, dedicamo-nos \u00e0 distribui\u00e7\u00e3o de souvenirs por grosso, e esta ta\u00e7a de coco \u00e9 uma excelente op\u00e7\u00e3o para lojas de presentes tur\u00edsticos que procuram oferecer produtos aut\u00eanticos e de qualidade. Com o seu design vibrante e artesanato meticuloso, esta ta\u00e7a de coco \u00e9 uma recorda\u00e7\u00e3o perfeita que n\u00e3o s\u00f3 encantar\u00e1 os turistas, como tamb\u00e9m fomentar\u00e1 um apre\u00e7o pela rica heran\u00e7a cultural de Espanha.<\/p>\n","protected":false},"excerpt":{"rendered":"<p>Ta\u00e7a de coco decorada com um vibrante mosaico que representa salamandras, ideal para a cozinha ou como elemento decorativo. Esta atraente ta\u00e7a, feita de coco, apresenta um design interior artesanal, pintado \u00e0 m\u00e3o, com fragmentos coloridos em tons de azul, rosa e \u00e2mbar que criam um efeito visual cativante. A representa\u00e7\u00e3o da salamandra adiciona um toque folcl\u00f3rico, evocando a rica tradi\u00e7\u00e3o artesanal da regi\u00e3o. Perfeito para quem aprecia o artesanato e o design singular.<\/p>\n","protected":false},"featured_media":11800,"template":"","meta":{"_acf_changed":false},"product_brand":[],"product_cat":[513],"product_tag":[516],"class_list":{"0":"post-29510","1":"product","2":"type-product","3":"status-publish","4":"has-post-thumbnail","6":"product_cat-bols","7":"product_tag-animais","8":"pa_motivo-salamandras","10":"first","11":"instock","12":"shipping-taxable","13":"product-type-simple"},"acf":[],"_links":{"self":[{"href":"https:\/\/olemosaic.orbitalia.org\/pt-pt\/wp-json\/wp\/v2\/product\/29510","targetHints":{"allow":["GET"]}}],"collection":[{"href":"https:\/\/olemosaic.orbitalia.org\/pt-pt\/wp-json\/wp\/v2\/product"}],"about":[{"href":"https:\/\/olemosaic.orbitalia.org\/pt-pt\/wp-json\/wp\/v2\/types\/product"}],"wp:featuredmedia":[{"embeddable":true,"href":"https:\/\/olemosaic.orbitalia.org\/pt-pt\/wp-json\/wp\/v2\/media\/11800"}],"wp:attachment":[{"href":"https:\/\/olemosaic.orbitalia.org\/pt-pt\/wp-json\/wp\/v2\/media?parent=29510"}],"wp:term":[{"taxonomy":"product_brand","embeddable":true,"href":"https:\/\/olemosaic.orbitalia.org\/pt-pt\/wp-json\/wp\/v2\/product_brand?post=29510"},{"taxonomy":"product_cat","embeddable":true,"href":"https:\/\/olemosaic.orbitalia.org\/pt-pt\/wp-json\/wp\/v2\/product_cat?post=29510"},{"taxonomy":"product_tag","embeddable":true,"href":"https:\/\/olemosaic.orbitalia.org\/pt-pt\/wp-json\/wp\/v2\/product_tag?post=29510"}],"curies":[{"name":"wp","href":"https:\/\/api.w.org\/{rel}","templated":true}]}}