{"id":29507,"date":"2025-02-20T23:30:18","date_gmt":"2025-02-20T22:30:18","guid":{"rendered":"https:\/\/olemosaic.orbitalia.org\/producto\/bol-de-coco-flores-3\/"},"modified":"2025-07-25T18:43:44","modified_gmt":"2025-07-25T16:43:44","slug":"taca-de-coco-flores-3","status":"publish","type":"product","link":"https:\/\/olemosaic.orbitalia.org\/pt-pt\/produto\/taca-de-coco-flores-3\/","title":{"rendered":"Ta\u00e7a de coco. Flores. Base clara."},"content":{"rendered":"<p>Esta ta\u00e7a de coco decorada \u00e9 uma pe\u00e7a encantadora que capta a ess\u00eancia do folclore espanhol, ideal para adicionar um toque de cor e frescura a qualquer ambiente. O seu design vibrante apresenta uma base clara que real\u00e7a um delicado motivo floral numa paleta de tons azuis, rosas e verdes, elaborados com t\u00e9cnicas artesanais que refletem a rica tradi\u00e7\u00e3o da cer\u00e2mica na regi\u00e3o. Cada flor \u00e9 meticulosamente pintada \u00e0 m\u00e3o, o que garante que cada ta\u00e7a seja uma pe\u00e7a \u00fanica, perfeita tanto para servir aperitivos como para ser utilizada como elemento decorativo em qualquer casa.<\/p>\n<p>A ta\u00e7a simboliza a liga\u00e7\u00e3o com a natureza e a biodiversidade das tradi\u00e7\u00f5es locais, evocando a beleza das paisagens espanholas repletas de flores. Al\u00e9m disso, a sua versatilidade torna-a um excelente souvenir, permitindo levar para casa um peda\u00e7o aut\u00eantico da cultura espanhola.<\/p>\n<p>Na Ol\u00e9 Mosaic, como grossista de souvenirs, oferecemos produtos artesanais elegantes e aut\u00eanticos que contam hist\u00f3rias e tradi\u00e7\u00f5es. Esta ta\u00e7a de coco \u00e9 uma op\u00e7\u00e3o ideal para lojas de presentes tur\u00edsticos que procuram artigos de qualidade que realcem a diversidade cultural e artesanal de Espanha. \u00c9 uma recorda\u00e7\u00e3o representativa que far\u00e1 com que cada cliente leve um toque do calor e da beleza da regi\u00e3o.<\/p>\n","protected":false},"excerpt":{"rendered":"<p>Ta\u00e7a de coco decorada com um design floral vibrante, perfeita para adicionar cor e frescura a qualquer divis\u00e3o. Esta encantadora ta\u00e7a apresenta uma base clara com motivos florais em tons azuis, rosas e verdes, criados artesanalmente. Ideal para servir aperitivos ou como elemento decorativo, esta ta\u00e7a reflete o folclore e a beleza das tradi\u00e7\u00f5es artesanais da regi\u00e3o.<\/p>\n","protected":false},"featured_media":11831,"template":"","meta":{"_acf_changed":false},"product_brand":[],"product_cat":[513],"product_tag":[],"class_list":{"0":"post-29507","1":"product","2":"type-product","3":"status-publish","4":"has-post-thumbnail","6":"product_cat-bols","7":"pa_motivo-flores","9":"first","10":"instock","11":"shipping-taxable","12":"product-type-simple"},"acf":[],"_links":{"self":[{"href":"https:\/\/olemosaic.orbitalia.org\/pt-pt\/wp-json\/wp\/v2\/product\/29507","targetHints":{"allow":["GET"]}}],"collection":[{"href":"https:\/\/olemosaic.orbitalia.org\/pt-pt\/wp-json\/wp\/v2\/product"}],"about":[{"href":"https:\/\/olemosaic.orbitalia.org\/pt-pt\/wp-json\/wp\/v2\/types\/product"}],"wp:featuredmedia":[{"embeddable":true,"href":"https:\/\/olemosaic.orbitalia.org\/pt-pt\/wp-json\/wp\/v2\/media\/11831"}],"wp:attachment":[{"href":"https:\/\/olemosaic.orbitalia.org\/pt-pt\/wp-json\/wp\/v2\/media?parent=29507"}],"wp:term":[{"taxonomy":"product_brand","embeddable":true,"href":"https:\/\/olemosaic.orbitalia.org\/pt-pt\/wp-json\/wp\/v2\/product_brand?post=29507"},{"taxonomy":"product_cat","embeddable":true,"href":"https:\/\/olemosaic.orbitalia.org\/pt-pt\/wp-json\/wp\/v2\/product_cat?post=29507"},{"taxonomy":"product_tag","embeddable":true,"href":"https:\/\/olemosaic.orbitalia.org\/pt-pt\/wp-json\/wp\/v2\/product_tag?post=29507"}],"curies":[{"name":"wp","href":"https:\/\/api.w.org\/{rel}","templated":true}]}}