{"id":29436,"date":"2025-02-20T23:30:16","date_gmt":"2025-02-20T22:30:16","guid":{"rendered":"https:\/\/olemosaic.orbitalia.org\/producto\/bol-de-coco-con-flores-sardina-lisboa-2\/"},"modified":"2025-07-25T18:58:33","modified_gmt":"2025-07-25T16:58:33","slug":"taca-de-coco-com-flores-sardinha-lisboa-2","status":"publish","type":"product","link":"https:\/\/olemosaic.orbitalia.org\/pt-pt\/produto\/taca-de-coco-com-flores-sardinha-lisboa-2\/","title":{"rendered":"Ta\u00e7a de coco com flores. Sardinha. Lisboa. Portugal."},"content":{"rendered":"<p>Esta ta\u00e7a de coco decorada \u00e9 uma aut\u00eantica obra-prima que capta a ess\u00eancia vibrante do folclore lisboeta. Com um design que combina pe\u00e7as de cer\u00e2mica numa alegre paleta de amarelos, vermelhos e azuis, esta ta\u00e7a evoca a luz e a cor que caracterizam a capital portuguesa. O seu motivo central, uma sardinha estilizada acompanhada da palavra &#8220;LISBOA&#8221; em letras claras, n\u00e3o s\u00f3 adorna a ta\u00e7a, como tamb\u00e9m presta homenagem \u00e0 rica tradi\u00e7\u00e3o piscat\u00f3ria da regi\u00e3o, simbolizando a import\u00e2ncia da sardinha na gastronomia local.<\/p>\n<p>Feita \u00e0 m\u00e3o por artes\u00e3os especialistas, cada ta\u00e7a \u00e9 uma pe\u00e7a \u00fanica que real\u00e7a a dedica\u00e7\u00e3o e o talento envolvidos na sua cria\u00e7\u00e3o. Ideal tanto para servir aperitivos como para us\u00e1-la como um elegante elemento decorativo, esta ta\u00e7a de coco trar\u00e1 um toque distintivo e aut\u00eantico a qualquer casa, tornando-se uma viagem sensorial a Lisboa cada vez que for utilizada.<\/p>\n<p>Esta ta\u00e7a n\u00e3o representa apenas uma lembran\u00e7a representativa de Lisboa, mas \u00e9 tamb\u00e9m uma excelente op\u00e7\u00e3o para lojas de presentes tur\u00edsticos que procuram produtos que encapsulem a cultura portuguesa. Na Ol\u00e9 Mosaic, distribu\u00edmos lembran\u00e7as aut\u00eanticas por grosso que celebram a riqueza do patrim\u00f3nio cultural de Portugal, tornando cada pe\u00e7a uma recorda\u00e7\u00e3o perfeita da experi\u00eancia de viagem.<\/p>\n","protected":false},"excerpt":{"rendered":"<p>Ta\u00e7a de coco decorada com um vibrante mosaico floral, s\u00edmbolo do colorido folclore lisboeta. Esta atraente ta\u00e7a apresenta, no seu centro, uma sardinha acompanhada da palavra &#8220;LISBOA&#8221; em letras claras. O seu design incorpora pe\u00e7as de cer\u00e2mica em tons de amarelo, vermelho e azul, que evocam a ess\u00eancia brilhante da cidade. Feita \u00e0 m\u00e3o, esta ta\u00e7a \u00e9 ideal para servir ou como um elegante elemento decorativo que trar\u00e1 um toque portugu\u00eas a qualquer casa.<\/p>\n","protected":false},"featured_media":10324,"template":"","meta":{"_acf_changed":false},"product_brand":[],"product_cat":[513],"product_tag":[516],"class_list":{"0":"post-29436","1":"product","2":"type-product","3":"status-publish","4":"has-post-thumbnail","6":"product_cat-bols","7":"product_tag-animais","8":"pa_ciudad-lisboa","9":"pa_motivo-sardinhas","10":"pa_pais-portugal","12":"first","13":"instock","14":"shipping-taxable","15":"product-type-simple"},"acf":[],"_links":{"self":[{"href":"https:\/\/olemosaic.orbitalia.org\/pt-pt\/wp-json\/wp\/v2\/product\/29436","targetHints":{"allow":["GET"]}}],"collection":[{"href":"https:\/\/olemosaic.orbitalia.org\/pt-pt\/wp-json\/wp\/v2\/product"}],"about":[{"href":"https:\/\/olemosaic.orbitalia.org\/pt-pt\/wp-json\/wp\/v2\/types\/product"}],"wp:featuredmedia":[{"embeddable":true,"href":"https:\/\/olemosaic.orbitalia.org\/pt-pt\/wp-json\/wp\/v2\/media\/10324"}],"wp:attachment":[{"href":"https:\/\/olemosaic.orbitalia.org\/pt-pt\/wp-json\/wp\/v2\/media?parent=29436"}],"wp:term":[{"taxonomy":"product_brand","embeddable":true,"href":"https:\/\/olemosaic.orbitalia.org\/pt-pt\/wp-json\/wp\/v2\/product_brand?post=29436"},{"taxonomy":"product_cat","embeddable":true,"href":"https:\/\/olemosaic.orbitalia.org\/pt-pt\/wp-json\/wp\/v2\/product_cat?post=29436"},{"taxonomy":"product_tag","embeddable":true,"href":"https:\/\/olemosaic.orbitalia.org\/pt-pt\/wp-json\/wp\/v2\/product_tag?post=29436"}],"curies":[{"name":"wp","href":"https:\/\/api.w.org\/{rel}","templated":true}]}}