{"id":29434,"date":"2025-02-20T22:30:16","date_gmt":"2025-02-20T22:30:16","guid":{"rendered":"https:\/\/olemosaic.orbitalia.org\/producto\/bol-de-coco-isla-menorca\/"},"modified":"2025-07-25T18:54:59","modified_gmt":"2025-07-25T16:54:59","slug":"taca-de-coco-ilha-menorca","status":"publish","type":"product","link":"https:\/\/olemosaic.orbitalia.org\/pt-pt\/produto\/taca-de-coco-ilha-menorca\/","title":{"rendered":"Ta\u00e7a de coco. Ilha. Menorca."},"content":{"rendered":"<p>Esta ta\u00e7a de coco decorada \u00e9 uma aut\u00eantica obra de arte, inspirada na encantadora ilha de Menorca. Com uma base em tons suaves que evocam a tranquilidade do mar Mediterr\u00e2neo, a ta\u00e7a \u00e9 adornada com um vibrante design de mosaico em tons de rosa, azul, amarelo e roxo, criando um contraste visual cativante. Cada cor vibrante reflete a rica flora e fauna que caracterizam a natureza de Menorca, transportando quem a possui para as paisagens ensolaradas desta bela ilha.<\/p>\n<p>No centro da ta\u00e7a destaca-se a silhueta de Menorca, impressa num elegante acabamento terracota que adiciona um toque r\u00fastico e aut\u00eantico ao produto. Este detalhe, al\u00e9m de ser esteticamente atraente, estabelece uma profunda liga\u00e7\u00e3o cultural, tornando esta pe\u00e7a uma recorda\u00e7\u00e3o representativa da ilha. Ideal tanto como elemento decorativo em casa como para servir refei\u00e7\u00f5es, esta ta\u00e7a combina a qualidade artesanal com um design \u00fanico que assegura a sua relev\u00e2ncia em qualquer contexto.<\/p>\n<p>Na Ol\u00e9 Mosaic, somos especialistas na distribui\u00e7\u00e3o de lembran\u00e7as por grosso, e esta ta\u00e7a de coco decorada \u00e9 uma excelente op\u00e7\u00e3o para lojas de presentes tur\u00edsticos que procuram produtos aut\u00eanticos e culturalmente significativos. Esta lembran\u00e7a de Menorca capta a ess\u00eancia da ilha, sendo uma pe\u00e7a memor\u00e1vel que encantar\u00e1 turistas e colecionadores. Como grossistas de produtos artesanais, garantimos a melhor qualidade e autenticidade em cada artigo que oferecemos.<\/p>\n","protected":false},"excerpt":{"rendered":"<p>Ta\u00e7a de coco decorativa, inspirada na ilha de Menorca. Esta encantadora ta\u00e7a apresenta uma base em tons suaves, adornada com um design de mosaico em vibrantes tons de rosa, azul, amarelo e roxo, que evocam a beleza natural da ilha. No centro, destaca-se a silhueta de Menorca, impressa com um acabamento em cor terracota. Ideal como pe\u00e7a decorativa ou para servir, combina qualidade e artesanato num design \u00fanico.<\/p>\n","protected":false},"featured_media":11953,"template":"","meta":{"_acf_changed":false},"product_brand":[],"product_cat":[513],"product_tag":[],"class_list":{"0":"post-29434","1":"product","2":"type-product","3":"status-publish","4":"has-post-thumbnail","6":"product_cat-bols","7":"pa_ciudad-menorca","8":"pa_motivo-ilhas","9":"pa_pais-espana","11":"first","12":"instock","13":"shipping-taxable","14":"product-type-simple"},"acf":[],"_links":{"self":[{"href":"https:\/\/olemosaic.orbitalia.org\/pt-pt\/wp-json\/wp\/v2\/product\/29434","targetHints":{"allow":["GET"]}}],"collection":[{"href":"https:\/\/olemosaic.orbitalia.org\/pt-pt\/wp-json\/wp\/v2\/product"}],"about":[{"href":"https:\/\/olemosaic.orbitalia.org\/pt-pt\/wp-json\/wp\/v2\/types\/product"}],"wp:featuredmedia":[{"embeddable":true,"href":"https:\/\/olemosaic.orbitalia.org\/pt-pt\/wp-json\/wp\/v2\/media\/11953"}],"wp:attachment":[{"href":"https:\/\/olemosaic.orbitalia.org\/pt-pt\/wp-json\/wp\/v2\/media?parent=29434"}],"wp:term":[{"taxonomy":"product_brand","embeddable":true,"href":"https:\/\/olemosaic.orbitalia.org\/pt-pt\/wp-json\/wp\/v2\/product_brand?post=29434"},{"taxonomy":"product_cat","embeddable":true,"href":"https:\/\/olemosaic.orbitalia.org\/pt-pt\/wp-json\/wp\/v2\/product_cat?post=29434"},{"taxonomy":"product_tag","embeddable":true,"href":"https:\/\/olemosaic.orbitalia.org\/pt-pt\/wp-json\/wp\/v2\/product_tag?post=29434"}],"curies":[{"name":"wp","href":"https:\/\/api.w.org\/{rel}","templated":true}]}}