{"id":29433,"date":"2025-02-20T23:30:16","date_gmt":"2025-02-20T22:30:16","guid":{"rendered":"https:\/\/olemosaic.orbitalia.org\/producto\/bol-de-coco-con-flores-isla-tenerife\/"},"modified":"2025-07-25T19:41:43","modified_gmt":"2025-07-25T17:41:43","slug":"taca-de-coco-com-flores-ilha-tenerife","status":"publish","type":"product","link":"https:\/\/olemosaic.orbitalia.org\/pt-pt\/produto\/taca-de-coco-com-flores-ilha-tenerife\/","title":{"rendered":"Ta\u00e7a de coco com flores. Ilha. Tenerife."},"content":{"rendered":"<p>Esta ta\u00e7a de coco decorada \u00e9 uma aut\u00eantica joia que capta a ess\u00eancia de Tenerife, um destino tur\u00edstico vibrante nas Ilhas Can\u00e1rias. Com o seu design pintado \u00e0 m\u00e3o, a ta\u00e7a apresenta um fundo claro que real\u00e7a um conjunto de flores coloridas em tons de azul, vermelho e dourado, evocando a flora local e a exuber\u00e2ncia da natureza de Tenerife. Os detalhes em concha adicionam um toque de brilho, tornando cada pe\u00e7a \u00fanica e exclusiva. No interior da ta\u00e7a, destaca-se a silhueta da ilha de Tenerife, um s\u00edmbolo que refor\u00e7a a liga\u00e7\u00e3o cultural com esta regi\u00e3o do Atl\u00e2ntico.<\/p>\n<p>Esta ta\u00e7a \u00e9 vers\u00e1til, tanto como elemento decorativo como para uso culin\u00e1rio. Perfeita para servir aperitivos, saladas ou como centro de mesa, esta lembran\u00e7a de Tenerife \u00e9 uma recorda\u00e7\u00e3o tang\u00edvel da beleza da ilha. A sua autenticidade e design art\u00edstico tornam-na um presente representativo das tradi\u00e7\u00f5es can\u00e1rias.<\/p>\n<p>Na Ol\u00e9 Mosaic, especializamo-nos na distribui\u00e7\u00e3o de lembran\u00e7as por grosso, e esta ta\u00e7a de coco decorada \u00e9 uma excelente op\u00e7\u00e3o para lojas de presentes tur\u00edsticos que procuram produtos aut\u00eanticos e culturalmente relevantes. Como grossistas de lembran\u00e7as de Tenerife, garantimos qualidade e artesanato em cada produto que oferecemos.<\/p>\n","protected":false},"excerpt":{"rendered":"<p>Ta\u00e7a de coco decorada com flores coloridas e motivos que evocam a beleza da ilha de Tenerife. Esta encantadora ta\u00e7a, de design artesanal e pintada \u00e0 m\u00e3o, apresenta um design com um fundo claro adornado por p\u00e9talas em tons de azul, vermelho e dourado, combinados com pe\u00e7as de concha que lhe conferem um toque brilhante. No seu interior, destaca-se a silhueta de Tenerife, sublinhando o seu v\u00ednculo com a cultura local. Perfeita como elemento decorativo ou para usos culin\u00e1rios.<\/p>\n","protected":false},"featured_media":10316,"template":"","meta":{"_acf_changed":false},"product_brand":[],"product_cat":[513],"product_tag":[],"class_list":{"0":"post-29433","1":"product","2":"type-product","3":"status-publish","4":"has-post-thumbnail","6":"product_cat-bols","7":"pa_ciudad-tenerife","8":"pa_motivo-ilhas","9":"pa_pais-espana","11":"first","12":"instock","13":"shipping-taxable","14":"product-type-simple"},"acf":[],"_links":{"self":[{"href":"https:\/\/olemosaic.orbitalia.org\/pt-pt\/wp-json\/wp\/v2\/product\/29433","targetHints":{"allow":["GET"]}}],"collection":[{"href":"https:\/\/olemosaic.orbitalia.org\/pt-pt\/wp-json\/wp\/v2\/product"}],"about":[{"href":"https:\/\/olemosaic.orbitalia.org\/pt-pt\/wp-json\/wp\/v2\/types\/product"}],"wp:featuredmedia":[{"embeddable":true,"href":"https:\/\/olemosaic.orbitalia.org\/pt-pt\/wp-json\/wp\/v2\/media\/10316"}],"wp:attachment":[{"href":"https:\/\/olemosaic.orbitalia.org\/pt-pt\/wp-json\/wp\/v2\/media?parent=29433"}],"wp:term":[{"taxonomy":"product_brand","embeddable":true,"href":"https:\/\/olemosaic.orbitalia.org\/pt-pt\/wp-json\/wp\/v2\/product_brand?post=29433"},{"taxonomy":"product_cat","embeddable":true,"href":"https:\/\/olemosaic.orbitalia.org\/pt-pt\/wp-json\/wp\/v2\/product_cat?post=29433"},{"taxonomy":"product_tag","embeddable":true,"href":"https:\/\/olemosaic.orbitalia.org\/pt-pt\/wp-json\/wp\/v2\/product_tag?post=29433"}],"curies":[{"name":"wp","href":"https:\/\/api.w.org\/{rel}","templated":true}]}}