{"id":29404,"date":"2025-02-20T23:30:16","date_gmt":"2025-02-20T22:30:16","guid":{"rendered":"https:\/\/olemosaic.orbitalia.org\/producto\/bol-de-coco-ibiscus\/"},"modified":"2025-07-25T18:53:42","modified_gmt":"2025-07-25T16:53:42","slug":"taca-de-coco-hibisco","status":"publish","type":"product","link":"https:\/\/olemosaic.orbitalia.org\/pt-pt\/produto\/taca-de-coco-hibisco\/","title":{"rendered":"Ta\u00e7a de coco. Hibisco."},"content":{"rendered":"<p>Esta ta\u00e7a de coco decorada \u00e9 uma preciosa recorda\u00e7\u00e3o emblem\u00e1tica das Ilhas Baleares, que se destaca pelo seu vibrante mosaico de cores, fundindo tons de rosa, azul e amarelo. Decorada artesanalmente por artes\u00e3os locais, este produto n\u00e3o \u00e9 apenas funcional para servir alimentos, mas tamb\u00e9m uma cativante pe\u00e7a decorativa que adiciona um toque de encanto mediterr\u00e2nico a qualquer casa. No centro da ta\u00e7a, a ilustra\u00e7\u00e3o de uma flor de hibisco real\u00e7a o seu design, simbolizando a rica biodiversidade da regi\u00e3o e a beleza natural que caracteriza as Baleares.<\/p>\n<p>Os pequenos peda\u00e7os de cer\u00e2mica que comp\u00f5em o mosaico est\u00e3o cuidadosamente dispostos, criando um efeito visual din\u00e2mico que atrai a aten\u00e7\u00e3o e oferece uma sensa\u00e7\u00e3o de autenticidade e tradi\u00e7\u00e3o. Esta ta\u00e7a de coco \u00e9 perfeita para apresentar frutas, aperitivos ou como um atraente elemento decorativo em mesas e prateleiras. A liga\u00e7\u00e3o cultural com as Ilhas Baleares manifesta-se em cada detalhe, tornando-a uma recorda\u00e7\u00e3o representativa da regi\u00e3o que os turistas desejar\u00e3o levar para casa.<\/p>\n<p>Na Ol\u00e9 Mosaic, dedicamo-nos \u00e0 distribui\u00e7\u00e3o de recorda\u00e7\u00f5es por grosso, e esta ta\u00e7a de coco \u00e9 uma op\u00e7\u00e3o ideal para lojas de presentes tur\u00edsticos que procuram oferecer produtos aut\u00eanticos e de qualidade. Com a sua relev\u00e2ncia cultural e est\u00e9tica vibrante, esta ta\u00e7a \u00e9 um excelente exemplo de recorda\u00e7\u00e3o balear que atrair\u00e1 quem procura um peda\u00e7o da riqueza cultural de Espanha.<\/p>\n","protected":false},"excerpt":{"rendered":"<p>Ta\u00e7a de coco decorada com um colorido mosaico de tons rosa, azul e amarelo, inspirado no folclore das Ilhas Baleares. Esta preciosa ta\u00e7a, feita \u00e0 m\u00e3o, destaca-se pelo seu design elegante e pela representa\u00e7\u00e3o de uma flor de hibisco no centro, que simboliza a riqueza natural da regi\u00e3o. Perfeita para servir alimentos ou como elemento decorativo, adiciona um toque vibrante a qualquer casa.<\/p>\n","protected":false},"featured_media":13519,"template":"","meta":{"_acf_changed":false},"product_brand":[],"product_cat":[513],"product_tag":[],"class_list":{"0":"post-29404","1":"product","2":"type-product","3":"status-publish","4":"has-post-thumbnail","6":"product_cat-bols","7":"pa_motivo-hibisco","9":"first","10":"instock","11":"shipping-taxable","12":"product-type-simple"},"acf":[],"_links":{"self":[{"href":"https:\/\/olemosaic.orbitalia.org\/pt-pt\/wp-json\/wp\/v2\/product\/29404","targetHints":{"allow":["GET"]}}],"collection":[{"href":"https:\/\/olemosaic.orbitalia.org\/pt-pt\/wp-json\/wp\/v2\/product"}],"about":[{"href":"https:\/\/olemosaic.orbitalia.org\/pt-pt\/wp-json\/wp\/v2\/types\/product"}],"wp:featuredmedia":[{"embeddable":true,"href":"https:\/\/olemosaic.orbitalia.org\/pt-pt\/wp-json\/wp\/v2\/media\/13519"}],"wp:attachment":[{"href":"https:\/\/olemosaic.orbitalia.org\/pt-pt\/wp-json\/wp\/v2\/media?parent=29404"}],"wp:term":[{"taxonomy":"product_brand","embeddable":true,"href":"https:\/\/olemosaic.orbitalia.org\/pt-pt\/wp-json\/wp\/v2\/product_brand?post=29404"},{"taxonomy":"product_cat","embeddable":true,"href":"https:\/\/olemosaic.orbitalia.org\/pt-pt\/wp-json\/wp\/v2\/product_cat?post=29404"},{"taxonomy":"product_tag","embeddable":true,"href":"https:\/\/olemosaic.orbitalia.org\/pt-pt\/wp-json\/wp\/v2\/product_tag?post=29404"}],"curies":[{"name":"wp","href":"https:\/\/api.w.org\/{rel}","templated":true}]}}