{"id":29403,"date":"2025-02-20T23:30:15","date_gmt":"2025-02-20T22:30:15","guid":{"rendered":"https:\/\/olemosaic.orbitalia.org\/producto\/bol-de-coco-con-flores-caballito-de-mar-mallorca\/"},"modified":"2025-07-25T19:08:47","modified_gmt":"2025-07-25T17:08:47","slug":"taca-de-coco-com-flores-cavalo-marinho-maiorca","status":"publish","type":"product","link":"https:\/\/olemosaic.orbitalia.org\/pt-pt\/produto\/taca-de-coco-com-flores-cavalo-marinho-maiorca\/","title":{"rendered":"Ta\u00e7a de coco com flores. Cavalo-marinho. Maiorca."},"content":{"rendered":"<p>Esta ta\u00e7a de coco decorada \u00e9 um belo exemplo da arte tradicional de Maiorca, ideal para quem procura recorda\u00e7\u00f5es aut\u00eanticas e representativas da cultura balear. Elaborada em cer\u00e2mica de alta qualidade, a ta\u00e7a destaca-se pelo seu atraente design floral que emoldura o ic\u00f3nico cavalo-marinho, um s\u00edmbolo do rico patrim\u00f3nio marinho da ilha. A t\u00e9cnica de pintura \u00e0 m\u00e3o, que se aprecia nas vibrantes cores amarelas, vermelhas e azuis, contrasta de forma encantadora com o fundo claro da ta\u00e7a, criando uma pe\u00e7a visualmente impactante.<\/p>\n<p>No centro, a representa\u00e7\u00e3o do cavalo-marinho encontra-se rodeada de elementos florais que evocam a beleza natural das costas de Maiorca. Cada detalhe da ta\u00e7a reflete a dedica\u00e7\u00e3o e a arte dos ceramistas locais, tornando-a um objeto n\u00e3o s\u00f3 funcional, mas tamb\u00e9m decorativo, perfeito para qualquer casa.<\/p>\n<p>Como parte da nossa oferta na Ol\u00e9 Mosaic, esta ta\u00e7a \u00e9 uma excelente op\u00e7\u00e3o para lojas de presentes tur\u00edsticos que procuram produtos aut\u00eanticos e de qualidade. Com a sua liga\u00e7\u00e3o cultural e a sua rica heran\u00e7a, esta recorda\u00e7\u00e3o de Maiorca torna-se uma lembran\u00e7a inesquec\u00edvel que encantar\u00e1 os visitantes e os amantes da cultura. Ao oferecer este tipo de artigos, garante-se que cada cliente leva consigo um peda\u00e7o da magia das Ilhas Baleares.<\/p>\n","protected":false},"excerpt":{"rendered":"<p>Ta\u00e7a de coco decorada com um atraente design floral que representa o emblem\u00e1tico cavalo-marinho, caracter\u00edstico de Maiorca. Elaborada em cer\u00e2mica, esta ta\u00e7a destaca-se pela sua t\u00e9cnica de design artesanal, pintada \u00e0 m\u00e3o, onde vibrantes cores amarelas, vermelhas e azuis contrastam com o fundo claro. No centro, o motivo do cavalo-marinho est\u00e1 rodeado de elementos florais, tornando-a uma pe\u00e7a decorativa \u00fanica e representativa da riqueza cultural das Ilhas Baleares.<\/p>\n","protected":false},"featured_media":10344,"template":"","meta":{"_acf_changed":false},"product_brand":[],"product_cat":[513],"product_tag":[516],"class_list":{"0":"post-29403","1":"product","2":"type-product","3":"status-publish","4":"has-post-thumbnail","6":"product_cat-bols","7":"product_tag-animais","8":"pa_ciudad-mallorca","9":"pa_motivo-cavalos-marinhos","10":"pa_pais-espana","12":"first","13":"instock","14":"shipping-taxable","15":"product-type-simple"},"acf":[],"_links":{"self":[{"href":"https:\/\/olemosaic.orbitalia.org\/pt-pt\/wp-json\/wp\/v2\/product\/29403","targetHints":{"allow":["GET"]}}],"collection":[{"href":"https:\/\/olemosaic.orbitalia.org\/pt-pt\/wp-json\/wp\/v2\/product"}],"about":[{"href":"https:\/\/olemosaic.orbitalia.org\/pt-pt\/wp-json\/wp\/v2\/types\/product"}],"wp:featuredmedia":[{"embeddable":true,"href":"https:\/\/olemosaic.orbitalia.org\/pt-pt\/wp-json\/wp\/v2\/media\/10344"}],"wp:attachment":[{"href":"https:\/\/olemosaic.orbitalia.org\/pt-pt\/wp-json\/wp\/v2\/media?parent=29403"}],"wp:term":[{"taxonomy":"product_brand","embeddable":true,"href":"https:\/\/olemosaic.orbitalia.org\/pt-pt\/wp-json\/wp\/v2\/product_brand?post=29403"},{"taxonomy":"product_cat","embeddable":true,"href":"https:\/\/olemosaic.orbitalia.org\/pt-pt\/wp-json\/wp\/v2\/product_cat?post=29403"},{"taxonomy":"product_tag","embeddable":true,"href":"https:\/\/olemosaic.orbitalia.org\/pt-pt\/wp-json\/wp\/v2\/product_tag?post=29403"}],"curies":[{"name":"wp","href":"https:\/\/api.w.org\/{rel}","templated":true}]}}