{"id":29376,"date":"2025-02-20T22:30:15","date_gmt":"2025-02-20T22:30:15","guid":{"rendered":"https:\/\/olemosaic.orbitalia.org\/producto\/bol-de-coco-tortuga-mallorca-2\/"},"modified":"2025-07-25T20:46:26","modified_gmt":"2025-07-25T18:46:26","slug":"taca-de-coco-tartaruga-maiorca-2","status":"publish","type":"product","link":"https:\/\/olemosaic.orbitalia.org\/pt-pt\/produto\/taca-de-coco-tartaruga-maiorca-2\/","title":{"rendered":"Ta\u00e7a de coco. Tartaruga. Maiorca."},"content":{"rendered":"<p>Esta ta\u00e7a de coco decorada \u00e9 uma recorda\u00e7\u00e3o encantadora que captura a ess\u00eancia vibrante da vida marinha de Maiorca. Com um design colorido inspirado no Mediterr\u00e2neo, a ta\u00e7a apresenta no seu centro uma bela tartaruga, s\u00edmbolo da rica biodiversidade marinha da regi\u00e3o, rodeada por um padr\u00e3o de mosaico vibrante em tons de azul, rosa, amarelo e laranja. Cada pe\u00e7a do mosaico \u00e9 meticulosamente colocada, criando um efeito visual din\u00e2mico e atraente que evocar\u00e1 recorda\u00e7\u00f5es de sol e praia.<\/p>\n<p>O acabamento artesanal da ta\u00e7a confere-lhe um car\u00e1cter distintivo, marcado pela autenticidade do seu fabrico. Ideal para adornar qualquer canto da casa ou como uma bonita recorda\u00e7\u00e3o para quem deseja levar um peda\u00e7o do Mediterr\u00e2neo. Este produto n\u00e3o \u00e9 apenas est\u00e9tico, mas tamb\u00e9m funcional, pois pode servir tanto para apresentar pequenos objetos como para ser utilizado na cozinha.<\/p>\n<p>Na Ol\u00e9 Mosaic, especializamo-nos na distribui\u00e7\u00e3o de recorda\u00e7\u00f5es aut\u00eanticas por grosso, e esta ta\u00e7a de coco \u00e9 uma excelente op\u00e7\u00e3o para lojas de recorda\u00e7\u00f5es tur\u00edsticas que procuram oferecer aos seus clientes produtos de alta qualidade. Com a sua liga\u00e7\u00e3o cultural e o seu design atraente, esta ta\u00e7a tornar-se-\u00e1 um representante de destaque das recorda\u00e7\u00f5es de Maiorca, perfeita para turistas que procuram uma recorda\u00e7\u00e3o \u00fanica e significativa.<\/p>\n","protected":false},"excerpt":{"rendered":"<p>Ta\u00e7a de coco decorada, inspirada na vida marinha de Maiorca e com um design de mosaico colorido. Esta atraente ta\u00e7a apresenta uma bonita tartaruga no centro, rodeada por um padr\u00e3o vibrante de pe\u00e7as em tons de azul, rosa, amarelo e laranja. Elaborada com esmero, o seu acabamento confere-lhe um toque artesanal e aut\u00eantico, ideal para adornar qualquer canto da sua casa ou como uma bonita recorda\u00e7\u00e3o que evoca a ess\u00eancia do Mediterr\u00e2neo.<\/p>\n","protected":false},"featured_media":11822,"template":"","meta":{"_acf_changed":false},"product_brand":[],"product_cat":[513],"product_tag":[516],"class_list":{"0":"post-29376","1":"product","2":"type-product","3":"status-publish","4":"has-post-thumbnail","6":"product_cat-bols","7":"product_tag-animais","8":"pa_ciudad-mallorca","9":"pa_motivo-tartarugas","10":"pa_pais-espana","12":"first","13":"instock","14":"shipping-taxable","15":"product-type-simple"},"acf":[],"_links":{"self":[{"href":"https:\/\/olemosaic.orbitalia.org\/pt-pt\/wp-json\/wp\/v2\/product\/29376","targetHints":{"allow":["GET"]}}],"collection":[{"href":"https:\/\/olemosaic.orbitalia.org\/pt-pt\/wp-json\/wp\/v2\/product"}],"about":[{"href":"https:\/\/olemosaic.orbitalia.org\/pt-pt\/wp-json\/wp\/v2\/types\/product"}],"wp:featuredmedia":[{"embeddable":true,"href":"https:\/\/olemosaic.orbitalia.org\/pt-pt\/wp-json\/wp\/v2\/media\/11822"}],"wp:attachment":[{"href":"https:\/\/olemosaic.orbitalia.org\/pt-pt\/wp-json\/wp\/v2\/media?parent=29376"}],"wp:term":[{"taxonomy":"product_brand","embeddable":true,"href":"https:\/\/olemosaic.orbitalia.org\/pt-pt\/wp-json\/wp\/v2\/product_brand?post=29376"},{"taxonomy":"product_cat","embeddable":true,"href":"https:\/\/olemosaic.orbitalia.org\/pt-pt\/wp-json\/wp\/v2\/product_cat?post=29376"},{"taxonomy":"product_tag","embeddable":true,"href":"https:\/\/olemosaic.orbitalia.org\/pt-pt\/wp-json\/wp\/v2\/product_tag?post=29376"}],"curies":[{"name":"wp","href":"https:\/\/api.w.org\/{rel}","templated":true}]}}