{"id":29372,"date":"2025-02-20T23:30:15","date_gmt":"2025-02-20T22:30:15","guid":{"rendered":"https:\/\/olemosaic.orbitalia.org\/producto\/bol-de-coco-de-corazones-sardina-lisboa-2\/"},"modified":"2025-07-25T20:21:46","modified_gmt":"2025-07-25T18:21:46","slug":"taca-de-coco-coracoes-sardinha-lisboa-2","status":"publish","type":"product","link":"https:\/\/olemosaic.orbitalia.org\/pt-pt\/produto\/taca-de-coco-coracoes-sardinha-lisboa-2\/","title":{"rendered":"Ta\u00e7a de coco de cora\u00e7\u00f5es. Sardinha. Lisboa. Azulejos portugueses."},"content":{"rendered":"<p>Esta ta\u00e7a de coco decorada \u00e9 um exemplo encantador do artesanato lisboeta, desenhada com motivos vibrantes que capturam a ess\u00eancia de Lisboa. Confecionada artesanalmente, apresenta uma base de coco com um brilho natural e uma superf\u00edcie elegante adornada com mosaicos em tons suaves de marfim, azul e terracota. No centro, uma sardinha ilustrada num tom castanho quente destaca-se com eleg\u00e2ncia, simbolizando a rica tradi\u00e7\u00e3o piscat\u00f3ria da capital portuguesa. Em redor da sardinha, cora\u00e7\u00f5es coloridos em tons pastel evocam o amor e o calor da cultura lisboeta, tornando cada ta\u00e7a numa pe\u00e7a \u00fanica.<\/p>\n<p>Esta ta\u00e7a n\u00e3o serve apenas como um atraente objeto decorativo, mas tamb\u00e9m pode ser utilizada para servir deliciosos aperitivos, tornando-a num elemento vers\u00e1til para qualquer casa. O seu design, que combina funcionalidade e est\u00e9tica, torna-a numa excelente recorda\u00e7\u00e3o para quem procura levar um pedacinho de Lisboa.<\/p>\n<p>Na Ol\u00e9 Mosaic, o nosso compromisso \u00e9 oferecer recorda\u00e7\u00f5es aut\u00eanticas e representativas de cada regi\u00e3o. Esta ta\u00e7a de coco, com a sua liga\u00e7\u00e3o cultural e representa\u00e7\u00e3o art\u00edstica, \u00e9 uma op\u00e7\u00e3o ideal para lojas de recorda\u00e7\u00f5es tur\u00edsticas que procuram artigos de qualidade e relev\u00e2ncia cultural. Como grossista de recorda\u00e7\u00f5es, garantimos uma oferta \u00fanica que celebra a tradi\u00e7\u00e3o e a arte, perfeita para que os turistas levem uma recorda\u00e7\u00e3o inesquec\u00edvel da sua visita a Lisboa.<\/p>\n","protected":false},"excerpt":{"rendered":"<p>Ta\u00e7a de coco decorada com cora\u00e7\u00f5es coloridos e uma ilustra\u00e7\u00e3o de uma sardinha, emblema de Lisboa. Esta atraente ta\u00e7a, de fabrico artesanal, apresenta uma base de coco com um acabamento brilhante e mosaicos em tons suaves de marfim, azul e terracota. A sardinha central, num tom castanho, destaca-se no design, rodeada de cora\u00e7\u00f5es que evocam a cultura lisboeta. Ideal como pe\u00e7a decorativa ou para servir aperitivos.<\/p>\n","protected":false},"featured_media":10289,"template":"","meta":{"_acf_changed":false},"product_brand":[],"product_cat":[513],"product_tag":[516],"class_list":{"0":"post-29372","1":"product","2":"type-product","3":"status-publish","4":"has-post-thumbnail","6":"product_cat-bols","7":"product_tag-animais","8":"pa_ciudad-lisboa","9":"pa_motivo-sardinhas","10":"pa_pais-portugal","12":"first","13":"instock","14":"shipping-taxable","15":"product-type-simple"},"acf":[],"_links":{"self":[{"href":"https:\/\/olemosaic.orbitalia.org\/pt-pt\/wp-json\/wp\/v2\/product\/29372","targetHints":{"allow":["GET"]}}],"collection":[{"href":"https:\/\/olemosaic.orbitalia.org\/pt-pt\/wp-json\/wp\/v2\/product"}],"about":[{"href":"https:\/\/olemosaic.orbitalia.org\/pt-pt\/wp-json\/wp\/v2\/types\/product"}],"wp:featuredmedia":[{"embeddable":true,"href":"https:\/\/olemosaic.orbitalia.org\/pt-pt\/wp-json\/wp\/v2\/media\/10289"}],"wp:attachment":[{"href":"https:\/\/olemosaic.orbitalia.org\/pt-pt\/wp-json\/wp\/v2\/media?parent=29372"}],"wp:term":[{"taxonomy":"product_brand","embeddable":true,"href":"https:\/\/olemosaic.orbitalia.org\/pt-pt\/wp-json\/wp\/v2\/product_brand?post=29372"},{"taxonomy":"product_cat","embeddable":true,"href":"https:\/\/olemosaic.orbitalia.org\/pt-pt\/wp-json\/wp\/v2\/product_cat?post=29372"},{"taxonomy":"product_tag","embeddable":true,"href":"https:\/\/olemosaic.orbitalia.org\/pt-pt\/wp-json\/wp\/v2\/product_tag?post=29372"}],"curies":[{"name":"wp","href":"https:\/\/api.w.org\/{rel}","templated":true}]}}