{"id":29336,"date":"2025-02-20T22:30:14","date_gmt":"2025-02-20T22:30:14","guid":{"rendered":"https:\/\/olemosaic.orbitalia.org\/producto\/bol-de-coco-tortuga-menorca\/"},"modified":"2025-07-25T19:27:11","modified_gmt":"2025-07-25T17:27:11","slug":"taca-de-coco-tartaruga-menorca","status":"publish","type":"product","link":"https:\/\/olemosaic.orbitalia.org\/pt-pt\/produto\/taca-de-coco-tartaruga-menorca\/","title":{"rendered":"Ta\u00e7a de coco. Tartaruga. Menorca."},"content":{"rendered":"<p>Esta ta\u00e7a de coco decorada \u00e9 uma recorda\u00e7\u00e3o atraente de Menorca que captura a ess\u00eancia vibrante da fauna marinha mediterr\u00e2nica. O seu design apresenta um mosaico colorido, onde pequenos peda\u00e7os de cer\u00e2mica em tons azuis, rosas e terracota s\u00e3o montados meticulosamente, criando um efeito visual hipnotizante. No centro, destaca-se uma tartaruga, s\u00edmbolo da vida marinha que habita nas \u00e1guas cristalinas da ilha, complementada com um acabamento iridescente brilhante que real\u00e7a o car\u00e1ter artesanal do produto. O nome &#8220;MENORCA&#8221; aparece elegantemente na base, acrescentando um toque de autenticidade a esta pe\u00e7a \u00fanica.<\/p>\n<p>Esta ta\u00e7a n\u00e3o s\u00f3 \u00e9 funcional, como tamb\u00e9m serve como lembran\u00e7a das praias quentes e acolhedoras de Menorca, onde a natureza se encontra em harmonia com a cultura local. Ideal para qualquer casa, torna-se uma recorda\u00e7\u00e3o significativa para os turistas que desejem levar consigo um peda\u00e7o da beleza do Mediterr\u00e2neo. Na Ol\u00e9 Mosaic, especializamo-nos na distribui\u00e7\u00e3o de recorda\u00e7\u00f5es por grosso, oferecendo produtos como esta ta\u00e7a de coco que refletem a rica tradi\u00e7\u00e3o artesanal de Espanha. \u00c9 uma op\u00e7\u00e3o perfeita para lojas de recorda\u00e7\u00f5es tur\u00edsticas que procuram oferecer artigos aut\u00eanticos e representativos da regi\u00e3o.<\/p>\n","protected":false},"excerpt":{"rendered":"<p>Ta\u00e7a de coco decorada com um mosaico colorido que representa a fauna marinha de Menorca, com uma tartaruga como motivo central. Fabricada com coco natural, esta ta\u00e7a apresenta um design vibrante com pequenas pe\u00e7as em tons azuis, rosas e terracota, complementadas com detalhes iridescentes. A tartaruga e a inscri\u00e7\u00e3o &#8220;MENORCA&#8221; conferem-lhe um toque de autenticidade, tornando este produto uma pe\u00e7a ideal para recordar a beleza do Mediterr\u00e2neo.<\/p>\n","protected":false},"featured_media":11952,"template":"","meta":{"_acf_changed":false},"product_brand":[],"product_cat":[513],"product_tag":[516],"class_list":{"0":"post-29336","1":"product","2":"type-product","3":"status-publish","4":"has-post-thumbnail","6":"product_cat-bols","7":"product_tag-animais","8":"pa_ciudad-menorca","9":"pa_motivo-tartarugas","10":"pa_pais-espana","12":"first","13":"instock","14":"shipping-taxable","15":"product-type-simple"},"acf":[],"_links":{"self":[{"href":"https:\/\/olemosaic.orbitalia.org\/pt-pt\/wp-json\/wp\/v2\/product\/29336","targetHints":{"allow":["GET"]}}],"collection":[{"href":"https:\/\/olemosaic.orbitalia.org\/pt-pt\/wp-json\/wp\/v2\/product"}],"about":[{"href":"https:\/\/olemosaic.orbitalia.org\/pt-pt\/wp-json\/wp\/v2\/types\/product"}],"wp:featuredmedia":[{"embeddable":true,"href":"https:\/\/olemosaic.orbitalia.org\/pt-pt\/wp-json\/wp\/v2\/media\/11952"}],"wp:attachment":[{"href":"https:\/\/olemosaic.orbitalia.org\/pt-pt\/wp-json\/wp\/v2\/media?parent=29336"}],"wp:term":[{"taxonomy":"product_brand","embeddable":true,"href":"https:\/\/olemosaic.orbitalia.org\/pt-pt\/wp-json\/wp\/v2\/product_brand?post=29336"},{"taxonomy":"product_cat","embeddable":true,"href":"https:\/\/olemosaic.orbitalia.org\/pt-pt\/wp-json\/wp\/v2\/product_cat?post=29336"},{"taxonomy":"product_tag","embeddable":true,"href":"https:\/\/olemosaic.orbitalia.org\/pt-pt\/wp-json\/wp\/v2\/product_tag?post=29336"}],"curies":[{"name":"wp","href":"https:\/\/api.w.org\/{rel}","templated":true}]}}