{"id":29334,"date":"2025-02-20T23:30:14","date_gmt":"2025-02-20T22:30:14","guid":{"rendered":"https:\/\/olemosaic.orbitalia.org\/producto\/bol-de-coco-azul-tortuga-4\/"},"modified":"2025-07-25T20:39:47","modified_gmt":"2025-07-25T18:39:47","slug":"taca-de-coco-azul-tartaruga-4","status":"publish","type":"product","link":"https:\/\/olemosaic.orbitalia.org\/pt-pt\/produto\/taca-de-coco-azul-tartaruga-4\/","title":{"rendered":"Ta\u00e7a de coco azul. Tartaruga. Fundo marinho."},"content":{"rendered":"<p>Esta ta\u00e7a de coco, decorada em tons azuis e dourados, \u00e9 uma obra de arte que evoca o mundo marinho, destacando a eleg\u00e2ncia de uma encantadora tartaruga no seu design central. Elaborada artesanalmente a partir de casca de coco, esta recorda\u00e7\u00e3o n\u00e3o s\u00f3 \u00e9 visualmente atraente, como tamb\u00e9m reflete uma profunda liga\u00e7\u00e3o com as tradi\u00e7\u00f5es costeiras do Mediterr\u00e2neo. O seu intrincado trabalho de pintura real\u00e7a os destinos tur\u00edsticos associados ao mar, o que a torna o presente perfeito para quem procura uma recorda\u00e7\u00e3o aut\u00eantica da sua viagem.<\/p>\n<p>A ta\u00e7a apresenta um acabamento brilhante que brinca com a luz, criando um efeito hipnotizante que apaixona \u00e0 primeira vista. Cada detalhe \u00e9 meticulosamente pintado \u00e0 m\u00e3o, representando a tartaruga no centro, rodeada de padr\u00f5es que evocam as suaves ondas do oceano. Os tons azuis representam a serenidade do mar, enquanto os dourados acrescentam um toque de luxo e sofistica\u00e7\u00e3o, tornando-a um elemento decorativo ideal para qualquer casa.<\/p>\n<p>Na Ol\u00e9 Mosaic, oferecemos esta magn\u00edfica ta\u00e7a de coco como uma excelente op\u00e7\u00e3o para lojas de recorda\u00e7\u00f5es tur\u00edsticas, real\u00e7ando a sua autenticidade como recorda\u00e7\u00e3o das costas mediterr\u00e2nicas. Este produto n\u00e3o \u00e9 apenas uma recorda\u00e7\u00e3o sentimental, mas tamb\u00e9m uma celebra\u00e7\u00e3o da beleza natural e da arte local, fazendo de cada pe\u00e7a uma joia \u00fanica que atrair\u00e1 turistas em busca de souvenirs especiais que representem as suas viv\u00eancias.<\/p>\n","protected":false},"excerpt":{"rendered":"<p>Ta\u00e7a de coco decorada em tons azuis e dourados, inspirada no mundo marinho e que representa uma elegante tartaruga. Este produto artesanal, elaborado a partir de casca de coco, destaca-se pelo seu design intrincado que reflete a luz, criando um efeito brilhante. A tartaruga est\u00e1 pintada com delicadeza no centro, rodeada de padr\u00f5es que evocam as ondas do oceano. Um souvenir \u00fanico que real\u00e7a a beleza natural das costas mediterr\u00e2nicas.<\/p>\n","protected":false},"featured_media":10076,"template":"","meta":{"_acf_changed":false},"product_brand":[],"product_cat":[513],"product_tag":[516],"class_list":{"0":"post-29334","1":"product","2":"type-product","3":"status-publish","4":"has-post-thumbnail","6":"product_cat-bols","7":"product_tag-animais","8":"pa_motivo-tartarugas","10":"first","11":"instock","12":"shipping-taxable","13":"product-type-simple"},"acf":[],"_links":{"self":[{"href":"https:\/\/olemosaic.orbitalia.org\/pt-pt\/wp-json\/wp\/v2\/product\/29334","targetHints":{"allow":["GET"]}}],"collection":[{"href":"https:\/\/olemosaic.orbitalia.org\/pt-pt\/wp-json\/wp\/v2\/product"}],"about":[{"href":"https:\/\/olemosaic.orbitalia.org\/pt-pt\/wp-json\/wp\/v2\/types\/product"}],"wp:featuredmedia":[{"embeddable":true,"href":"https:\/\/olemosaic.orbitalia.org\/pt-pt\/wp-json\/wp\/v2\/media\/10076"}],"wp:attachment":[{"href":"https:\/\/olemosaic.orbitalia.org\/pt-pt\/wp-json\/wp\/v2\/media?parent=29334"}],"wp:term":[{"taxonomy":"product_brand","embeddable":true,"href":"https:\/\/olemosaic.orbitalia.org\/pt-pt\/wp-json\/wp\/v2\/product_brand?post=29334"},{"taxonomy":"product_cat","embeddable":true,"href":"https:\/\/olemosaic.orbitalia.org\/pt-pt\/wp-json\/wp\/v2\/product_cat?post=29334"},{"taxonomy":"product_tag","embeddable":true,"href":"https:\/\/olemosaic.orbitalia.org\/pt-pt\/wp-json\/wp\/v2\/product_tag?post=29334"}],"curies":[{"name":"wp","href":"https:\/\/api.w.org\/{rel}","templated":true}]}}