{"id":29332,"date":"2025-02-20T23:30:13","date_gmt":"2025-02-20T22:30:13","guid":{"rendered":"https:\/\/olemosaic.orbitalia.org\/producto\/bol-de-coco-azul-abanico-3\/"},"modified":"2025-07-25T18:33:28","modified_gmt":"2025-07-25T16:33:28","slug":"taca-de-coco-azul-leque-3","status":"publish","type":"product","link":"https:\/\/olemosaic.orbitalia.org\/pt-pt\/produto\/taca-de-coco-azul-leque-3\/","title":{"rendered":"Ta\u00e7a de coco azul. Leque. Estilo mediterr\u00e2nico."},"content":{"rendered":"<p>Esta ta\u00e7a de coco decorada em azul \u00e9 uma pe\u00e7a \u00fanica que evoca a majestosa beleza do Mediterr\u00e2neo. O seu design em mosaico destaca-se pela combina\u00e7\u00e3o de tons azuis e dourados, que simulam a imensid\u00e3o do mar e o calor da areia, criando um efeito visual que transporta para as costas ensolaradas de Espanha. No centro da ta\u00e7a, uma concha delicada acrescenta um toque aut\u00eantico, simbolizando a rica vida marinha da regi\u00e3o. Fabricada a partir de coco natural, cada ta\u00e7a apresenta um acabamento artesanal que n\u00e3o s\u00f3 garante um produto distintivo, mas tamb\u00e9m real\u00e7a o compromisso com a sustentabilidade.<\/p>\n<p>Esta ta\u00e7a \u00e9 perfeita para quem procura recorda\u00e7\u00f5es que representem a ess\u00eancia do litoral espanhol. O seu aspeto ex\u00f3tico torna-a uma pe\u00e7a decorativa ideal para embelezar qualquer espa\u00e7o, desde uma mesa de jantar at\u00e9 uma estante na sala. Na Ol\u00e9 Mosaic, especializamo-nos na distribui\u00e7\u00e3o de souvenirs por grosso, como esta ta\u00e7a de coco azul, que reflete a cultura e a arte local. Este produto \u00e9 uma excelente op\u00e7\u00e3o para lojas de recorda\u00e7\u00f5es tur\u00edsticas que desejem oferecer aos seus clientes uma lembran\u00e7a aut\u00eantica e relevante, capturando a ess\u00eancia do Mediterr\u00e2neo em cada detalhe.<\/p>\n","protected":false},"excerpt":{"rendered":"<p>Ta\u00e7a de coco decorada em azul, inspirada na beleza do Mediterr\u00e2neo. Esta ta\u00e7a original apresenta um design em mosaico com tons azuis e dourados, que simulam o mar e a areia, e \u00e9 adornada com uma concha no centro. Fabricada a partir de coco natural, o seu acabamento artesanal confere um toque ex\u00f3tico e distintivo, ideal para dar um acento decorativo a qualquer espa\u00e7o. Perfeita como recorda\u00e7\u00e3o das costas espanholas.<\/p>\n","protected":false},"featured_media":10092,"template":"","meta":{"_acf_changed":false},"product_brand":[],"product_cat":[513],"product_tag":[],"class_list":{"0":"post-29332","1":"product","2":"type-product","3":"status-publish","4":"has-post-thumbnail","6":"product_cat-bols","7":"pa_motivo-leques","9":"first","10":"instock","11":"shipping-taxable","12":"product-type-simple"},"acf":[],"_links":{"self":[{"href":"https:\/\/olemosaic.orbitalia.org\/pt-pt\/wp-json\/wp\/v2\/product\/29332","targetHints":{"allow":["GET"]}}],"collection":[{"href":"https:\/\/olemosaic.orbitalia.org\/pt-pt\/wp-json\/wp\/v2\/product"}],"about":[{"href":"https:\/\/olemosaic.orbitalia.org\/pt-pt\/wp-json\/wp\/v2\/types\/product"}],"wp:featuredmedia":[{"embeddable":true,"href":"https:\/\/olemosaic.orbitalia.org\/pt-pt\/wp-json\/wp\/v2\/media\/10092"}],"wp:attachment":[{"href":"https:\/\/olemosaic.orbitalia.org\/pt-pt\/wp-json\/wp\/v2\/media?parent=29332"}],"wp:term":[{"taxonomy":"product_brand","embeddable":true,"href":"https:\/\/olemosaic.orbitalia.org\/pt-pt\/wp-json\/wp\/v2\/product_brand?post=29332"},{"taxonomy":"product_cat","embeddable":true,"href":"https:\/\/olemosaic.orbitalia.org\/pt-pt\/wp-json\/wp\/v2\/product_cat?post=29332"},{"taxonomy":"product_tag","embeddable":true,"href":"https:\/\/olemosaic.orbitalia.org\/pt-pt\/wp-json\/wp\/v2\/product_tag?post=29332"}],"curies":[{"name":"wp","href":"https:\/\/api.w.org\/{rel}","templated":true}]}}