{"id":29321,"date":"2025-02-20T23:30:13","date_gmt":"2025-02-20T22:30:13","guid":{"rendered":"https:\/\/olemosaic.orbitalia.org\/producto\/bol-de-coco-de-corazones-tortuga\/"},"modified":"2025-07-25T20:41:39","modified_gmt":"2025-07-25T18:41:39","slug":"taca-de-coco-de-coracoes-tartaruga","status":"publish","type":"product","link":"https:\/\/olemosaic.orbitalia.org\/pt-pt\/produto\/taca-de-coco-de-coracoes-tartaruga\/","title":{"rendered":"Ta\u00e7a de coco de cora\u00e7\u00f5es. Tartaruga."},"content":{"rendered":"<p>Esta ta\u00e7a de coco, decorada com uma encantadora tartaruga, \u00e9 uma pe\u00e7a artesanal \u00fanica que confere um toque ex\u00f3tico a qualquer espa\u00e7o. Elaborada a partir de coco de alta qualidade, esta ta\u00e7a destaca-se pelo seu elegante design de mosaico. As pe\u00e7as iridescentes que a comp\u00f5em refletem uma paleta de cores suaves, incluindo tons de azul, terracota e marfim, criando um efeito visual cativante. No centro da ta\u00e7a, uma tartaruga com efeito pintado \u00e0 m\u00e3o atua como um ponto focal distintivo, simbolizando a rica fauna marinha e a harmonia com a natureza.<\/p>\n<p>Ideal para servir aperitivos or como elemento decorativo atraente, esta ta\u00e7a n\u00e3o \u00e9 apenas funcional, mas tamb\u00e9m representa uma liga\u00e7\u00e3o cultural com o artesanato tradicional de regi\u00f5es onde o coco e a arte do mosaico s\u00e3o proeminentes. Cada ta\u00e7a \u00e9 uma celebra\u00e7\u00e3o da autenticidade e do talento dos artes\u00e3os locais, tornando-a a recorda\u00e7\u00e3o perfeita para quem procura levar uma lembran\u00e7a significativa das suas viagens.<\/p>\n<p>Na Ol\u00e9 Mosaic, dedicamo-nos \u00e0 distribui\u00e7\u00e3o de recorda\u00e7\u00f5es por grosso, oferecendo produtos que refletem a diversidade cultural e a beleza das nossas tradi\u00e7\u00f5es. Esta ta\u00e7a de coco decorada \u00e9 uma excelente op\u00e7\u00e3o para lojas de presentes tur\u00edsticos, garantindo que cada cliente possa encontrar uma recorda\u00e7\u00e3o aut\u00eantica e representativa da sua passagem por estas terras.<\/p>\n","protected":false},"excerpt":{"rendered":"<p>Ta\u00e7a de coco decorada com uma simp\u00e1tica tartaruga no seu interior, ideal para conferir um toque ex\u00f3tico a qualquer espa\u00e7o. Esta ta\u00e7a artesanal, feita de coco, exibe um design de mosaico com pe\u00e7as iridescentes que refletem uma suave paleta de cores, incluindo tons de azul e terracota. A tartaruga, de design artesanal e pintada \u00e0 m\u00e3o, adiciona um elemento distintivo e representa a rica fauna marinha. Perfeita para servir aperitivos ou como pe\u00e7a decorativa.<\/p>\n","protected":false},"featured_media":10297,"template":"","meta":{"_acf_changed":false},"product_brand":[],"product_cat":[513],"product_tag":[516],"class_list":{"0":"post-29321","1":"product","2":"type-product","3":"status-publish","4":"has-post-thumbnail","6":"product_cat-bols","7":"product_tag-animais","8":"pa_motivo-tartarugas","10":"first","11":"instock","12":"shipping-taxable","13":"product-type-simple"},"acf":[],"_links":{"self":[{"href":"https:\/\/olemosaic.orbitalia.org\/pt-pt\/wp-json\/wp\/v2\/product\/29321","targetHints":{"allow":["GET"]}}],"collection":[{"href":"https:\/\/olemosaic.orbitalia.org\/pt-pt\/wp-json\/wp\/v2\/product"}],"about":[{"href":"https:\/\/olemosaic.orbitalia.org\/pt-pt\/wp-json\/wp\/v2\/types\/product"}],"wp:featuredmedia":[{"embeddable":true,"href":"https:\/\/olemosaic.orbitalia.org\/pt-pt\/wp-json\/wp\/v2\/media\/10297"}],"wp:attachment":[{"href":"https:\/\/olemosaic.orbitalia.org\/pt-pt\/wp-json\/wp\/v2\/media?parent=29321"}],"wp:term":[{"taxonomy":"product_brand","embeddable":true,"href":"https:\/\/olemosaic.orbitalia.org\/pt-pt\/wp-json\/wp\/v2\/product_brand?post=29321"},{"taxonomy":"product_cat","embeddable":true,"href":"https:\/\/olemosaic.orbitalia.org\/pt-pt\/wp-json\/wp\/v2\/product_cat?post=29321"},{"taxonomy":"product_tag","embeddable":true,"href":"https:\/\/olemosaic.orbitalia.org\/pt-pt\/wp-json\/wp\/v2\/product_tag?post=29321"}],"curies":[{"name":"wp","href":"https:\/\/api.w.org\/{rel}","templated":true}]}}