{"id":29320,"date":"2025-02-20T22:30:13","date_gmt":"2025-02-20T22:30:13","guid":{"rendered":"https:\/\/olemosaic.orbitalia.org\/producto\/bol-de-coco-mariposa\/"},"modified":"2025-07-25T18:57:17","modified_gmt":"2025-07-25T16:57:17","slug":"taca-de-coco-borboleta","status":"publish","type":"product","link":"https:\/\/olemosaic.orbitalia.org\/pt-pt\/produto\/taca-de-coco-borboleta\/","title":{"rendered":"Ta\u00e7a de coco. Borboleta."},"content":{"rendered":"<p>Esta ta\u00e7a de coco decorada com um vibrante mosaico de cores \u00e9 uma pe\u00e7a \u00fanica que adicionar\u00e1 um toque art\u00edstico e cultural a qualquer espa\u00e7o. Com um design cheio de vida em tons de azul, rosa e amarelo, esta obra-prima artesanal apresenta um elegante morcego no centro, que se destaca sobre o fundo claro e capta a aten\u00e7\u00e3o de quem a contempla. Fabricada cuidadosamente \u00e0 m\u00e3o, cada ta\u00e7a \u00e9 exclusiva e reflete a rica tradi\u00e7\u00e3o do artesanato local.<\/p>\n<p>A fus\u00e3o de cores e texturas oferece uma est\u00e9tica cativante e moderna, ideal tanto para uso decorativo como para guardar pequenos objetos, gerando um equil\u00edbrio perfeito entre funcionalidade e arte. Inspirada no folclore e nas tradi\u00e7\u00f5es da regi\u00e3o, esta ta\u00e7a evoca um sentido de liga\u00e7\u00e3o com a cultura popular.<\/p>\n<p>Como recorda\u00e7\u00e3o representativa, esta ta\u00e7a de mosaico n\u00e3o s\u00f3 celebra a destreza artesanal; tamb\u00e9m se destaca como um excelente souvenir para turistas que procuram capturar a ess\u00eancia da sua visita. Na Ol\u00e9 Mosaic, orgulhamo-nos de ser distribuidores de souvenirs aut\u00eanticos, e esta ta\u00e7a de coco \u00e9 uma proposta ideal para lojas de presentes tur\u00edsticos que desejam oferecer artigos de qualidade e relev\u00e2ncia cultural. Com a nossa abordagem grossista, cada ta\u00e7a torna-se uma adi\u00e7\u00e3o perfeita a qualquer cole\u00e7\u00e3o de souvenirs.<\/p>\n","protected":false},"excerpt":{"rendered":"<p>Ta\u00e7a de coco decorada com um vibrante mosaico de cores, ideal para dar um toque art\u00edstico a qualquer espa\u00e7o. Esta ta\u00e7a apresenta um design em tons de azul, rosa e amarelo, com um elegante morcego no centro que se destaca sobre o fundo claro. Fabricada de forma artesanal, cada pe\u00e7a \u00e9 \u00fanica e reflete a rica tradi\u00e7\u00e3o do artesanato. Perfeita para uso decorativo ou como um recipiente original para guardar pequenos objetos.<\/p>\n","protected":false},"featured_media":13518,"template":"","meta":{"_acf_changed":false},"product_brand":[],"product_cat":[513],"product_tag":[516],"class_list":{"0":"post-29320","1":"product","2":"type-product","3":"status-publish","4":"has-post-thumbnail","6":"product_cat-bols","7":"product_tag-animais","8":"pa_motivo-borboletas","10":"first","11":"instock","12":"shipping-taxable","13":"product-type-simple"},"acf":[],"_links":{"self":[{"href":"https:\/\/olemosaic.orbitalia.org\/pt-pt\/wp-json\/wp\/v2\/product\/29320","targetHints":{"allow":["GET"]}}],"collection":[{"href":"https:\/\/olemosaic.orbitalia.org\/pt-pt\/wp-json\/wp\/v2\/product"}],"about":[{"href":"https:\/\/olemosaic.orbitalia.org\/pt-pt\/wp-json\/wp\/v2\/types\/product"}],"wp:featuredmedia":[{"embeddable":true,"href":"https:\/\/olemosaic.orbitalia.org\/pt-pt\/wp-json\/wp\/v2\/media\/13518"}],"wp:attachment":[{"href":"https:\/\/olemosaic.orbitalia.org\/pt-pt\/wp-json\/wp\/v2\/media?parent=29320"}],"wp:term":[{"taxonomy":"product_brand","embeddable":true,"href":"https:\/\/olemosaic.orbitalia.org\/pt-pt\/wp-json\/wp\/v2\/product_brand?post=29320"},{"taxonomy":"product_cat","embeddable":true,"href":"https:\/\/olemosaic.orbitalia.org\/pt-pt\/wp-json\/wp\/v2\/product_cat?post=29320"},{"taxonomy":"product_tag","embeddable":true,"href":"https:\/\/olemosaic.orbitalia.org\/pt-pt\/wp-json\/wp\/v2\/product_tag?post=29320"}],"curies":[{"name":"wp","href":"https:\/\/api.w.org\/{rel}","templated":true}]}}