{"id":29290,"date":"2025-02-20T23:30:12","date_gmt":"2025-02-20T22:30:12","guid":{"rendered":"https:\/\/olemosaic.orbitalia.org\/producto\/bol-de-coco-tortuga\/"},"modified":"2025-07-25T19:44:56","modified_gmt":"2025-07-25T17:44:56","slug":"taca-de-coco-tartaruga","status":"publish","type":"product","link":"https:\/\/olemosaic.orbitalia.org\/pt-pt\/produto\/taca-de-coco-tartaruga\/","title":{"rendered":"Ta\u00e7a de coco. Tartaruga."},"content":{"rendered":"<p>Esta ta\u00e7a de coco, decorada com um mosaico de cores vibrantes, \u00e9 uma obra de arte que confere um toque art\u00edstico e alegre a qualquer espa\u00e7o. No centro da ta\u00e7a, uma tartaruga, s\u00edmbolo de sabedoria e resist\u00eancia, foi pintada \u00e0 m\u00e3o com efeito de sumo cuidado. Este detalhe central est\u00e1 rodeado de fragmentos em tons vivos de azul, roxo, rosa e amarelo, que refletem a luz de forma encantadora, criando um efeito visual cativante. O design, com os seus tons suaves, evoca a beleza da fauna marinha, tornando esta ta\u00e7a numa representa\u00e7\u00e3o aut\u00eantica da tradi\u00e7\u00e3o artesanal da regi\u00e3o.<\/p>\n<p>Cada pe\u00e7a \u00e9 \u00fanica gra\u00e7as \u00e0 sua elabora\u00e7\u00e3o artesanal, o que garante que n\u00e3o existam duas ta\u00e7as iguais. Ideal como recorda\u00e7\u00e3o para quem procura levar um peda\u00e7o de cultura aut\u00eantica, esta ta\u00e7a de coco \u00e9 perfeita para adornar prateleiras, mesas ou como um presente significativo. A sua liga\u00e7\u00e3o com a vida marinha e a natureza reflete o respeito pelo ambiente, tornando-a uma lembran\u00e7a da rica biodiversidade do mundo.<\/p>\n<p>Na Ol\u00e9 Mosaic, especializamo-nos na distribui\u00e7\u00e3o de lembran\u00e7as por grosso, e esta ta\u00e7a de coco decorativa \u00e9 uma excelente op\u00e7\u00e3o para lojas de presentes tur\u00edsticos que procuram produtos de qualidade com um forte valor cultural. Cada ta\u00e7a de coco \u00e9 uma combina\u00e7\u00e3o perfeita de arte e tradi\u00e7\u00e3o, ideal para quem procura lembran\u00e7as da artesania local.<\/p>\n","protected":false},"excerpt":{"rendered":"<p>Ta\u00e7a de coco decorada com um mosaico de cores bel\u00edssimo, ideal para adicionar um toque art\u00edstico a qualquer espa\u00e7o. Este produto apresenta uma tartaruga no centro, rodeada de fragmentos em tons de azul, roxo, rosa e amarelo, que refletem a luz de forma encantadora. O seu design artesanal, pintado \u00e0 m\u00e3o, confere-lhe um car\u00e1cter \u00fanico e um acabamento em tons suaves, evocando a beleza da fauna marinha e a tradi\u00e7\u00e3o artesanal da regi\u00e3o.<\/p>\n","protected":false},"featured_media":11804,"template":"","meta":{"_acf_changed":false},"product_brand":[],"product_cat":[513],"product_tag":[516],"class_list":{"0":"post-29290","1":"product","2":"type-product","3":"status-publish","4":"has-post-thumbnail","6":"product_cat-bols","7":"product_tag-animais","8":"pa_motivo-tartarugas","10":"first","11":"instock","12":"shipping-taxable","13":"product-type-simple"},"acf":[],"_links":{"self":[{"href":"https:\/\/olemosaic.orbitalia.org\/pt-pt\/wp-json\/wp\/v2\/product\/29290","targetHints":{"allow":["GET"]}}],"collection":[{"href":"https:\/\/olemosaic.orbitalia.org\/pt-pt\/wp-json\/wp\/v2\/product"}],"about":[{"href":"https:\/\/olemosaic.orbitalia.org\/pt-pt\/wp-json\/wp\/v2\/types\/product"}],"wp:featuredmedia":[{"embeddable":true,"href":"https:\/\/olemosaic.orbitalia.org\/pt-pt\/wp-json\/wp\/v2\/media\/11804"}],"wp:attachment":[{"href":"https:\/\/olemosaic.orbitalia.org\/pt-pt\/wp-json\/wp\/v2\/media?parent=29290"}],"wp:term":[{"taxonomy":"product_brand","embeddable":true,"href":"https:\/\/olemosaic.orbitalia.org\/pt-pt\/wp-json\/wp\/v2\/product_brand?post=29290"},{"taxonomy":"product_cat","embeddable":true,"href":"https:\/\/olemosaic.orbitalia.org\/pt-pt\/wp-json\/wp\/v2\/product_cat?post=29290"},{"taxonomy":"product_tag","embeddable":true,"href":"https:\/\/olemosaic.orbitalia.org\/pt-pt\/wp-json\/wp\/v2\/product_tag?post=29290"}],"curies":[{"name":"wp","href":"https:\/\/api.w.org\/{rel}","templated":true}]}}