{"id":29289,"date":"2025-02-20T23:30:12","date_gmt":"2025-02-20T22:30:12","guid":{"rendered":"https:\/\/olemosaic.orbitalia.org\/producto\/bol-de-coco-con-flores-tortuga\/"},"modified":"2025-07-25T20:17:51","modified_gmt":"2025-07-25T18:17:51","slug":"taca-de-coco-com-flores-tartaruga","status":"publish","type":"product","link":"https:\/\/olemosaic.orbitalia.org\/pt-pt\/produto\/taca-de-coco-com-flores-tartaruga\/","title":{"rendered":"Ta\u00e7a de coco com flores. Tartaruga."},"content":{"rendered":"<p>Esta ta\u00e7a de coco, decorada com um bel\u00edssimo design floral e uma tartaruga no centro, \u00e9 um exemplo maravilhoso da artesania tradicional que se encontra em diversas regi\u00f5es costeiras de Espanha e Portugal. Esta recorda\u00e7\u00e3o \u00fanica \u00e9 elaborada com cascas de coco, o que n\u00e3o s\u00f3 a torna sustent\u00e1vel, como tamb\u00e9m confere um toque r\u00fastico e natural a qualquer ambiente. A decora\u00e7\u00e3o com efeito pintado \u00e0 m\u00e3o apresenta cores vibrantes de azul, vermelho e amarelo, evocando a beleza assombrosa da natureza e o calor do sol mediterr\u00e2nico. No centro da ta\u00e7a, uma tartaruga, s\u00edmbolo de sabedoria e paz, encontra-se rodeada de flores coloridas, criando uma pe\u00e7a que n\u00e3o \u00e9 apenas funcional, mas tamb\u00e9m inspiradora e cheia de significado.<\/p>\n<p>Esta ta\u00e7a n\u00e3o serve apenas como elemento decorativo, mas torna-se uma recorda\u00e7\u00e3o cultural representativa, ideal para quem procura levar consigo um peda\u00e7o da beleza natural da regi\u00e3o. Na Ol\u00e9 Mosaic, especializamo-nos na distribui\u00e7\u00e3o de recorda\u00e7\u00f5es aut\u00eanticas e de qualidade; esta ta\u00e7a de coco \u00e9 uma excelente op\u00e7\u00e3o para lojas de presentes tur\u00edsticos que desejem oferecer produtos que se destaquem pela sua artesania e autenticidade. Como grossistas de recorda\u00e7\u00f5es de interesse cultural, garantimos que cada artigo, como esta ta\u00e7a de coco, \u00e9 um testemunho das tradi\u00e7\u00f5es e da natureza vibrante dos nossos destinos.<\/p>\n","protected":false},"excerpt":{"rendered":"<p>Ta\u00e7a de coco decorada com um bel\u00edssimo design floral e uma tartaruga no centro. Esta atraente ta\u00e7a, fabricada com cascas de coco, apresenta um acabamento de design artesanal, pintado \u00e0 m\u00e3o, com cores vibrantes de azul, vermelho e amarelo que evocam a beleza da natureza. A tartaruga, s\u00edmbolo de sabedoria e paz, destaca-se no centro rodeada de flores coloridas, criando um artigo ideal para decorar qualquer casa ou como uma recorda\u00e7\u00e3o exclusiva.<\/p>\n","protected":false},"featured_media":10296,"template":"","meta":{"_acf_changed":false},"product_brand":[],"product_cat":[513],"product_tag":[516],"class_list":{"0":"post-29289","1":"product","2":"type-product","3":"status-publish","4":"has-post-thumbnail","6":"product_cat-bols","7":"product_tag-animais","8":"pa_motivo-tartarugas","10":"first","11":"instock","12":"shipping-taxable","13":"product-type-simple"},"acf":[],"_links":{"self":[{"href":"https:\/\/olemosaic.orbitalia.org\/pt-pt\/wp-json\/wp\/v2\/product\/29289","targetHints":{"allow":["GET"]}}],"collection":[{"href":"https:\/\/olemosaic.orbitalia.org\/pt-pt\/wp-json\/wp\/v2\/product"}],"about":[{"href":"https:\/\/olemosaic.orbitalia.org\/pt-pt\/wp-json\/wp\/v2\/types\/product"}],"wp:featuredmedia":[{"embeddable":true,"href":"https:\/\/olemosaic.orbitalia.org\/pt-pt\/wp-json\/wp\/v2\/media\/10296"}],"wp:attachment":[{"href":"https:\/\/olemosaic.orbitalia.org\/pt-pt\/wp-json\/wp\/v2\/media?parent=29289"}],"wp:term":[{"taxonomy":"product_brand","embeddable":true,"href":"https:\/\/olemosaic.orbitalia.org\/pt-pt\/wp-json\/wp\/v2\/product_brand?post=29289"},{"taxonomy":"product_cat","embeddable":true,"href":"https:\/\/olemosaic.orbitalia.org\/pt-pt\/wp-json\/wp\/v2\/product_cat?post=29289"},{"taxonomy":"product_tag","embeddable":true,"href":"https:\/\/olemosaic.orbitalia.org\/pt-pt\/wp-json\/wp\/v2\/product_tag?post=29289"}],"curies":[{"name":"wp","href":"https:\/\/api.w.org\/{rel}","templated":true}]}}