{"id":29288,"date":"2025-02-20T22:30:12","date_gmt":"2025-02-20T22:30:12","guid":{"rendered":"https:\/\/olemosaic.orbitalia.org\/producto\/bol-de-coco-de-corazones-bailaora\/"},"modified":"2025-07-25T19:36:13","modified_gmt":"2025-07-25T17:36:13","slug":"taca-de-coco-de-coracoes-bailarina","status":"publish","type":"product","link":"https:\/\/olemosaic.orbitalia.org\/pt-pt\/produto\/taca-de-coco-de-coracoes-bailarina\/","title":{"rendered":"Ta\u00e7a de coco de cora\u00e7\u00f5es. Bailarina."},"content":{"rendered":"<p>Esta ta\u00e7a de coco, decorada com um motivo encantador de bailarina, \u00e9 uma pe\u00e7a \u00fanica que captura a ess\u00eancia do flamenco andaluz. O seu design vibrante apresenta um mosaico de cora\u00e7\u00f5es em tons alegres de azul, laranja e dourado, que conferem cor e vitalidade a qualquer ambiente. O fundo claro da ta\u00e7a real\u00e7a admiravelmente a silhueta estilizada da bailarina, evocando a paix\u00e3o e o movimento da dan\u00e7a flamenca, uma express\u00e3o art\u00edstica profundamente enraizada na cultura espanhola.<\/p>\n<p>A ta\u00e7a, elaborada artesanalmente com coco, n\u00e3o \u00e9 apenas uma elegante pe\u00e7a decorativa, mas tamb\u00e9m um objeto vers\u00e1til que pode ser usado na mesa para servir ou como elemento decorativo no lar. Cada mosaico foi colocado com precis\u00e3o, refletindo a mestria dos artes\u00e3os locais e sublinhando o valor do trabalho manual na cria\u00e7\u00e3o de lembran\u00e7as aut\u00eanticas.<\/p>\n<p>Como representante da rica heran\u00e7a cultural da Andaluzia, esta ta\u00e7a \u00e9 uma excelente recorda\u00e7\u00e3o para os turistas que desejem levar consigo um peda\u00e7o da tradi\u00e7\u00e3o espanhola. Na Ol\u00e9 Mosaic, orgulhamo-nos de oferecer esta ta\u00e7a de coco como parte da nossa cole\u00e7\u00e3o de lembran\u00e7as de qualidade, o que a torna uma op\u00e7\u00e3o atrativa para lojas de presentes tur\u00edsticos que procuram produtos aut\u00eanticos e significativos. Como grossista de produtos artesanais, garantimos que cada pe\u00e7a reflete a ess\u00eancia do seu lugar de origem.<\/p>\n","protected":false},"excerpt":{"rendered":"<p>Ta\u00e7a de coco decorada com uma bailarina encantadora, num design andaluz vibrante. Esta elegante ta\u00e7a apresenta um mosaico de cora\u00e7\u00f5es em tons de azul, laranja e dourado, que real\u00e7am a sua beleza artesanal. O fundo claro destaca a silhueta da bailarina, evocando a paix\u00e3o do flamenco. Ideal como pe\u00e7a decorativa ou para usar na mesa, esta ta\u00e7a reflete a rica cultura espanhola.<\/p>\n","protected":false},"featured_media":13500,"template":"","meta":{"_acf_changed":false},"product_brand":[],"product_cat":[513],"product_tag":[],"class_list":{"0":"post-29288","1":"product","2":"type-product","3":"status-publish","4":"has-post-thumbnail","6":"product_cat-bols","7":"pa_motivo-dancarinos","9":"first","10":"instock","11":"shipping-taxable","12":"product-type-simple"},"acf":[],"_links":{"self":[{"href":"https:\/\/olemosaic.orbitalia.org\/pt-pt\/wp-json\/wp\/v2\/product\/29288","targetHints":{"allow":["GET"]}}],"collection":[{"href":"https:\/\/olemosaic.orbitalia.org\/pt-pt\/wp-json\/wp\/v2\/product"}],"about":[{"href":"https:\/\/olemosaic.orbitalia.org\/pt-pt\/wp-json\/wp\/v2\/types\/product"}],"wp:featuredmedia":[{"embeddable":true,"href":"https:\/\/olemosaic.orbitalia.org\/pt-pt\/wp-json\/wp\/v2\/media\/13500"}],"wp:attachment":[{"href":"https:\/\/olemosaic.orbitalia.org\/pt-pt\/wp-json\/wp\/v2\/media?parent=29288"}],"wp:term":[{"taxonomy":"product_brand","embeddable":true,"href":"https:\/\/olemosaic.orbitalia.org\/pt-pt\/wp-json\/wp\/v2\/product_brand?post=29288"},{"taxonomy":"product_cat","embeddable":true,"href":"https:\/\/olemosaic.orbitalia.org\/pt-pt\/wp-json\/wp\/v2\/product_cat?post=29288"},{"taxonomy":"product_tag","embeddable":true,"href":"https:\/\/olemosaic.orbitalia.org\/pt-pt\/wp-json\/wp\/v2\/product_tag?post=29288"}],"curies":[{"name":"wp","href":"https:\/\/api.w.org\/{rel}","templated":true}]}}