{"id":29271,"date":"2025-02-20T22:30:11","date_gmt":"2025-02-20T22:30:11","guid":{"rendered":"https:\/\/olemosaic.orbitalia.org\/producto\/bol-de-coco-tortuga-fuerteventura\/"},"modified":"2025-07-25T20:33:04","modified_gmt":"2025-07-25T18:33:04","slug":"taca-de-coco-tartaruga-fuerteventura","status":"publish","type":"product","link":"https:\/\/olemosaic.orbitalia.org\/pt-pt\/produto\/taca-de-coco-tartaruga-fuerteventura\/","title":{"rendered":"Ta\u00e7a de coco. Tartaruga. Fuerteventura."},"content":{"rendered":"<p>Esta ta\u00e7a de coco, decorada com um encantador design de tartaruga, \u00e9 um artigo \u00fanico que captura a ess\u00eancia de Fuerteventura, uma das ilhas mais cativantes do arquip\u00e9lago can\u00e1rio. Esta elegante ta\u00e7a, elaborada com materiais naturais, apresenta um acabamento em tons pastel, onde mosaicos de diversas formas e cores vibrantes se entrela\u00e7am num padr\u00e3o art\u00edstico que evoca a beleza da fauna marinha. No centro, uma detalhada ilustra\u00e7\u00e3o de uma tartaruga, emblem\u00e1tica da rica vida selvagem da ilha, real\u00e7a o car\u00e1cter distintivo desta pe\u00e7a.<\/p>\n<p>Ideal tanto como elemento decorativo como para uso pr\u00e1tico, esta ta\u00e7a combina a est\u00e9tica t\u00edpica can\u00e1ria com uma funcionalidade excecional. O seu design n\u00e3o s\u00f3 convida a ser admirado, mas tamb\u00e9m oferece uma op\u00e7\u00e3o vers\u00e1til para servir aperitivos ou como centro de mesa, adicionando um toque de cor e estilo a qualquer espa\u00e7o.<\/p>\n<p>Na Ol\u00e9 Mosaic compreendemos a import\u00e2ncia dos souvenirs aut\u00eanticos que capturam a cultura e o patrim\u00f3nio da sua origem. Esta ta\u00e7a de coco \u00e9 um excelente exemplo de artesanato local, perfeito para turistas que procuram recorda\u00e7\u00f5es significativas de Fuerteventura. Como grossista de souvenirs, garantimos que cada produto que oferecemos n\u00e3o \u00e9 apenas um objeto de beleza, mas tamb\u00e9m um reflexo aut\u00eantico da cultura can\u00e1ria.<\/p>\n","protected":false},"excerpt":{"rendered":"<p>Ta\u00e7a de coco decorada com um design de tartaruga, um \u00edcone de Fuerteventura. Esta elegante ta\u00e7a apresenta um acabamento em tons pastel com mosaicos de distintas formas que adicionam um toque vibrante e art\u00edstico. No centro, destaca-se a ilustra\u00e7\u00e3o de uma tartaruga, que evoca a fauna local. Ideal como elemento decorativo ou para uso pr\u00e1tico, esta ta\u00e7a combina a est\u00e9tica can\u00e1ria com a funcionalidade.<\/p>\n","protected":false},"featured_media":11969,"template":"","meta":{"_acf_changed":false},"product_brand":[],"product_cat":[513],"product_tag":[516],"class_list":{"0":"post-29271","1":"product","2":"type-product","3":"status-publish","4":"has-post-thumbnail","6":"product_cat-bols","7":"product_tag-animais","8":"pa_ciudad-fuerteventura","9":"pa_motivo-tartarugas","10":"pa_pais-espana","12":"first","13":"instock","14":"shipping-taxable","15":"product-type-simple"},"acf":[],"_links":{"self":[{"href":"https:\/\/olemosaic.orbitalia.org\/pt-pt\/wp-json\/wp\/v2\/product\/29271","targetHints":{"allow":["GET"]}}],"collection":[{"href":"https:\/\/olemosaic.orbitalia.org\/pt-pt\/wp-json\/wp\/v2\/product"}],"about":[{"href":"https:\/\/olemosaic.orbitalia.org\/pt-pt\/wp-json\/wp\/v2\/types\/product"}],"wp:featuredmedia":[{"embeddable":true,"href":"https:\/\/olemosaic.orbitalia.org\/pt-pt\/wp-json\/wp\/v2\/media\/11969"}],"wp:attachment":[{"href":"https:\/\/olemosaic.orbitalia.org\/pt-pt\/wp-json\/wp\/v2\/media?parent=29271"}],"wp:term":[{"taxonomy":"product_brand","embeddable":true,"href":"https:\/\/olemosaic.orbitalia.org\/pt-pt\/wp-json\/wp\/v2\/product_brand?post=29271"},{"taxonomy":"product_cat","embeddable":true,"href":"https:\/\/olemosaic.orbitalia.org\/pt-pt\/wp-json\/wp\/v2\/product_cat?post=29271"},{"taxonomy":"product_tag","embeddable":true,"href":"https:\/\/olemosaic.orbitalia.org\/pt-pt\/wp-json\/wp\/v2\/product_tag?post=29271"}],"curies":[{"name":"wp","href":"https:\/\/api.w.org\/{rel}","templated":true}]}}