{"id":29250,"date":"2025-02-20T23:30:11","date_gmt":"2025-02-20T22:30:11","guid":{"rendered":"https:\/\/olemosaic.orbitalia.org\/producto\/bol-de-coco-salamandra-tenerife\/"},"modified":"2025-07-25T18:50:50","modified_gmt":"2025-07-25T16:50:50","slug":"taca-de-coco-salamandra-tenerife","status":"publish","type":"product","link":"https:\/\/olemosaic.orbitalia.org\/pt-pt\/produto\/taca-de-coco-salamandra-tenerife\/","title":{"rendered":"Ta\u00e7a de coco. Salamandra. Tenerife."},"content":{"rendered":"<p>Esta ta\u00e7a de coco decorada com um colorido mosaico \u00e9 uma aut\u00eantica joia artesanal que capta a ess\u00eancia de Tenerife. Desenhada com um padr\u00e3o vibrante de tons lil\u00e1s, castanhos, amarelos e azuis, a ta\u00e7a apresenta no centro uma chamativa salamandra, s\u00edmbolo emblem\u00e1tico da fauna local que representa a biodiversidade \u00fanica das Ilhas Can\u00e1rias. Este design, pintado \u00e0 m\u00e3o com meticulosa aten\u00e7\u00e3o ao detalhe, n\u00e3o s\u00f3 \u00e9 visualmente atraente, como tamb\u00e9m reflete o talento e a criatividade dos artes\u00e3os can\u00e1rios.<\/p>\n<p>A inscri\u00e7\u00e3o &#8220;TENERIFE&#8221; acrescenta um toque distintivo, tornando esta ta\u00e7a uma recorda\u00e7\u00e3o inesquec\u00edvel que evoca a ess\u00eancia das ilhas e a sua rica cultura. Perfeita como pe\u00e7a decorativa ou para uso quotidiano, esta ta\u00e7a de coco \u00e9 ideal para os turistas que procuram souvenirs aut\u00eanticos que contem uma hist\u00f3ria. A salamandra, que representa vitalidade e adaptabilidade, torna-se um s\u00edmbolo visual que convida os seus propriet\u00e1rios a recordar as maravilhas naturais de Tenerife cada vez que a utilizarem.<\/p>\n<p>Na Ol\u00e9 Mosaic, especializamo-nos na distribui\u00e7\u00e3o de souvenirs por grosso, oferecendo produtos que se destacam pela sua autenticidade e relev\u00e2ncia cultural. Esta ta\u00e7a de coco n\u00e3o s\u00f3 \u00e9 um excelente elemento decorativo, como tamb\u00e9m uma recorda\u00e7\u00e3o duradoura da beleza e diversidade de Tenerife, perfeita para lojas de presentes tur\u00edsticos que valorizam a qualidade e o artesanato nas suas ofertas.<\/p>\n","protected":false},"excerpt":{"rendered":"<p>Ta\u00e7a de coco decorada com um colorido mosaico de tons vibrantes que representa a fauna de Tenerife, com uma chamativa salamandra no centro. Este produto artesanal apresenta um design pintado \u00e0 m\u00e3o, onde os tons lil\u00e1s, castanhos, amarelos e azuis se combinam num padr\u00e3o atraente. Ideal como pe\u00e7a decorativa ou para uso quotidiano, a sua inscri\u00e7\u00e3o &#8220;TENERIFE&#8221; acrescenta um toque distintivo que evoca a ess\u00eancia das ilhas.<\/p>\n","protected":false},"featured_media":11825,"template":"","meta":{"_acf_changed":false},"product_brand":[],"product_cat":[513],"product_tag":[516],"class_list":{"0":"post-29250","1":"product","2":"type-product","3":"status-publish","4":"has-post-thumbnail","6":"product_cat-bols","7":"product_tag-animais","8":"pa_ciudad-tenerife","9":"pa_motivo-salamandras","10":"pa_pais-espana","12":"first","13":"instock","14":"shipping-taxable","15":"product-type-simple"},"acf":[],"_links":{"self":[{"href":"https:\/\/olemosaic.orbitalia.org\/pt-pt\/wp-json\/wp\/v2\/product\/29250","targetHints":{"allow":["GET"]}}],"collection":[{"href":"https:\/\/olemosaic.orbitalia.org\/pt-pt\/wp-json\/wp\/v2\/product"}],"about":[{"href":"https:\/\/olemosaic.orbitalia.org\/pt-pt\/wp-json\/wp\/v2\/types\/product"}],"wp:featuredmedia":[{"embeddable":true,"href":"https:\/\/olemosaic.orbitalia.org\/pt-pt\/wp-json\/wp\/v2\/media\/11825"}],"wp:attachment":[{"href":"https:\/\/olemosaic.orbitalia.org\/pt-pt\/wp-json\/wp\/v2\/media?parent=29250"}],"wp:term":[{"taxonomy":"product_brand","embeddable":true,"href":"https:\/\/olemosaic.orbitalia.org\/pt-pt\/wp-json\/wp\/v2\/product_brand?post=29250"},{"taxonomy":"product_cat","embeddable":true,"href":"https:\/\/olemosaic.orbitalia.org\/pt-pt\/wp-json\/wp\/v2\/product_cat?post=29250"},{"taxonomy":"product_tag","embeddable":true,"href":"https:\/\/olemosaic.orbitalia.org\/pt-pt\/wp-json\/wp\/v2\/product_tag?post=29250"}],"curies":[{"name":"wp","href":"https:\/\/api.w.org\/{rel}","templated":true}]}}