{"id":29248,"date":"2025-02-20T23:30:10","date_gmt":"2025-02-20T22:30:10","guid":{"rendered":"https:\/\/olemosaic.orbitalia.org\/producto\/bol-de-coco-flor\/"},"modified":"2025-07-25T19:19:24","modified_gmt":"2025-07-25T17:19:24","slug":"taca-de-coco-flor","status":"publish","type":"product","link":"https:\/\/olemosaic.orbitalia.org\/pt-pt\/produto\/taca-de-coco-flor\/","title":{"rendered":"Ta\u00e7a de coco. Flor."},"content":{"rendered":"<p>Esta ta\u00e7a de coco, decorada com motivos florais e mosaicos multicoloridos, \u00e9 uma requintada pe\u00e7a artesanal que reflete a rica tradi\u00e7\u00e3o cer\u00e2mica de Espanha. Esta atraente ta\u00e7a, pintada \u00e0 m\u00e3o, destaca-se por uma bela flor no seu centro, rodeada por um vibrante mosaico que inclui tons de azul, rosa e roxo, criando um contraste visual impactante. A superf\u00edcie brilhante real\u00e7a cada detalhe da sua delicada decora\u00e7\u00e3o, conferindo um toque de eleg\u00e2ncia e frescura a qualquer ambiente, ideal para qualquer mesa ou espa\u00e7o decorativo.<\/p>\n<p>Este design n\u00e3o s\u00f3 \u00e9 esteticamente atraente, como tamb\u00e9m simboliza a liga\u00e7\u00e3o cultural com o artesanato t\u00edpico de regi\u00f5es como a Andaluzia, onde as cores vivas e as formas org\u00e2nicas s\u00e3o um reflexo do ambiente natural e do esp\u00edrito vibrante da cultura local. Cada ta\u00e7a \u00e9 uma recorda\u00e7\u00e3o da rica diversidade da flora espanhola, e o seu estilo \u00fanico torna-a um souvenir perfeito para aqueles que procuram levar um pouco de autenticidade cultural.<\/p>\n<p>A Ol\u00e9 Mosaic orgulha-se de ser um distribuidor de souvenirs de qualidade, oferecendo esta ta\u00e7a de coco decorada como uma excelente op\u00e7\u00e3o para lojas de presentes tur\u00edsticos que procuram produtos aut\u00eanticos e com hist\u00f3ria. Adicionar esta ta\u00e7a \u00e0 sua cole\u00e7\u00e3o de souvenirs garante um toque \u00fanico e colorido que encantar\u00e1 todos os visitantes.<\/p>\n","protected":false},"excerpt":{"rendered":"<p>Ta\u00e7a de coco decorada com motivos florais e mosaicos multicoloridos. Esta atraente ta\u00e7a apresenta um design artesanal, pintado \u00e0 m\u00e3o, com uma bela flor no centro e uma variada paleta de cores que inclui azuis, rosas e roxos. A superf\u00edcie brilhante real\u00e7a cada detalhe da sua intrincada decora\u00e7\u00e3o, tornando-a um elegante acess\u00f3rio decorativo perfeito para qualquer lar. Ideal para adicionar um toque de frescura e cor \u00e0 sua mesa.<\/p>\n","protected":false},"featured_media":11805,"template":"","meta":{"_acf_changed":false},"product_brand":[],"product_cat":[513],"product_tag":[],"class_list":{"0":"post-29248","1":"product","2":"type-product","3":"status-publish","4":"has-post-thumbnail","6":"product_cat-bols","7":"pa_motivo-flores","9":"first","10":"instock","11":"shipping-taxable","12":"product-type-simple"},"acf":[],"_links":{"self":[{"href":"https:\/\/olemosaic.orbitalia.org\/pt-pt\/wp-json\/wp\/v2\/product\/29248","targetHints":{"allow":["GET"]}}],"collection":[{"href":"https:\/\/olemosaic.orbitalia.org\/pt-pt\/wp-json\/wp\/v2\/product"}],"about":[{"href":"https:\/\/olemosaic.orbitalia.org\/pt-pt\/wp-json\/wp\/v2\/types\/product"}],"wp:featuredmedia":[{"embeddable":true,"href":"https:\/\/olemosaic.orbitalia.org\/pt-pt\/wp-json\/wp\/v2\/media\/11805"}],"wp:attachment":[{"href":"https:\/\/olemosaic.orbitalia.org\/pt-pt\/wp-json\/wp\/v2\/media?parent=29248"}],"wp:term":[{"taxonomy":"product_brand","embeddable":true,"href":"https:\/\/olemosaic.orbitalia.org\/pt-pt\/wp-json\/wp\/v2\/product_brand?post=29248"},{"taxonomy":"product_cat","embeddable":true,"href":"https:\/\/olemosaic.orbitalia.org\/pt-pt\/wp-json\/wp\/v2\/product_cat?post=29248"},{"taxonomy":"product_tag","embeddable":true,"href":"https:\/\/olemosaic.orbitalia.org\/pt-pt\/wp-json\/wp\/v2\/product_tag?post=29248"}],"curies":[{"name":"wp","href":"https:\/\/api.w.org\/{rel}","templated":true}]}}