{"id":29191,"date":"2025-02-20T23:30:08","date_gmt":"2025-02-20T22:30:08","guid":{"rendered":"https:\/\/olemosaic.orbitalia.org\/producto\/bol-de-coco-con-flores-mano\/"},"modified":"2025-07-25T18:44:36","modified_gmt":"2025-07-25T16:44:36","slug":"taca-de-coco-com-flores-mao","status":"publish","type":"product","link":"https:\/\/olemosaic.orbitalia.org\/pt-pt\/produto\/taca-de-coco-com-flores-mao\/","title":{"rendered":"Ta\u00e7a de coco com flores. M\u00e3o."},"content":{"rendered":"<p>Esta ta\u00e7a de coco decorada com flores \u00e9 uma aut\u00eantica joia da artesania mediterr\u00e2nica, ideal para quem procura uma recorda\u00e7\u00e3o \u00fanica da sua visita \u00e0 regi\u00e3o. Com um design pintado \u00e0 m\u00e3o que irradia cor e vida, a ta\u00e7a apresenta flores vibrantes em tons vermelhos, azuis e amarelos que rodeiam um s\u00edmbolo de m\u00e3o no centro, conhecido como &#8220;hamsa&#8221;, um emblema de prote\u00e7\u00e3o e boa sorte. O acabamento artesanal da ta\u00e7a real\u00e7a a textura natural do coco, acrescentando um toque quente e distintivo que a torna a pe\u00e7a perfeita para decorar qualquer lar ou para servir aperitivos de forma elegante. Cada ta\u00e7a \u00e9 \u00fanica, reflexo da dedica\u00e7\u00e3o e do talento dos artes\u00e3os que a elaboram.<\/p>\n<p>Esta ta\u00e7a n\u00e3o \u00e9 apenas um elemento decorativo atraente, mas tamb\u00e9m celebra a rica heran\u00e7a cultural da regi\u00e3o mediterr\u00e2nica, fundindo tradi\u00e7\u00e3o e colorido para criar um produto que \u00e9 tanto utilit\u00e1rio como art\u00edstico. Na Ol\u00e9 Mosaic, especializamo-nos na distribui\u00e7\u00e3o de souvenirs por grosso, e esta ta\u00e7a de coco \u00e9 uma excelente op\u00e7\u00e3o para lojas de presentes tur\u00edsticos que procuram oferecer produtos aut\u00eanticos e significativos. Com a sua beleza distintiva e a sua liga\u00e7\u00e3o cultural, esta ta\u00e7a de flores torna-se uma recorda\u00e7\u00e3o representativa perfeita da rica tradi\u00e7\u00e3o artesanal da zona, ideal para turistas em busca de um souvenir especial.<\/p>\n","protected":false},"excerpt":{"rendered":"<p>Ta\u00e7a de coco decorada com motivos tradicionais e flores. Esta preciosa ta\u00e7a, elaborada com coco, apresenta um encantador design artesanal, pintado \u00e0 m\u00e3o, em cores vibrantes, com flores em tons vermelhos, azuis e amarelos, al\u00e9m de um s\u00edmbolo de m\u00e3o no centro. O seu acabamento artesanal real\u00e7a a beleza da cultura mediterr\u00e2nica, tornando-a um elegante elemento decorativo para qualquer lar ou uma pe\u00e7a \u00fanica para servir aperitivos.<\/p>\n","protected":false},"featured_media":13483,"template":"","meta":{"_acf_changed":false},"product_brand":[],"product_cat":[513],"product_tag":[],"class_list":{"0":"post-29191","1":"product","2":"type-product","3":"status-publish","4":"has-post-thumbnail","6":"product_cat-bols","7":"pa_motivo-maos","9":"first","10":"instock","11":"shipping-taxable","12":"product-type-simple"},"acf":[],"_links":{"self":[{"href":"https:\/\/olemosaic.orbitalia.org\/pt-pt\/wp-json\/wp\/v2\/product\/29191","targetHints":{"allow":["GET"]}}],"collection":[{"href":"https:\/\/olemosaic.orbitalia.org\/pt-pt\/wp-json\/wp\/v2\/product"}],"about":[{"href":"https:\/\/olemosaic.orbitalia.org\/pt-pt\/wp-json\/wp\/v2\/types\/product"}],"wp:featuredmedia":[{"embeddable":true,"href":"https:\/\/olemosaic.orbitalia.org\/pt-pt\/wp-json\/wp\/v2\/media\/13483"}],"wp:attachment":[{"href":"https:\/\/olemosaic.orbitalia.org\/pt-pt\/wp-json\/wp\/v2\/media?parent=29191"}],"wp:term":[{"taxonomy":"product_brand","embeddable":true,"href":"https:\/\/olemosaic.orbitalia.org\/pt-pt\/wp-json\/wp\/v2\/product_brand?post=29191"},{"taxonomy":"product_cat","embeddable":true,"href":"https:\/\/olemosaic.orbitalia.org\/pt-pt\/wp-json\/wp\/v2\/product_cat?post=29191"},{"taxonomy":"product_tag","embeddable":true,"href":"https:\/\/olemosaic.orbitalia.org\/pt-pt\/wp-json\/wp\/v2\/product_tag?post=29191"}],"curies":[{"name":"wp","href":"https:\/\/api.w.org\/{rel}","templated":true}]}}